{"id":4829,"date":"2025-03-15T11:29:43","date_gmt":"2025-03-15T11:29:43","guid":{"rendered":"https:\/\/packetcim.com\/?page_id=4829"},"modified":"2025-03-27T08:59:33","modified_gmt":"2025-03-27T08:59:33","slug":"dogayi-koru","status":"publish","type":"page","link":"https:\/\/packetcim.com\/en\/dogayi-koru\/","title":{"rendered":"Save The Nature"},"content":{"rendered":"<h2>\n\t\tSave The Nature\n\t<\/h2>\n\t<div class=\"ast-breadcrumbs-wrapper\">\r\n\t\t\t<div class=\"ast-breadcrumbs-inner\"><nav role=\"navigation\" aria-label=\"Breadcrumbs\" class=\"breadcrumb-trail breadcrumbs\" ><div class=\"ast-breadcrumbs\"><ul class=\"trail-items\" ><li  class=\"trail-item trail-end\"><span><a href=\"https:\/\/packetcim.com\/en\/\" rel=\"home\"><span >Home<\/span><\/a><\/span><\/li><\/ul><\/div><\/nav><\/div>\r\n\t\t<\/div>\n<h2>\n\t\tPLASTIC BAG BANNING LAWS <br \/>IS NOT LOGICAL SOLUTION!\n\t<\/h2>\n\t<p>Plastik po\u015fet kullan\u0131m\u0131yla ili\u015fkili sorunlara \u00e7\u00f6z\u00fcm plastik po\u015fetleri yasaklamak de\u011fil, daha iyi bir at\u0131k y\u00f6netimidir. Kat\u0131 at\u0131k y\u00f6netiminin (KAY) 3R&#8217;si &#8211; azaltma, yeniden kullanma ve geri d\u00f6n\u00fc\u015ft\u00fcrme &#8211; plastik po\u015fetler i\u00e7in daha uygun bir \u00e7\u00f6z\u00fcm olabilir. Plastik po\u015fet kullan\u0131m\u0131n\u0131 y\u00f6netmekten kast\u0131m\u0131z, onlar\u0131 tekrar tekrar kullan\u0131labilecek \u015fekilde nas\u0131l kullanaca\u011f\u0131n\u0131z\u0131 ve saklayaca\u011f\u0131n\u0131z\u0131 bilmek ve kullan\u0131m \u00f6m\u00fcrleri sona erdi\u011finde nas\u0131l geri d\u00f6n\u00fc\u015ft\u00fcrebilece\u011finizi bilmek anlam\u0131na gelir. Plastik po\u015fetlerin nas\u0131l kullan\u0131laca\u011f\u0131, bak\u0131m\u0131, yeniden kullan\u0131laca\u011f\u0131, geri kazan\u0131laca\u011f\u0131 ve geri d\u00f6n\u00fc\u015ft\u00fcr\u00fclece\u011fi konusunda k\u0131lavuzlara ihtiya\u00e7 duyulmaktad\u0131r ve ince plastik po\u015fetler i\u00e7in geri d\u00f6n\u00fc\u015f\u00fcm teknolojileri art\u0131k yayg\u0131n olarak mevcuttur.<\/p>\n<p>Alternatives instead of plastic bags may not be a solution on their own in order not to harm the environment.Indeed, if not properly managed, paper can be a worse polluter than plastic bags; it occupies nine times as much space in landfills, and does not break down substantially faster than plastic.<\/p>\n<p>ABD \u00c7evre Koruma Ajans\u0131&#8217;na g\u00f6re, k\u00e2\u011f\u0131t torbalar plastik torbalara k\u0131yasla % 70 daha fazla hava kirleticisi ve 50 kat daha fazla su kirleticisi \u00fcretiyor. \u00c7\u00fcnk\u00fc bunlar\u0131 \u00fcretmek i\u00e7in plastik po\u015fetten d\u00f6rt kat, geri d\u00f6n\u00fc\u015ft\u00fcrmek i\u00e7inse 85 kat daha fazla enerji gerekiyor.<\/p>\n<p>\u00c7evreye zarar veren \u015fey plastik po\u015fetlerin yanl\u0131\u015f kullan\u0131m\u0131 ve uygunsuz \u015fekilde at\u0131lmas\u0131d\u0131r, Plastik ambalaj\u0131n kendisi de\u011fil. Plastik po\u015fetlerin tamamen yasaklanmas\u0131, belirli bir \u00fclkede etkili bir \u00e7evre y\u00f6netim politikas\u0131n\u0131n olmamas\u0131n\u0131 \u00f6rtbas etmekten ba\u015fka bir i\u015fe yaramayacakt\u0131r. &#8216;F\u0131rlat-Gitsin&#8217; zihniyetinin olumsuz etkilerinden \u00e7evreyi kurtarmayacakt\u0131r.<\/p>\n<p>To understand the full spectrum of impacts and benefits of a particular bag, we need to analyze its life cycle. A life cycle analysis (LCA) looks at how much energy is used and<\/p>\n\t<style>\n    .container {\n        text-align: center;\n        position: relative;\n        margin-top: 170px;\n    }\n    \/* Po\u015fet sap\u0131 *\/\n    .handle {\n        position: absolute;\n        top: -330px;\n        left: 50%;\n        transform: translateX(-50%);\n    }\n    .text-item {\n        opacity: 0;\n        transform: translateY(20px);\n        text-transform: uppercase;\n        font-weight: 700;\n        font-family: Arial Black;\n        text-align: center;\n        display: flex;\n        justify-content: center;\n    }\n    .text-item span {\n        transition: color 0.5s ease-in-out;\n    }\n    .text-item-1 { font-size: 150px; animation: fadeUp 0.8s forwards; line-height: 0.65; }\n    .text-item-2 { font-size: 161px; animation: fadeUp 0.8s forwards; line-height: 0.8; }\n    .text-item-3 { font-size: 202px; animation: fadeUp 0.8s forwards; line-height: 0.65; }\n    .text-item-4 { font-size: 234px; animation: fadeUp 0.8s forwards; line-height: 0.77; }\n    \/* Renk de\u011fi\u015fimleri *\/\n    .text-item span:first-child { color: #00b266; } \/* \u0130lk harf koyu ye\u015fil *\/\n    .text-item span:not(:first-child) { color: #128395; } \/* Di\u011fer harfler a\u00e7\u0131k ye\u015fil *\/\n    .save-text {\n        font-size: 50px;\n        margin-top: 5px;\n        color: #128395;\n        animation: vibrate 0.5s infinite alternate;\n    }\n    @keyframes fadeUp {\n        to { opacity: 1; transform: translateY(0); }\n    }\n    @keyframes vibrate {\n        from { transform: translateX(-3px); }\n        to { transform: translateX(3px); }\n    }\n    \/* MOB\u0130L D\u00dcZENLEMELER\u0130 *\/\n    @media (max-width: 768px) {\n        .container {\n            margin-top: 80px; \/* Mobilde \u00fcst bo\u015flu\u011fu azalt *\/\n        }\n        .handle {\n            top: -240px; \/* Sap\u0131n yerini yukar\u0131 al *\/\n            width: 147px; \/* K\u00fc\u00e7\u00fclt *\/\n        }\n        .text-item-1 { font-size: 40px; } \n        .text-item-2 { font-size: 43px; } \n        .text-item-3 { font-size: 55px; } \n        .text-item-4 { font-size: 60px; } \n        .save-text { font-size: 14px; } \/* K\u00fc\u00e7\u00fclt *\/\n        .text-item {\n            transform: translateY(10px); \/* Metinleri biraz daha yukar\u0131 al *\/\n        }\n    }\n<\/style>\n<body>\n        <!-- Po\u015fet Sap\u0131 -->\n            Bring\n            Your\n            Own\n            Bag\n        Save Our Planet\n<\/body>\n\t<p>how many environmental impacts a product is responsible for at every stage of its life, from cradle to grave. This includes extracting the raw materials, refining them, manufacturing the product, packaging it for shipment, transporting and distributing it, its use and possible reuse, recycling and final disposal.<\/p>\n<p>Avrupa ve Kuzey Amerika&#8217;da yap\u0131lan ya\u015fam d\u00f6ng\u00fcs\u00fc \u00e7al\u0131\u015fmalar\u0131, genel olarak plastik po\u015fetlerin k\u00e2\u011f\u0131t veya yeniden kullan\u0131labilir kuma\u015f bazl\u0131 po\u015fetler \u00e7ok say\u0131da kullan\u0131lmad\u0131\u011f\u0131 s\u00fcrece \u00e7evre i\u00e7in daha iyi oldu\u011funu belirlemi\u015ftir. Ancak \u00e7o\u011fu ki\u015fi, plastik po\u015fetlerin en b\u00fcy\u00fck dezavantajlar\u0131ndan biri oldu\u011funu bildi\u011fimiz \u00e7\u00f6p sorununu hesaba katmamaktad\u0131r.<\/p>\n<p>In Research by the Northern Ireland Assembly,2011 ,\tManufacturing a paper bag takes about four times as much energy as it takes to produce a plastic bag, plus the chemicals and fertilizers used in producing paper bags create additional harm to the environment.<\/p>\n<p>Kulland\u0131\u011f\u0131m\u0131z ambalaj ister plastik, k\u00e2\u011f\u0131t, kuma\u015f, tela veya pamuk re\u00e7inede olsun \u00f6nemli de\u011fil. \u00d6nemli olan onu ne kadar uzun s\u00fcre kullanmam\u0131zd\u0131r. Al\u0131\u015fveri\u015fe veya markete giderken yan\u0131m\u0131za po\u015fet almay\u0131 unutmamak yasaklamaktan veya ekstra vergilendirmekten daha rasyonel bir \u00e7\u00f6z\u00fcm olacakt\u0131r.\u00a0 &#8221;<strong>Studies have shown that, for a paper bag to neutralize its environmental impact compared to plastic, it would have to be used anywhere from three to 43 times. Since paper bags are the least durable of all the bagging options, it is unlikely that a person would get enough use out of any one bag to even out the environmental impact.\nIt doesn\u2019t matter whether the packaging we use is plastic, paper, fabric, interlining or cotton resin. What matters is how long we use it. Remembering to take a plastic bag with us when we go shopping or to the market will be a more rational solution than banning or taxing it extra. We support the most common waste slogan of <b>\u201cBRING YOUR OWN BAGS\u201d as PACKETC\u0130M AMBALAJ.<\/a><\/strong>&#8221; en yayg\u0131n at\u0131k slogan\u0131n\u0131 <strong>PACKETC\u0130M AMBALAJ<\/strong> olarak destekliyoruz.<\/p>\n\t\t\t<a href=\"https:\/\/packetcim.com\/en\/iletisim\/\" target=\"_self\"   role=\"button\">\n\t\t\t\t\t\t\tContact us\n\t\t<\/a>\n\t<a href=\"https:\/\/packetcim.com\/en\/iletisim\/\" target=\"_self\" role=\"button\" aria-label=\"For more information, contact us\">\n\t\t\t\tDaha fazla bilgi i\u00e7in l\u00fctfen bizimle ileti\u015fime ge\u00e7in!\n\t\t\t\t\tAkl\u0131n\u0131za tak\u0131lan her \u015fey i\u00e7in l\u00fctfen bizimle ileti\u015fime ge\u00e7in, size destek olal\u0131m.\n\t\t\t<\/a>\n\t\t\t\t<img loading=\"lazy\" decoding=\"async\" src=\"https:\/\/packetcim.com\/wp-content\/uploads\/2025\/03\/packetcim-logo-02.png\" alt=\"packetcim-logo-02\" itemprop=\"image\" height=\"358\" width=\"1097\" title=\"packetcim-logo-02\" onerror=\"this.style.display='none'\"  \/>\n\t<p><strong>Packetcim<\/strong>\u00a0is a full-service, customer-focused packaging supply company. We are dedicated to providing superior products and service at an affordable price.<\/p>\n<h2>\n\t\tQuick Menu\n\t<\/h2>\n<h2>\n\t\tProduct Range\n\t<\/h2>\n<h2>\n\t\tContact\n\t<\/h2>\n\t<p>\u00a9 Copyright 2024 <strong>Packetcim Ambalaj<\/strong><\/p>\n\t<p>Web Design <strong><a href=\"http:\/\/www.artmedigital.com\">ArtMe Digital<\/a><a href=\"http:\/\/www.artmedigital.com\/\">\u00ae<\/a><\/strong><\/p>","protected":false},"excerpt":{"rendered":"<p>PLAST\u0130\u011e\u0130 YASAK KANUNU \u00c7\u00d6Z\u00dcM DE\u011e\u0130L! &hellip;<\/p>\n<p class=\"read-more\"> <a class=\"\" href=\"https:\/\/packetcim.com\/en\/dogayi-koru\/\"> <span class=\"screen-reader-text\">Save The Nature<\/span> Read More \u00bb<\/a><\/p>","protected":false},"author":13,"featured_media":0,"parent":0,"menu_order":0,"comment_status":"closed","ping_status":"closed","template":"","meta":{"site-sidebar-layout":"no-sidebar","site-content-layout":"page-builder","ast-global-header-display":"","ast-main-header-display":"","ast-hfb-above-header-display":"","ast-hfb-below-header-display":null,"ast-hfb-mobile-header-display":"","site-post-title":"disabled","ast-breadcrumbs-content":null,"ast-featured-img":"disabled","footer-sml-layout":"","theme-transparent-header-meta":"default","adv-header-id-meta":"","stick-header-meta":"default","header-above-stick-meta":"","header-main-stick-meta":"","header-below-stick-meta":null,"_joinchat":[],"footnotes":""},"class_list":["post-4829","page","type-page","status-publish","hentry"],"_links":{"self":[{"href":"https:\/\/packetcim.com\/en\/wp-json\/wp\/v2\/pages\/4829","targetHints":{"allow":["GET"]}}],"collection":[{"href":"https:\/\/packetcim.com\/en\/wp-json\/wp\/v2\/pages"}],"about":[{"href":"https:\/\/packetcim.com\/en\/wp-json\/wp\/v2\/types\/page"}],"author":[{"embeddable":true,"href":"https:\/\/packetcim.com\/en\/wp-json\/wp\/v2\/users\/13"}],"replies":[{"embeddable":true,"href":"https:\/\/packetcim.com\/en\/wp-json\/wp\/v2\/comments?post=4829"}],"version-history":[{"count":0,"href":"https:\/\/packetcim.com\/en\/wp-json\/wp\/v2\/pages\/4829\/revisions"}],"wp:attachment":[{"href":"https:\/\/packetcim.com\/en\/wp-json\/wp\/v2\/media?parent=4829"}],"curies":[{"name":"wp","href":"https:\/\/api.w.org\/{rel}","templated":true}]}}