{"id":4656,"date":"2025-03-12T09:40:05","date_gmt":"2025-03-12T09:40:05","guid":{"rendered":"https:\/\/packetcim.com\/?page_id=4656"},"modified":"2025-03-27T00:16:46","modified_gmt":"2025-03-27T00:16:46","slug":"silaj-strec-film","status":"publish","type":"page","link":"https:\/\/packetcim.com\/en\/urunlerimiz\/tarimsal-ambalaj\/silaj-strec-film\/","title":{"rendered":"Silaj Stre\u00e7 Film"},"content":{"rendered":"<h2>\n\t\tSilaj Stre\u00e7 Film\n\t<\/h2>\n\t<div class=\"ast-breadcrumbs-wrapper\">\r\n\t\t\t<div class=\"ast-breadcrumbs-inner\"><nav role=\"navigation\" aria-label=\"Breadcrumbs\" class=\"breadcrumb-trail breadcrumbs\" ><div class=\"ast-breadcrumbs\"><ul class=\"trail-items\" ><li  class=\"trail-item trail-end\"><span><a href=\"https:\/\/packetcim.com\/en\/\" rel=\"home\"><span >Home<\/span><\/a><\/span><\/li><\/ul><\/div><\/nav><\/div>\r\n\t\t<\/div>\n\t\t\t\t<img loading=\"lazy\" decoding=\"async\" src=\"https:\/\/packetcim.com\/wp-content\/uploads\/2025\/03\/silaj-strec-film.webp\" alt=\"silaj-strec-film\" itemprop=\"image\" height=\"720\" width=\"720\" title=\"silaj-strec-film\" onerror=\"this.style.display='none'\"  \/>\n<h2>\n\t\tSilaj Stre\u00e7 Film\n\t<\/h2>\n\t<p>3 Katl\u0131 ve 5 Katl\u0131 CO-EX makineleriyle \u00fcretimi ger\u00e7ekle\u015ftirilen silaj stre\u00e7, hayvan besicili\u011finde taze yemlerin hava ile temas\u0131 kesilerek, fermente edilirken tam koruma alt\u0131nda tutulmas\u0131 i\u00e7in kullan\u0131lan delinme direnci ve uzama miktar\u0131 y\u00fcksek filmlerdir. 5 katl\u0131 \u00fcretim teknolojisi ile \u00fcretilen filmler UV katk\u0131s\u0131 sayesinde y\u00fcksek dayan\u0131ma sahiptir. En uygun fermantasyonu sa\u011flayabilmek i\u00e7in m\u00fckemmel yap\u0131\u015fma mukavemeti vard\u0131r. Hava ve nem i\u00e7in geli\u015ftirilmi\u015f s\u0131zd\u0131rmazl\u0131k \u00f6zelli\u011fine sahiptir. \u00d6zel UV stabiliz\u00f6r\u00fc ile zararl\u0131 g\u00fcne\u015f \u0131\u015f\u0131nlar\u0131na 12 ay dayan\u0131kl\u0131d\u0131r. Y\u00fcksek darbe, y\u0131rt\u0131lma ve delinme mukavemeti vard\u0131r. Her t\u00fcrl\u00fc hava \u015fartlar\u0131na dayan\u0131kl\u0131, bozulmayan ve geni\u015flemeyen plastik bobin \u00f6zelli\u011fi bulunur. Her tip sar\u0131m makinesine ve farkl\u0131 t\u00fcr balya sar\u0131m\u0131na uyumludur. Balya yap\u0131lan her \u00fcr\u00fcnde kullan\u0131lmaktad\u0131r.(Saman, yonca, m\u0131s\u0131r, k\u00fcspe vs.) %100 geri d\u00f6n\u00fc\u015ft\u00fcr\u00fclebilir<\/p>\nHammadde:  LLDPE malzeme ve renk se\u00e7enekleri Firmam\u0131z b\u00fcnyesinde \u00fcretilebilen coex olarak \u00fcretilmektedir<br \/>\nEbat: En; 50 cm ve 75 cm olarak \u00fcretim yap\u0131labilir.<br \/>\nLength; Requested length is possible<br \/>\nKal\u0131nl\u0131k: 23-25 mikronlarda \u00fcretim yap\u0131labilmektedir.<br \/>\nOrijinal veya rejenere orijinal kombinasyonlu malzeme se\u00e7enekleri<br \/>\nHammadde t\u00fcr\u00fc: LLDPE malzeme ve renk se\u00e7enekleri\n\t<a href=\"https:\/\/packetcim.com\/en\/iletisim\/\" target=\"_self\" role=\"button\" aria-label=\"For more information, contact us\">\n\t\t\t\tDaha fazla bilgi i\u00e7in l\u00fctfen bizimle ileti\u015fime ge\u00e7in!\n\t\t\t\t\tAkl\u0131n\u0131za tak\u0131lan her \u015fey i\u00e7in l\u00fctfen bizimle ileti\u015fime ge\u00e7in, size destek olal\u0131m.\n\t\t\t<\/a>\n\t\t\t\t<img loading=\"lazy\" decoding=\"async\" src=\"https:\/\/packetcim.com\/wp-content\/uploads\/2025\/03\/packetcim-logo-02.png\" alt=\"packetcim-logo-02\" itemprop=\"image\" height=\"358\" width=\"1097\" title=\"packetcim-logo-02\" onerror=\"this.style.display='none'\"  \/>\n\t<p><strong>Packetcim<\/strong>\u00a0is a full-service, customer-focused packaging supply company. We are dedicated to providing superior products and service at an affordable price.<\/p>\n<h2>\n\t\tQuick Menu\n\t<\/h2>\n<h2>\n\t\tProduct Range\n\t<\/h2>\n<h2>\n\t\tContact\n\t<\/h2>\n\t<p>\u00a9 Copyright 2024 <strong>Packetcim Ambalaj<\/strong><\/p>\n\t<p>Web Design <strong><a href=\"http:\/\/www.artmedigital.com\">ArtMe Digital<\/a><a href=\"http:\/\/www.artmedigital.com\/\">\u00ae<\/a><\/strong><\/p>","protected":false},"excerpt":{"rendered":"<p>3 Katl\u0131 ve 5 Katl\u0131 &hellip;<\/p>\n<p class=\"read-more\"> <a class=\"\" href=\"https:\/\/packetcim.com\/en\/urunlerimiz\/tarimsal-ambalaj\/silaj-strec-film\/\"> <span class=\"screen-reader-text\">Silaj Stre\u00e7 Film<\/span> Read More \u00bb<\/a><\/p>","protected":false},"author":13,"featured_media":5082,"parent":3669,"menu_order":0,"comment_status":"closed","ping_status":"closed","template":"","meta":{"site-sidebar-layout":"no-sidebar","site-content-layout":"page-builder","ast-global-header-display":"","ast-main-header-display":"","ast-hfb-above-header-display":"","ast-hfb-below-header-display":"","ast-hfb-mobile-header-display":"","site-post-title":"disabled","ast-breadcrumbs-content":"","ast-featured-img":"disabled","footer-sml-layout":"","theme-transparent-header-meta":"default","adv-header-id-meta":"","stick-header-meta":"default","header-above-stick-meta":"","header-main-stick-meta":"","header-below-stick-meta":"","_joinchat":[],"footnotes":""},"class_list":["post-4656","page","type-page","status-publish","has-post-thumbnail","hentry"],"_links":{"self":[{"href":"https:\/\/packetcim.com\/en\/wp-json\/wp\/v2\/pages\/4656","targetHints":{"allow":["GET"]}}],"collection":[{"href":"https:\/\/packetcim.com\/en\/wp-json\/wp\/v2\/pages"}],"about":[{"href":"https:\/\/packetcim.com\/en\/wp-json\/wp\/v2\/types\/page"}],"author":[{"embeddable":true,"href":"https:\/\/packetcim.com\/en\/wp-json\/wp\/v2\/users\/13"}],"replies":[{"embeddable":true,"href":"https:\/\/packetcim.com\/en\/wp-json\/wp\/v2\/comments?post=4656"}],"version-history":[{"count":0,"href":"https:\/\/packetcim.com\/en\/wp-json\/wp\/v2\/pages\/4656\/revisions"}],"up":[{"embeddable":true,"href":"https:\/\/packetcim.com\/en\/wp-json\/wp\/v2\/pages\/3669"}],"wp:featuredmedia":[{"embeddable":true,"href":"https:\/\/packetcim.com\/en\/wp-json\/wp\/v2\/media\/5082"}],"wp:attachment":[{"href":"https:\/\/packetcim.com\/en\/wp-json\/wp\/v2\/media?parent=4656"}],"curies":[{"name":"wp","href":"https:\/\/api.w.org\/{rel}","templated":true}]}}