{"id":4501,"date":"2025-03-05T22:38:55","date_gmt":"2025-03-05T22:38:55","guid":{"rendered":"https:\/\/packetcim.com\/?page_id=4501"},"modified":"2025-03-27T08:29:00","modified_gmt":"2025-03-27T08:29:00","slug":"ffs-film-torba","status":"publish","type":"page","link":"https:\/\/packetcim.com\/en\/urunlerimiz\/tarimsal-ambalaj\/ffs-film-torba\/","title":{"rendered":"FFS Film-Bag"},"content":{"rendered":"<h2>\n\t\tFFS Film-Bag\n\t<\/h2>\n\t<div class=\"ast-breadcrumbs-wrapper\">\r\n\t\t\t<div class=\"ast-breadcrumbs-inner\"><nav role=\"navigation\" aria-label=\"Breadcrumbs\" class=\"breadcrumb-trail breadcrumbs\" ><div class=\"ast-breadcrumbs\"><ul class=\"trail-items\" ><li  class=\"trail-item trail-end\"><span><a href=\"https:\/\/packetcim.com\/en\/\" rel=\"home\"><span >Home<\/span><\/a><\/span><\/li><\/ul><\/div><\/nav><\/div>\r\n\t\t<\/div>\n\t\t\t\t<img loading=\"lazy\" decoding=\"async\" src=\"https:\/\/packetcim.com\/wp-content\/uploads\/2025\/03\/ffs-torba.webp\" alt=\"ffs-torba\" itemprop=\"image\" height=\"1000\" width=\"1000\" title=\"ffs-torba\" onerror=\"this.style.display='none'\"  \/>\n<h2>\n\t\tFFS Film-Bag\n\t<\/h2>\n\t<p>FFS film is a flat polyethylene film distributed in reels and optimized for heavy automated packing machines.<br>\nFFS films have proven to be a great replacement of sack packaging. It is mainly a packageless system which has replaced the traditional packaging approach in which trays were used. A single packaging machine gets the job done for Forming, Filling and Sealing and it runs automatically. FFS film is mainly used to automatically fill almost 2800 bags in one hour.<\/p>\nBask\u0131: Yaprak ise 10 renge kadar e\u011fer k\u00f6r\u00fckl\u00fc hortum veya hortum ise 4 renge kadar flekso bask\u0131 yap\u0131lmaktad\u0131r.<br \/>\nHammadde:  LDPE, MDPE veya laminasyonlu malzeme ve renk se\u00e7enekleri Firmam\u0131z b\u00fcnyesinde \u00fcretilebilen coex olarak yap\u0131labilmektedir<br \/>\nEbat: En; 35-85 cm aras\u0131nda \u00fcretim yap\u0131labilir.<br \/>\nLength; Requested length is possible<br \/>\nKal\u0131nl\u0131k: Minimum 100 mikron olmak \u00fczere \u00fcretim yap\u0131labilmektedir.<br \/>\nperforasyon : gofraj veya mikroperforasyon m\u00fc\u015fteri talebine g\u00f6re yap\u0131labilir.<br \/>\n\u00dcstten kapak katlamal\u0131 veya kapaks\u0131z \u00fcretim mevcuttur.<br \/>\nKulp rengi se\u00e7eneklerimiz mevcuttur.<br \/>\nVirgin, Recycled  raw material or Recycled content material options are available<br \/>\nHammadde t\u00fcr\u00fc: LDPE, MDPE veya laminasyonlu malzeme ve renk se\u00e7enekleri\n\t<a href=\"https:\/\/packetcim.com\/en\/iletisim\/\" target=\"_self\" role=\"button\" aria-label=\"For more information, contact us\">\n\t\t\t\tDaha fazla bilgi i\u00e7in l\u00fctfen bizimle ileti\u015fime ge\u00e7in!\n\t\t\t\t\tAkl\u0131n\u0131za tak\u0131lan her \u015fey i\u00e7in l\u00fctfen bizimle ileti\u015fime ge\u00e7in, size destek olal\u0131m.\n\t\t\t<\/a>\n\t\t\t\t<img loading=\"lazy\" decoding=\"async\" src=\"https:\/\/packetcim.com\/wp-content\/uploads\/2025\/03\/packetcim-logo-02.png\" alt=\"packetcim-logo-02\" itemprop=\"image\" height=\"358\" width=\"1097\" title=\"packetcim-logo-02\" onerror=\"this.style.display='none'\"  \/>\n\t<p><strong>Packetcim<\/strong>\u00a0is a full-service, customer-focused packaging supply company. We are dedicated to providing superior products and service at an affordable price.<\/p>\n<h2>\n\t\tQuick Menu\n\t<\/h2>\n<h2>\n\t\tProduct Range\n\t<\/h2>\n<h2>\n\t\tContact\n\t<\/h2>\n\t<p>\u00a9 Copyright 2024 <strong>Packetcim Ambalaj<\/strong><\/p>\n\t<p>Web Design <strong><a href=\"http:\/\/www.artmedigital.com\">ArtMe Digital<\/a><a href=\"http:\/\/www.artmedigital.com\/\">\u00ae<\/a><\/strong><\/p>","protected":false},"excerpt":{"rendered":"<p>FFS (Form-Fill-Seal) torba, bir ambalajlama &hellip;<\/p>\n<p class=\"read-more\"> <a class=\"\" href=\"https:\/\/packetcim.com\/en\/urunlerimiz\/tarimsal-ambalaj\/ffs-film-torba\/\"> <span class=\"screen-reader-text\">FFS Film-Bag<\/span> Read More \u00bb<\/a><\/p>","protected":false},"author":13,"featured_media":5052,"parent":3669,"menu_order":0,"comment_status":"closed","ping_status":"closed","template":"","meta":{"site-sidebar-layout":"no-sidebar","site-content-layout":"page-builder","ast-global-header-display":"","ast-main-header-display":"","ast-hfb-above-header-display":null,"ast-hfb-below-header-display":null,"ast-hfb-mobile-header-display":"","site-post-title":"disabled","ast-breadcrumbs-content":null,"ast-featured-img":"disabled","footer-sml-layout":"","theme-transparent-header-meta":"default","adv-header-id-meta":"","stick-header-meta":"default","header-above-stick-meta":null,"header-main-stick-meta":"","header-below-stick-meta":null,"_joinchat":[],"footnotes":""},"class_list":["post-4501","page","type-page","status-publish","has-post-thumbnail","hentry"],"_links":{"self":[{"href":"https:\/\/packetcim.com\/en\/wp-json\/wp\/v2\/pages\/4501","targetHints":{"allow":["GET"]}}],"collection":[{"href":"https:\/\/packetcim.com\/en\/wp-json\/wp\/v2\/pages"}],"about":[{"href":"https:\/\/packetcim.com\/en\/wp-json\/wp\/v2\/types\/page"}],"author":[{"embeddable":true,"href":"https:\/\/packetcim.com\/en\/wp-json\/wp\/v2\/users\/13"}],"replies":[{"embeddable":true,"href":"https:\/\/packetcim.com\/en\/wp-json\/wp\/v2\/comments?post=4501"}],"version-history":[{"count":0,"href":"https:\/\/packetcim.com\/en\/wp-json\/wp\/v2\/pages\/4501\/revisions"}],"up":[{"embeddable":true,"href":"https:\/\/packetcim.com\/en\/wp-json\/wp\/v2\/pages\/3669"}],"wp:featuredmedia":[{"embeddable":true,"href":"https:\/\/packetcim.com\/en\/wp-json\/wp\/v2\/media\/5052"}],"wp:attachment":[{"href":"https:\/\/packetcim.com\/en\/wp-json\/wp\/v2\/media?parent=4501"}],"curies":[{"name":"wp","href":"https:\/\/api.w.org\/{rel}","templated":true}]}}