{"id":4500,"date":"2025-03-05T22:38:13","date_gmt":"2025-03-05T22:38:13","guid":{"rendered":"https:\/\/packetcim.com\/?page_id=4500"},"modified":"2025-03-27T08:28:36","modified_gmt":"2025-03-27T08:28:36","slug":"malc-film","status":"publish","type":"page","link":"https:\/\/packetcim.com\/en\/urunlerimiz\/tarimsal-ambalaj\/malc-film\/","title":{"rendered":"Mulch Film"},"content":{"rendered":"<h2>\n\t\tMulch Film\n\t<\/h2>\n\t<div class=\"ast-breadcrumbs-wrapper\">\r\n\t\t\t<div class=\"ast-breadcrumbs-inner\"><nav role=\"navigation\" aria-label=\"Breadcrumbs\" class=\"breadcrumb-trail breadcrumbs\" ><div class=\"ast-breadcrumbs\"><ul class=\"trail-items\" ><li  class=\"trail-item trail-end\"><span><a href=\"https:\/\/packetcim.com\/en\/\" rel=\"home\"><span >Home<\/span><\/a><\/span><\/li><\/ul><\/div><\/nav><\/div>\r\n\t\t<\/div>\n\t\t\t\t<img loading=\"lazy\" decoding=\"async\" src=\"https:\/\/packetcim.com\/wp-content\/uploads\/2025\/03\/malc-film.webp\" alt=\"malc-film\" itemprop=\"image\" height=\"720\" width=\"720\" title=\"malc-film\" onerror=\"this.style.display='none'\"  \/>\n<h2>\n\t\tMulch Film\n\t<\/h2>\n\t<p>Mulch films are widely used as soil cover. It preserves the humidity of the soil throughout the planting field, prevents growing weeds, and keeps vegetables and fruits clean by preventing direct touch with the soil. Accordingly, it prevents spreading diseases and , allows plant roots to grow faster and healthier by controlling the soil temperature .Mulch films are suitable for many plants, especially vegetables (e.g. tomatoes, peppers, eggplants), fruits (e.g. strawberries, grapes), flowers and herbs. The type and thickness of mulch film  may vary for each plant type.<\/p>\nHammadde:  LDPE malzeme ve renk se\u00e7enekleri Firmam\u0131z b\u00fcnyesinde \u00fcretilebilen coex olarak \u00fcretilmektedir<br \/>\nEbat: En;  \u0130stenilen \u00f6l\u00e7\u00fcde \u00fcretim yap\u0131labilir.<br \/>\nLength; Requested length is possible<br \/>\nKal\u0131nl\u0131k: Mal\u00e7 Filmlerimiz talep ve toprak yap\u0131s\u0131na g\u00f6re 20 ila 50 micron aras\u0131nda \u00fcretilmektedir.<br \/>\nOrijinal veya rejenere orijinal kombinasyonlu malzeme se\u00e7enekleri<br \/>\nHammadde t\u00fcr\u00fc: LDPE malzeme ve Beyaz Kahverengi Ye\u015fil Mavi K\u0131rm\u0131z\u0131 Siyah ve G\u00fcm\u00fc\u015f ve \u015eeffaf renk se\u00e7enekleri\n\t<a href=\"https:\/\/packetcim.com\/en\/iletisim\/\" target=\"_self\" role=\"button\" aria-label=\"For more information, contact us\">\n\t\t\t\tDaha fazla bilgi i\u00e7in l\u00fctfen bizimle ileti\u015fime ge\u00e7in!\n\t\t\t\t\tAkl\u0131n\u0131za tak\u0131lan her \u015fey i\u00e7in l\u00fctfen bizimle ileti\u015fime ge\u00e7in, size destek olal\u0131m.\n\t\t\t<\/a>\n\t\t\t\t<img loading=\"lazy\" decoding=\"async\" src=\"https:\/\/packetcim.com\/wp-content\/uploads\/2025\/03\/packetcim-logo-02.png\" alt=\"packetcim-logo-02\" itemprop=\"image\" height=\"358\" width=\"1097\" title=\"packetcim-logo-02\" onerror=\"this.style.display='none'\"  \/>\n\t<p><strong>Packetcim<\/strong>\u00a0is a full-service, customer-focused packaging supply company. We are dedicated to providing superior products and service at an affordable price.<\/p>\n<h2>\n\t\tQuick Menu\n\t<\/h2>\n<h2>\n\t\tProduct Range\n\t<\/h2>\n<h2>\n\t\tContact\n\t<\/h2>\n\t<p>\u00a9 Copyright 2024 <strong>Packetcim Ambalaj<\/strong><\/p>\n\t<p>Web Design <strong><a href=\"http:\/\/www.artmedigital.com\">ArtMe Digital<\/a><a href=\"http:\/\/www.artmedigital.com\/\">\u00ae<\/a><\/strong><\/p>","protected":false},"excerpt":{"rendered":"<p>Mal\u00e7 filmleri, toprak \u00f6rt\u00fcs\u00fc olarak &hellip;<\/p>\n<p class=\"read-more\"> <a class=\"\" href=\"https:\/\/packetcim.com\/en\/urunlerimiz\/tarimsal-ambalaj\/malc-film\/\"> <span class=\"screen-reader-text\">Mulch Film<\/span> Read More \u00bb<\/a><\/p>","protected":false},"author":13,"featured_media":5066,"parent":3669,"menu_order":0,"comment_status":"closed","ping_status":"closed","template":"","meta":{"site-sidebar-layout":"no-sidebar","site-content-layout":"page-builder","ast-global-header-display":"","ast-main-header-display":"","ast-hfb-above-header-display":null,"ast-hfb-below-header-display":null,"ast-hfb-mobile-header-display":"","site-post-title":"disabled","ast-breadcrumbs-content":null,"ast-featured-img":"disabled","footer-sml-layout":"","theme-transparent-header-meta":"default","adv-header-id-meta":"","stick-header-meta":"default","header-above-stick-meta":null,"header-main-stick-meta":"","header-below-stick-meta":null,"_joinchat":[],"footnotes":""},"class_list":["post-4500","page","type-page","status-publish","has-post-thumbnail","hentry"],"_links":{"self":[{"href":"https:\/\/packetcim.com\/en\/wp-json\/wp\/v2\/pages\/4500","targetHints":{"allow":["GET"]}}],"collection":[{"href":"https:\/\/packetcim.com\/en\/wp-json\/wp\/v2\/pages"}],"about":[{"href":"https:\/\/packetcim.com\/en\/wp-json\/wp\/v2\/types\/page"}],"author":[{"embeddable":true,"href":"https:\/\/packetcim.com\/en\/wp-json\/wp\/v2\/users\/13"}],"replies":[{"embeddable":true,"href":"https:\/\/packetcim.com\/en\/wp-json\/wp\/v2\/comments?post=4500"}],"version-history":[{"count":0,"href":"https:\/\/packetcim.com\/en\/wp-json\/wp\/v2\/pages\/4500\/revisions"}],"up":[{"embeddable":true,"href":"https:\/\/packetcim.com\/en\/wp-json\/wp\/v2\/pages\/3669"}],"wp:featuredmedia":[{"embeddable":true,"href":"https:\/\/packetcim.com\/en\/wp-json\/wp\/v2\/media\/5066"}],"wp:attachment":[{"href":"https:\/\/packetcim.com\/en\/wp-json\/wp\/v2\/media?parent=4500"}],"curies":[{"name":"wp","href":"https:\/\/api.w.org\/{rel}","templated":true}]}}