{"id":4499,"date":"2025-03-05T22:38:03","date_gmt":"2025-03-05T22:38:03","guid":{"rendered":"https:\/\/packetcim.com\/?page_id=4499"},"modified":"2025-03-27T08:28:05","modified_gmt":"2025-03-27T08:28:05","slug":"silaj-ortusu","status":"publish","type":"page","link":"https:\/\/packetcim.com\/en\/urunlerimiz\/tarimsal-ambalaj\/silaj-ortusu\/","title":{"rendered":"Silage Cover"},"content":{"rendered":"<h2>\n\t\tSilage Cover\n\t<\/h2>\n\t<div class=\"ast-breadcrumbs-wrapper\">\r\n\t\t\t<div class=\"ast-breadcrumbs-inner\"><nav role=\"navigation\" aria-label=\"Breadcrumbs\" class=\"breadcrumb-trail breadcrumbs\" ><div class=\"ast-breadcrumbs\"><ul class=\"trail-items\" ><li  class=\"trail-item trail-end\"><span><a href=\"https:\/\/packetcim.com\/en\/\" rel=\"home\"><span >Home<\/span><\/a><\/span><\/li><\/ul><\/div><\/nav><\/div>\r\n\t\t<\/div>\n\t\t\t\t<img loading=\"lazy\" decoding=\"async\" src=\"https:\/\/packetcim.com\/wp-content\/uploads\/2025\/03\/silaj-ortusu.webp\" alt=\"silaj-ortusu\" itemprop=\"image\" height=\"1000\" width=\"1000\" title=\"silaj-ortusu\" onerror=\"this.style.display='none'\"  \/>\n<h2>\n\t\tSilage Cover\n\t<\/h2>\n\t<p>Hayvanc\u0131l\u0131k ve s\u00fct s\u0131\u011f\u0131rc\u0131l\u0131\u011f\u0131nda hayvanlar\u0131n taze yem ihtiya\u00e7lar\u0131n\u0131 kar\u015f\u0131lamak \u00fczere yap\u0131lan silaj\u0131 d\u0131\u015f etkenlerden korumak i\u00e7in \u00fcretilmi\u015f bir \u00f6rt\u00fcd\u00fcr. Sezonluk kullan\u0131ma uygundur. Beyaz\/Siyah renklerde AB+AO+UV katk\u0131l\u0131, 150-200 mikron kal\u0131nl\u0131\u011f\u0131nda \u00fcretilir. Besi ve s\u00fct hayvanc\u0131l\u0131\u011f\u0131nda, hayvanlar\u0131n taze yem ihtiya\u00e7lar\u0131n\u0131 kar\u015f\u0131lamak amac\u0131yla silaj\u0131 d\u0131\u015f etkenlerden korumak i\u00e7in \u00fcretilir. Y\u00fcksek mekanik mukavemet de\u011ferlerine sahiptir. I\u015f\u0131k ge\u00e7irgenli\u011fi %0&#8217;d\u0131r. I\u015f\u0131k ge\u00e7irmez. S\u0131zd\u0131rmazl\u0131k \u00f6zelli\u011fine sahiptir. Silaj s\u00fcresince \u00f6zelli\u011fini korur. UV Stabilizer katk\u0131l\u0131d\u0131r. Uzun \u00f6m\u00fcrl\u00fcd\u00fcr. Silaj\u0131 korumak i\u00e7in kullan\u0131lan \u00f6rt\u00fcler y\u00fcksek mekanik mukavemet de\u011ferlerine sahiptir.<\/p>\nHammadde:  LDPE malzeme ve renk se\u00e7enekleri Firmam\u0131z b\u00fcnyesinde \u00fcretilebilen coex olarak \u00fcretilmektedir<br \/>\nEbat: En; 2-16 metre aras\u0131nda \u00fcretim yap\u0131labilir.<br \/>\nLength; Requested length is possible<br \/>\nKal\u0131nl\u0131k: \u0130stenilen mikronlarda \u00fcretim yap\u0131labilmektedir.<br \/>\nOrijinal veya rejenere orijinal kombinasyonlu malzeme se\u00e7enekleri<br \/>\nRaw material type: LDPE material and color options\n\t<a href=\"https:\/\/packetcim.com\/en\/iletisim\/\" target=\"_self\" role=\"button\" aria-label=\"For more information, contact us\">\n\t\t\t\tDaha fazla bilgi i\u00e7in l\u00fctfen bizimle ileti\u015fime ge\u00e7in!\n\t\t\t\t\tAkl\u0131n\u0131za tak\u0131lan her \u015fey i\u00e7in l\u00fctfen bizimle ileti\u015fime ge\u00e7in, size destek olal\u0131m.\n\t\t\t<\/a>\n\t\t\t\t<img loading=\"lazy\" decoding=\"async\" src=\"https:\/\/packetcim.com\/wp-content\/uploads\/2025\/03\/packetcim-logo-02.png\" alt=\"packetcim-logo-02\" itemprop=\"image\" height=\"358\" width=\"1097\" title=\"packetcim-logo-02\" onerror=\"this.style.display='none'\"  \/>\n\t<p><strong>Packetcim<\/strong>\u00a0is a full-service, customer-focused packaging supply company. We are dedicated to providing superior products and service at an affordable price.<\/p>\n<h2>\n\t\tQuick Menu\n\t<\/h2>\n<h2>\n\t\tProduct Range\n\t<\/h2>\n<h2>\n\t\tContact\n\t<\/h2>\n\t<p>\u00a9 Copyright 2024 <strong>Packetcim Ambalaj<\/strong><\/p>\n\t<p>Web Design <strong><a href=\"http:\/\/www.artmedigital.com\">ArtMe Digital<\/a><a href=\"http:\/\/www.artmedigital.com\/\">\u00ae<\/a><\/strong><\/p>","protected":false},"excerpt":{"rendered":"<p>Hayvanc\u0131l\u0131k ve s\u00fct s\u0131\u011f\u0131rc\u0131l\u0131\u011f\u0131nda hayvanlar\u0131n &hellip;<\/p>\n<p class=\"read-more\"> <a class=\"\" href=\"https:\/\/packetcim.com\/en\/urunlerimiz\/tarimsal-ambalaj\/silaj-ortusu\/\"> <span class=\"screen-reader-text\">Silage Cover<\/span> Read More \u00bb<\/a><\/p>","protected":false},"author":13,"featured_media":5081,"parent":3669,"menu_order":0,"comment_status":"closed","ping_status":"closed","template":"","meta":{"site-sidebar-layout":"no-sidebar","site-content-layout":"page-builder","ast-global-header-display":"","ast-main-header-display":"","ast-hfb-above-header-display":null,"ast-hfb-below-header-display":null,"ast-hfb-mobile-header-display":"","site-post-title":"disabled","ast-breadcrumbs-content":null,"ast-featured-img":"disabled","footer-sml-layout":"","theme-transparent-header-meta":"default","adv-header-id-meta":"","stick-header-meta":"default","header-above-stick-meta":null,"header-main-stick-meta":"","header-below-stick-meta":null,"_joinchat":[],"footnotes":""},"class_list":["post-4499","page","type-page","status-publish","has-post-thumbnail","hentry"],"_links":{"self":[{"href":"https:\/\/packetcim.com\/en\/wp-json\/wp\/v2\/pages\/4499","targetHints":{"allow":["GET"]}}],"collection":[{"href":"https:\/\/packetcim.com\/en\/wp-json\/wp\/v2\/pages"}],"about":[{"href":"https:\/\/packetcim.com\/en\/wp-json\/wp\/v2\/types\/page"}],"author":[{"embeddable":true,"href":"https:\/\/packetcim.com\/en\/wp-json\/wp\/v2\/users\/13"}],"replies":[{"embeddable":true,"href":"https:\/\/packetcim.com\/en\/wp-json\/wp\/v2\/comments?post=4499"}],"version-history":[{"count":0,"href":"https:\/\/packetcim.com\/en\/wp-json\/wp\/v2\/pages\/4499\/revisions"}],"up":[{"embeddable":true,"href":"https:\/\/packetcim.com\/en\/wp-json\/wp\/v2\/pages\/3669"}],"wp:featuredmedia":[{"embeddable":true,"href":"https:\/\/packetcim.com\/en\/wp-json\/wp\/v2\/media\/5081"}],"wp:attachment":[{"href":"https:\/\/packetcim.com\/en\/wp-json\/wp\/v2\/media?parent=4499"}],"curies":[{"name":"wp","href":"https:\/\/api.w.org\/{rel}","templated":true}]}}