{"id":4496,"date":"2025-03-05T22:36:46","date_gmt":"2025-03-05T22:36:46","guid":{"rendered":"https:\/\/packetcim.com\/?page_id=4496"},"modified":"2025-03-27T08:27:42","modified_gmt":"2025-03-27T08:27:42","slug":"sera-ortusu","status":"publish","type":"page","link":"https:\/\/packetcim.com\/en\/urunlerimiz\/tarimsal-ambalaj\/sera-ortusu\/","title":{"rendered":"Greenhouse Film"},"content":{"rendered":"<h2>\n\t\tGreenhouse Film\n\t<\/h2>\n\t<div class=\"ast-breadcrumbs-wrapper\">\r\n\t\t\t<div class=\"ast-breadcrumbs-inner\"><nav role=\"navigation\" aria-label=\"Breadcrumbs\" class=\"breadcrumb-trail breadcrumbs\" ><div class=\"ast-breadcrumbs\"><ul class=\"trail-items\" ><li  class=\"trail-item trail-end\"><span><a href=\"https:\/\/packetcim.com\/en\/\" rel=\"home\"><span >Home<\/span><\/a><\/span><\/li><\/ul><\/div><\/nav><\/div>\r\n\t\t<\/div>\n\t\t\t\t<img loading=\"lazy\" decoding=\"async\" src=\"https:\/\/packetcim.com\/wp-content\/uploads\/2025\/03\/sera-ortusu.webp\" alt=\"sera-ortusu\" itemprop=\"image\" height=\"1000\" width=\"1000\" title=\"sera-ortusu\" onerror=\"this.style.display='none'\"  \/>\n<h2>\n\t\tGreenhouse Film\n\t<\/h2>\n\t<p>Greenhouses are special building where the growing conditions of fruits or vegatables are kept at an optimum level during periods when the season is out of for  fruits or vegatables, and where growing factors such as temparature, sunlight, humidity and air put in control. Greenhouse films take important place between agricultural films. The characteristics of greenhouse films vary according to their planned plants  and the radiation level by the field where they will be growed.Thus ,the additives put in the greenhouse film and their thickness are important. It is possible to produce greenhouse films with of  plants  you plan to grow and number of seasons you planned to be utilized.Especially, the  UV additives is determined by the the planned utilization period of the greenhouse film. According to the utilization periods; we have greenhouse film varieties manufactured with multi-layered extrusion (coex) technology as 9 months, 12 months (1 season), 18 months, 24 (2 seasons) months, 30 months, 36 months (3 seasons) and 60 months (5 seasons). Additive and raw material types vary depending on the regions and customer requests. In greenhouse films, Farmers should pay attention especially to the explanation labels on the outer packaging, which assumes as a warranty condition. Greenhouse  films aim to enable  growers with the possibility to grow SUPERIOR QUALITY vegatables and fruits  and get EFFICIENT HARVEST and HIGH PROFIT.<\/p>\nHammadde:  LDPE malzeme ve renk se\u00e7enekleri Firmam\u0131z b\u00fcnyesinde \u00fcretilebilen coex olarak \u00fcretilmektedir<br \/>\nEbat: En; 2-16 metre aras\u0131nda \u00fcretim yap\u0131labilir.<br \/>\nLength; Requested length is possible<br \/>\nKal\u0131nl\u0131k: \u0130stenilen mikronlarda \u00fcretim yap\u0131labilmektedir.<br \/>\nKatk\u0131: UV (Ultra Violet) Katk\u0131s\u0131,IR (Infra Red) Katk\u0131s\u0131, AB (Anti Bacterial) Katk\u0131s\u0131,EVA (Ethylene Vinyl Acetate) Katk\u0131s\u0131,LD (Light Diffuser) Katk\u0131s\u0131 , AD-AF (Anti Drip-Anti Fog) Katk\u0131s\u0131, SR Katk\u0131s\u0131 ,UV Block (UV Absorve) Katk\u0131s\u0131<br \/>\nOrijinal veya rejenere orijinal kombinasyonlu malzeme se\u00e7enekleri<br \/>\nRaw material type: LDPE material and color options\n\t<a href=\"https:\/\/packetcim.com\/en\/iletisim\/\" target=\"_self\" role=\"button\" aria-label=\"For more information, contact us\">\n\t\t\t\tDaha fazla bilgi i\u00e7in l\u00fctfen bizimle ileti\u015fime ge\u00e7in!\n\t\t\t\t\tAkl\u0131n\u0131za tak\u0131lan her \u015fey i\u00e7in l\u00fctfen bizimle ileti\u015fime ge\u00e7in, size destek olal\u0131m.\n\t\t\t<\/a>\n\t\t\t\t<img loading=\"lazy\" decoding=\"async\" src=\"https:\/\/packetcim.com\/wp-content\/uploads\/2025\/03\/packetcim-logo-02.png\" alt=\"packetcim-logo-02\" itemprop=\"image\" height=\"358\" width=\"1097\" title=\"packetcim-logo-02\" onerror=\"this.style.display='none'\"  \/>\n\t<p><strong>Packetcim<\/strong>\u00a0is a full-service, customer-focused packaging supply company. We are dedicated to providing superior products and service at an affordable price.<\/p>\n<h2>\n\t\tQuick Menu\n\t<\/h2>\n<h2>\n\t\tProduct Range\n\t<\/h2>\n<h2>\n\t\tContact\n\t<\/h2>\n\t<p>\u00a9 Copyright 2024 <strong>Packetcim Ambalaj<\/strong><\/p>\n\t<p>Web Design <strong><a href=\"http:\/\/www.artmedigital.com\">ArtMe Digital<\/a><a href=\"http:\/\/www.artmedigital.com\/\">\u00ae<\/a><\/strong><\/p>","protected":false},"excerpt":{"rendered":"<p>Seralar; iklimin elveri\u015fli olmad\u0131\u011f\u0131 d\u00f6nemlerde &hellip;<\/p>\n<p class=\"read-more\"> <a class=\"\" href=\"https:\/\/packetcim.com\/en\/urunlerimiz\/tarimsal-ambalaj\/sera-ortusu\/\"> <span class=\"screen-reader-text\">Greenhouse Film<\/span> Read More \u00bb<\/a><\/p>","protected":false},"author":13,"featured_media":5080,"parent":3669,"menu_order":0,"comment_status":"closed","ping_status":"closed","template":"","meta":{"site-sidebar-layout":"no-sidebar","site-content-layout":"page-builder","ast-global-header-display":"","ast-main-header-display":"","ast-hfb-above-header-display":"","ast-hfb-below-header-display":"","ast-hfb-mobile-header-display":"","site-post-title":"disabled","ast-breadcrumbs-content":"","ast-featured-img":"disabled","footer-sml-layout":"","theme-transparent-header-meta":"default","adv-header-id-meta":"","stick-header-meta":"default","header-above-stick-meta":"","header-main-stick-meta":"","header-below-stick-meta":"","_joinchat":[],"footnotes":""},"class_list":["post-4496","page","type-page","status-publish","has-post-thumbnail","hentry"],"_links":{"self":[{"href":"https:\/\/packetcim.com\/en\/wp-json\/wp\/v2\/pages\/4496","targetHints":{"allow":["GET"]}}],"collection":[{"href":"https:\/\/packetcim.com\/en\/wp-json\/wp\/v2\/pages"}],"about":[{"href":"https:\/\/packetcim.com\/en\/wp-json\/wp\/v2\/types\/page"}],"author":[{"embeddable":true,"href":"https:\/\/packetcim.com\/en\/wp-json\/wp\/v2\/users\/13"}],"replies":[{"embeddable":true,"href":"https:\/\/packetcim.com\/en\/wp-json\/wp\/v2\/comments?post=4496"}],"version-history":[{"count":0,"href":"https:\/\/packetcim.com\/en\/wp-json\/wp\/v2\/pages\/4496\/revisions"}],"up":[{"embeddable":true,"href":"https:\/\/packetcim.com\/en\/wp-json\/wp\/v2\/pages\/3669"}],"wp:featuredmedia":[{"embeddable":true,"href":"https:\/\/packetcim.com\/en\/wp-json\/wp\/v2\/media\/5080"}],"wp:attachment":[{"href":"https:\/\/packetcim.com\/en\/wp-json\/wp\/v2\/media?parent=4496"}],"curies":[{"name":"wp","href":"https:\/\/api.w.org\/{rel}","templated":true}]}}