{"id":4484,"date":"2025-03-05T22:32:27","date_gmt":"2025-03-05T22:32:27","guid":{"rendered":"https:\/\/packetcim.com\/?page_id=4484"},"modified":"2025-03-27T08:22:07","modified_gmt":"2025-03-27T08:22:07","slug":"yan-kaynakli-kuadro-torba","status":"publish","type":"page","link":"https:\/\/packetcim.com\/en\/urunlerimiz\/fleksibil-ambalaj\/yan-kaynakli-kuadro-torba\/","title":{"rendered":"Flat Bottom Pouch"},"content":{"rendered":"<h2>\n\t\tFlat Bottom Pouch\n\t<\/h2>\n\t<div class=\"ast-breadcrumbs-wrapper\">\r\n\t\t\t<div class=\"ast-breadcrumbs-inner\"><nav role=\"navigation\" aria-label=\"Breadcrumbs\" class=\"breadcrumb-trail breadcrumbs\" ><div class=\"ast-breadcrumbs\"><ul class=\"trail-items\" ><li  class=\"trail-item trail-end\"><span><a href=\"https:\/\/packetcim.com\/en\/\" rel=\"home\"><span >Home<\/span><\/a><\/span><\/li><\/ul><\/div><\/nav><\/div>\r\n\t\t<\/div>\n\t\t\t\t<img loading=\"lazy\" decoding=\"async\" src=\"https:\/\/packetcim.com\/wp-content\/uploads\/2025\/03\/quadro-torba.webp\" alt=\"quadro-torba\" itemprop=\"image\" height=\"1000\" width=\"1000\" title=\"quadro-torba\" onerror=\"this.style.display='none'\"  \/>\n<h2>\n\t\tFlat Bottom Pouch\n\t<\/h2>\n\t<p>It called as Quadro Pouch. Quadro Pouch has sub base and lateral gussets which maximize the storing capacity and print area. It is possible to display Flat bottom pouches vertically and horizontally on the shelf of stores. The quadro pouch can be used in different applications in both food and non-food industries. Its high barrier properties provide longer shelf life span and its durable structure keeps products dry and clean.<\/p>\n\u2022\tD\u00f6rt y\u00fczeye (\u00f6n, arka ve alt  ve yan k\u00f6r\u00fck) bask\u0131 yapabilme imk\u00e2n\u0131<br \/>\n\u2022\t10 renge kadar Flexo bask\u0131 imk\u00e2n\u0131<br \/>\n\u2022\tParsiyel mat g\u00f6r\u00fcnt\u00fc<br \/>\n\u2022\tK\u00e2\u011f\u0131t g\u00f6r\u00fcn\u00fcml\u00fc bask\u0131<br \/>\n\u2022\tA\u00e7\u0131l\u0131p kapan\u0131r kilit (zip) se\u00e7ene\u011fi<br \/>\n\u2022\tDe\u011fi\u015fik kilit se\u00e7enekleri (\u00e7ok kanall\u0131, t\u0131rt\u0131ll\u0131, s\u0131zd\u0131rmaz, vb..)<br \/>\n\u2022\tFermuar se\u00e7ene\u011fi<br \/>\n\u2022\tKolay kesim \u00e7enti\u011fi<br \/>\n\u2022\tLazer perfore<br \/>\n\u2022\tAsk\u0131 deli\u011fi se\u00e7enekleri<br \/>\n\u2022\tHava tahliye valfi<br \/>\n\u2022\t\u015eeffaf pencere imkan\u0131<br \/>\n\u2022\tKa\u011f\u0131t \u00fcr\u00fcnlerde \u015fekilli pencere imkan\u0131<br \/>\n\u2022\tEl ge\u00e7me se\u00e7enekleri<br \/>\n\u2022\tYuvarlak k\u00f6\u015fe imkan\u0131<br \/>\n\u2022\tDe\u011fi\u015fik malzeme se\u00e7enekleri; PET, ALU, PE, CPP, OPP, matOPP, OPA, KRAFT Ka\u011f\u0131t, metPET,..vb.<br \/>\n\u2022\tKayd\u0131rmaz malzeme se\u00e7ene\u011fi<br \/>\n\u2022\t\u00d6n y\u00fcz, arka y\u00fcz ve alt k\u00f6r\u00fck i\u00e7in farkl\u0131 malzeme kullanma imkan\u0131\n\t<a href=\"https:\/\/packetcim.com\/en\/iletisim\/\" target=\"_self\" role=\"button\" aria-label=\"For more information, contact us\">\n\t\t\t\tDaha fazla bilgi i\u00e7in l\u00fctfen bizimle ileti\u015fime ge\u00e7in!\n\t\t\t\t\tAkl\u0131n\u0131za tak\u0131lan her \u015fey i\u00e7in l\u00fctfen bizimle ileti\u015fime ge\u00e7in, size destek olal\u0131m.\n\t\t\t<\/a>\n\t\t\t\t<img loading=\"lazy\" decoding=\"async\" src=\"https:\/\/packetcim.com\/wp-content\/uploads\/2025\/03\/packetcim-logo-02.png\" alt=\"packetcim-logo-02\" itemprop=\"image\" height=\"358\" width=\"1097\" title=\"packetcim-logo-02\" onerror=\"this.style.display='none'\"  \/>\n\t<p><strong>Packetcim<\/strong>\u00a0is a full-service, customer-focused packaging supply company. We are dedicated to providing superior products and service at an affordable price.<\/p>\n<h2>\n\t\tQuick Menu\n\t<\/h2>\n<h2>\n\t\tProduct Range\n\t<\/h2>\n<h2>\n\t\tContact\n\t<\/h2>\n\t<p>\u00a9 Copyright 2024 <strong>Packetcim Ambalaj<\/strong><\/p>\n\t<p>Web Design <strong><a href=\"http:\/\/www.artmedigital.com\">ArtMe Digital<\/a><a href=\"http:\/\/www.artmedigital.com\/\">\u00ae<\/a><\/strong><\/p>","protected":false},"excerpt":{"rendered":"<p>Quadro Torba, depolama kapasitesini en &hellip;<\/p>\n<p class=\"read-more\"> <a class=\"\" href=\"https:\/\/packetcim.com\/en\/urunlerimiz\/fleksibil-ambalaj\/yan-kaynakli-kuadro-torba\/\"> <span class=\"screen-reader-text\">Flat Bottom Pouch<\/span> Read More \u00bb<\/a><\/p>","protected":false},"author":13,"featured_media":5074,"parent":3668,"menu_order":0,"comment_status":"closed","ping_status":"closed","template":"","meta":{"site-sidebar-layout":"no-sidebar","site-content-layout":"page-builder","ast-global-header-display":"","ast-main-header-display":"","ast-hfb-above-header-display":null,"ast-hfb-below-header-display":null,"ast-hfb-mobile-header-display":"","site-post-title":"disabled","ast-breadcrumbs-content":null,"ast-featured-img":"disabled","footer-sml-layout":"","theme-transparent-header-meta":"default","adv-header-id-meta":"","stick-header-meta":"default","header-above-stick-meta":null,"header-main-stick-meta":"","header-below-stick-meta":null,"_joinchat":[],"footnotes":""},"class_list":["post-4484","page","type-page","status-publish","has-post-thumbnail","hentry"],"_links":{"self":[{"href":"https:\/\/packetcim.com\/en\/wp-json\/wp\/v2\/pages\/4484","targetHints":{"allow":["GET"]}}],"collection":[{"href":"https:\/\/packetcim.com\/en\/wp-json\/wp\/v2\/pages"}],"about":[{"href":"https:\/\/packetcim.com\/en\/wp-json\/wp\/v2\/types\/page"}],"author":[{"embeddable":true,"href":"https:\/\/packetcim.com\/en\/wp-json\/wp\/v2\/users\/13"}],"replies":[{"embeddable":true,"href":"https:\/\/packetcim.com\/en\/wp-json\/wp\/v2\/comments?post=4484"}],"version-history":[{"count":0,"href":"https:\/\/packetcim.com\/en\/wp-json\/wp\/v2\/pages\/4484\/revisions"}],"up":[{"embeddable":true,"href":"https:\/\/packetcim.com\/en\/wp-json\/wp\/v2\/pages\/3668"}],"wp:featuredmedia":[{"embeddable":true,"href":"https:\/\/packetcim.com\/en\/wp-json\/wp\/v2\/media\/5074"}],"wp:attachment":[{"href":"https:\/\/packetcim.com\/en\/wp-json\/wp\/v2\/media?parent=4484"}],"curies":[{"name":"wp","href":"https:\/\/api.w.org\/{rel}","templated":true}]}}