{"id":4483,"date":"2025-03-05T22:32:11","date_gmt":"2025-03-05T22:32:11","guid":{"rendered":"https:\/\/packetcim.com\/?page_id=4483"},"modified":"2025-03-27T08:21:29","modified_gmt":"2025-03-27T08:21:29","slug":"dikduran-torba","status":"publish","type":"page","link":"https:\/\/packetcim.com\/en\/urunlerimiz\/fleksibil-ambalaj\/dikduran-torba\/","title":{"rendered":"Stand Up Pouch"},"content":{"rendered":"<h2>\n\t\tStand Up Pouch\n\t<\/h2>\n\t<div class=\"ast-breadcrumbs-wrapper\">\r\n\t\t\t<div class=\"ast-breadcrumbs-inner\"><nav role=\"navigation\" aria-label=\"Breadcrumbs\" class=\"breadcrumb-trail breadcrumbs\" ><div class=\"ast-breadcrumbs\"><ul class=\"trail-items\" ><li  class=\"trail-item trail-end\"><span><a href=\"https:\/\/packetcim.com\/en\/\" rel=\"home\"><span >Home<\/span><\/a><\/span><\/li><\/ul><\/div><\/nav><\/div>\r\n\t\t<\/div>\n\t\t\t\t<img loading=\"lazy\" decoding=\"async\" src=\"https:\/\/packetcim.com\/wp-content\/uploads\/2025\/03\/dik-duran-torba.webp\" alt=\"dik-duran-torba\" itemprop=\"image\" height=\"1000\" width=\"1000\" title=\"dik-duran-torba\" onerror=\"this.style.display='none'\"  \/>\n<h2>\n\t\tStand Up Pouch\n\t<\/h2>\n\t<p>Eski tip kavanoz, teneke veya karton kutular\u0131n yerini art\u0131k \u00e7ok daha fazla Doypak &#8211; ayakta duran torbalar almaktad\u0131r.Torba \u00e7e\u015fitleri i\u00e7erisinde en \u00e7ok tercih edilen torbalardan biri Ayakta Duran Torba Doypack \u00e7e\u015fididir. Alt yap\u0131s\u0131 sayesinde desteksiz \u015fekilde ayakta durabilen bu torbalar, \u00e7ok \u00e7e\u015fitli rek ve boyutlarda olabilmektedir. Geni\u015f y\u00fczey alan\u0131 ve malzeme uygunlu\u011fu sayesinde \u00fczerlerine y\u00fcksek kalitede bask\u0131 yap\u0131labilir. Bu \u00f6zelliklerinden \u00f6t\u00fcr\u00fc Ayakta Duran Torbalar, raflarda \u00e7ok \u015f\u0131k ve d\u00fczg\u00fcn durur. Geleneksel hafif plastik po\u015fetlerden farkl\u0131 olan bu po\u015fetler, raflarda kolayca durabiliyor ve bu da onlar\u0131 m\u00fckemmel karton alternatifleri haline getiriyor.<\/p>\n\u2022 Ability to print on three panels (front, back and side &amp; bottom)<br \/>\n\u2022 Flexo printing up to 10 colors<br \/>\n\u2022 Partial matte texture<br \/>\n\u2022 Paper-touch texture<br \/>\n\u2022 Reclosable lock (zip) option<br \/>\n\u2022 Different type of lock options (multi-channel, serrated, leak-proof, etc.)<br \/>\n\u2022 Zipper option<br \/>\n\u2022 Easy tear notch<br \/>\n\u2022 Laser perforation<br \/>\n\u2022 Die cut handle options<br \/>\n\u2022 Degassing valve<br \/>\n\u2022 Partial Transparent window option<br \/>\n\u2022 Special Shaped window option in paper structure material<br \/>\n\u2022 Die cut handle options<br \/>\n\u2022 Round shaped Weld option<br \/>\n\u2022 Different material lamination options; PET, ALU, PE, CPP, OPP, matOPP, OPA, KRAFT Paper, metPET, etc.<br \/>\n\u2022 Antislip material option<br \/>\n\u2022 Ability to use different materials for front, back and bottom gusset\n\t<a href=\"https:\/\/packetcim.com\/en\/iletisim\/\" target=\"_self\" role=\"button\" aria-label=\"For more information, contact us\">\n\t\t\t\tDaha fazla bilgi i\u00e7in l\u00fctfen bizimle ileti\u015fime ge\u00e7in!\n\t\t\t\t\tAkl\u0131n\u0131za tak\u0131lan her \u015fey i\u00e7in l\u00fctfen bizimle ileti\u015fime ge\u00e7in, size destek olal\u0131m.\n\t\t\t<\/a>\n\t\t\t\t<img loading=\"lazy\" decoding=\"async\" src=\"https:\/\/packetcim.com\/wp-content\/uploads\/2025\/03\/packetcim-logo-02.png\" alt=\"packetcim-logo-02\" itemprop=\"image\" height=\"358\" width=\"1097\" title=\"packetcim-logo-02\" onerror=\"this.style.display='none'\"  \/>\n\t<p><strong>Packetcim<\/strong>\u00a0is a full-service, customer-focused packaging supply company. We are dedicated to providing superior products and service at an affordable price.<\/p>\n<h2>\n\t\tQuick Menu\n\t<\/h2>\n<h2>\n\t\tProduct Range\n\t<\/h2>\n<h2>\n\t\tContact\n\t<\/h2>\n\t<p>\u00a9 Copyright 2024 <strong>Packetcim Ambalaj<\/strong><\/p>\n\t<p>Web Design <strong><a href=\"http:\/\/www.artmedigital.com\">ArtMe Digital<\/a><a href=\"http:\/\/www.artmedigital.com\/\">\u00ae<\/a><\/strong><\/p>","protected":false},"excerpt":{"rendered":"<p>Eski tip kavanoz, teneke veya &hellip;<\/p>\n<p class=\"read-more\"> <a class=\"\" href=\"https:\/\/packetcim.com\/en\/urunlerimiz\/fleksibil-ambalaj\/dikduran-torba\/\"> <span class=\"screen-reader-text\">Stand Up Pouch<\/span> Read More \u00bb<\/a><\/p>","protected":false},"author":13,"featured_media":5044,"parent":3668,"menu_order":0,"comment_status":"closed","ping_status":"closed","template":"","meta":{"site-sidebar-layout":"no-sidebar","site-content-layout":"page-builder","ast-global-header-display":"","ast-main-header-display":"","ast-hfb-above-header-display":null,"ast-hfb-below-header-display":null,"ast-hfb-mobile-header-display":"","site-post-title":"disabled","ast-breadcrumbs-content":null,"ast-featured-img":"disabled","footer-sml-layout":"","theme-transparent-header-meta":"default","adv-header-id-meta":"","stick-header-meta":"default","header-above-stick-meta":null,"header-main-stick-meta":"","header-below-stick-meta":null,"_joinchat":[],"footnotes":""},"class_list":["post-4483","page","type-page","status-publish","has-post-thumbnail","hentry"],"_links":{"self":[{"href":"https:\/\/packetcim.com\/en\/wp-json\/wp\/v2\/pages\/4483","targetHints":{"allow":["GET"]}}],"collection":[{"href":"https:\/\/packetcim.com\/en\/wp-json\/wp\/v2\/pages"}],"about":[{"href":"https:\/\/packetcim.com\/en\/wp-json\/wp\/v2\/types\/page"}],"author":[{"embeddable":true,"href":"https:\/\/packetcim.com\/en\/wp-json\/wp\/v2\/users\/13"}],"replies":[{"embeddable":true,"href":"https:\/\/packetcim.com\/en\/wp-json\/wp\/v2\/comments?post=4483"}],"version-history":[{"count":0,"href":"https:\/\/packetcim.com\/en\/wp-json\/wp\/v2\/pages\/4483\/revisions"}],"up":[{"embeddable":true,"href":"https:\/\/packetcim.com\/en\/wp-json\/wp\/v2\/pages\/3668"}],"wp:featuredmedia":[{"embeddable":true,"href":"https:\/\/packetcim.com\/en\/wp-json\/wp\/v2\/media\/5044"}],"wp:attachment":[{"href":"https:\/\/packetcim.com\/en\/wp-json\/wp\/v2\/media?parent=4483"}],"curies":[{"name":"wp","href":"https:\/\/api.w.org\/{rel}","templated":true}]}}