{"id":4480,"date":"2025-03-05T22:31:37","date_gmt":"2025-03-05T22:31:37","guid":{"rendered":"https:\/\/packetcim.com\/?page_id=4480"},"modified":"2025-03-27T08:20:28","modified_gmt":"2025-03-27T08:20:28","slug":"lamineli-filmler","status":"publish","type":"page","link":"https:\/\/packetcim.com\/en\/urunlerimiz\/fleksibil-ambalaj\/lamineli-filmler\/","title":{"rendered":"Laminated Films"},"content":{"rendered":"<h2>\n\t\tLaminated Films\n\t<\/h2>\n\t<div class=\"ast-breadcrumbs-wrapper\">\r\n\t\t\t<div class=\"ast-breadcrumbs-inner\"><nav role=\"navigation\" aria-label=\"Breadcrumbs\" class=\"breadcrumb-trail breadcrumbs\" ><div class=\"ast-breadcrumbs\"><ul class=\"trail-items\" ><li  class=\"trail-item trail-end\"><span><a href=\"https:\/\/packetcim.com\/en\/\" rel=\"home\"><span >Home<\/span><\/a><\/span><\/li><\/ul><\/div><\/nav><\/div>\r\n\t\t<\/div>\n\t\t\t\t<img loading=\"lazy\" decoding=\"async\" src=\"https:\/\/packetcim.com\/wp-content\/uploads\/2025\/03\/lamineli-filmler.webp\" alt=\"lamineli-filmler\" itemprop=\"image\" height=\"1000\" width=\"1000\" title=\"lamineli-filmler\" onerror=\"this.style.display='none'\"  \/>\n<h2>\n\t\tLaminated Films\n\t<\/h2>\n\t<p>It is the stage of combining two films with an adhesive to create a composite film structure. At this stage, solvent-based or thermal-based lamination adhesives are preferred depending on the purpose of use of the final product and multiple film structures are created and presented to you.Printing<\/p>\n<p>Printed rolls are one of the highly functional products that are produced for use in different sectors and create alternatives in the field of packaging. Printed rolls, which are used for products that cannot be packaged with classical packaging products, stand out with their features. They are ideal for various industries including food, medicine and retail.<\/p>\nPrinting: : Flexo printing is possible to print up to 10 colors.<br \/>\nHammadde: BOPP, BOPA, Polietilen, Polipropilen, Polyester gibi yap\u0131lar lamine edilmektedir.<br \/>\nEbat: En \u0130stenilen \u00f6l\u00e7\u00fcde \u00fcretim yap\u0131labilir.<br \/>\nLength; Requested length is possible<br \/>\nKal\u0131nl\u0131k: \u0130stenilen kal\u0131nl\u0131klarda \u00fcretim yap\u0131labilir.<br \/>\nVirgin, Recycled  raw material or Recycled content material options are available\n\t<a href=\"https:\/\/packetcim.com\/en\/iletisim\/\" target=\"_self\" role=\"button\" aria-label=\"For more information, contact us\">\n\t\t\t\tDaha fazla bilgi i\u00e7in l\u00fctfen bizimle ileti\u015fime ge\u00e7in!\n\t\t\t\t\tAkl\u0131n\u0131za tak\u0131lan her \u015fey i\u00e7in l\u00fctfen bizimle ileti\u015fime ge\u00e7in, size destek olal\u0131m.\n\t\t\t<\/a>\n\t\t\t\t<img loading=\"lazy\" decoding=\"async\" src=\"https:\/\/packetcim.com\/wp-content\/uploads\/2025\/03\/packetcim-logo-02.png\" alt=\"packetcim-logo-02\" itemprop=\"image\" height=\"358\" width=\"1097\" title=\"packetcim-logo-02\" onerror=\"this.style.display='none'\"  \/>\n\t<p><strong>Packetcim<\/strong>\u00a0is a full-service, customer-focused packaging supply company. We are dedicated to providing superior products and service at an affordable price.<\/p>\n<h2>\n\t\tQuick Menu\n\t<\/h2>\n<h2>\n\t\tProduct Range\n\t<\/h2>\n<h2>\n\t\tContact\n\t<\/h2>\n\t<p>\u00a9 Copyright 2024 <strong>Packetcim Ambalaj<\/strong><\/p>\n\t<p>Web Design <strong><a href=\"http:\/\/www.artmedigital.com\">ArtMe Digital<\/a><a href=\"http:\/\/www.artmedigital.com\/\">\u00ae<\/a><\/strong><\/p>","protected":false},"excerpt":{"rendered":"<p>Kompozit bir film yap\u0131s\u0131 olu\u015fturmak &hellip;<\/p>\n<p class=\"read-more\"> <a class=\"\" href=\"https:\/\/packetcim.com\/en\/urunlerimiz\/fleksibil-ambalaj\/lamineli-filmler\/\"> <span class=\"screen-reader-text\">Laminated Films<\/span> Read More \u00bb<\/a><\/p>","protected":false},"author":13,"featured_media":5064,"parent":3668,"menu_order":0,"comment_status":"closed","ping_status":"closed","template":"","meta":{"site-sidebar-layout":"no-sidebar","site-content-layout":"page-builder","ast-global-header-display":"","ast-main-header-display":"","ast-hfb-above-header-display":null,"ast-hfb-below-header-display":null,"ast-hfb-mobile-header-display":"","site-post-title":"disabled","ast-breadcrumbs-content":null,"ast-featured-img":"disabled","footer-sml-layout":"","theme-transparent-header-meta":"default","adv-header-id-meta":"","stick-header-meta":"default","header-above-stick-meta":null,"header-main-stick-meta":"","header-below-stick-meta":null,"_joinchat":[],"footnotes":""},"class_list":["post-4480","page","type-page","status-publish","has-post-thumbnail","hentry"],"_links":{"self":[{"href":"https:\/\/packetcim.com\/en\/wp-json\/wp\/v2\/pages\/4480","targetHints":{"allow":["GET"]}}],"collection":[{"href":"https:\/\/packetcim.com\/en\/wp-json\/wp\/v2\/pages"}],"about":[{"href":"https:\/\/packetcim.com\/en\/wp-json\/wp\/v2\/types\/page"}],"author":[{"embeddable":true,"href":"https:\/\/packetcim.com\/en\/wp-json\/wp\/v2\/users\/13"}],"replies":[{"embeddable":true,"href":"https:\/\/packetcim.com\/en\/wp-json\/wp\/v2\/comments?post=4480"}],"version-history":[{"count":0,"href":"https:\/\/packetcim.com\/en\/wp-json\/wp\/v2\/pages\/4480\/revisions"}],"up":[{"embeddable":true,"href":"https:\/\/packetcim.com\/en\/wp-json\/wp\/v2\/pages\/3668"}],"wp:featuredmedia":[{"embeddable":true,"href":"https:\/\/packetcim.com\/en\/wp-json\/wp\/v2\/media\/5064"}],"wp:attachment":[{"href":"https:\/\/packetcim.com\/en\/wp-json\/wp\/v2\/media?parent=4480"}],"curies":[{"name":"wp","href":"https:\/\/api.w.org\/{rel}","templated":true}]}}