{"id":4461,"date":"2025-03-05T22:22:54","date_gmt":"2025-03-05T22:22:54","guid":{"rendered":"https:\/\/packetcim.com\/?page_id=4461"},"modified":"2025-03-27T08:40:50","modified_gmt":"2025-03-27T08:40:50","slug":"dokuma-branda","status":"publish","type":"page","link":"https:\/\/packetcim.com\/en\/urunlerimiz\/nonwoventela\/dokuma-branda\/","title":{"rendered":"PP Wowen Tarpaulin"},"content":{"rendered":"<h2>\n\t\tPP Wowen Tarpaulin\n\t<\/h2>\n\t<div class=\"ast-breadcrumbs-wrapper\">\r\n\t\t\t<div class=\"ast-breadcrumbs-inner\"><nav role=\"navigation\" aria-label=\"Breadcrumbs\" class=\"breadcrumb-trail breadcrumbs\" ><div class=\"ast-breadcrumbs\"><ul class=\"trail-items\" ><li  class=\"trail-item trail-end\"><span><a href=\"https:\/\/packetcim.com\/en\/\" rel=\"home\"><span >Home<\/span><\/a><\/span><\/li><\/ul><\/div><\/nav><\/div>\r\n\t\t<\/div>\n\t\t\t\t<img loading=\"lazy\" decoding=\"async\" src=\"https:\/\/packetcim.com\/wp-content\/uploads\/2025\/03\/dokuma-branda.webp\" alt=\"dokuma-branda\" itemprop=\"image\" height=\"1000\" width=\"1000\" title=\"dokuma-branda\" onerror=\"this.style.display='none'\"  \/>\n<h2>\n\t\tPP Wowen Tarpaulin\n\t<\/h2>\n\t<p>Branda \u00fcretimimiz sulzer ve yuvarlak dokuma mevcuttur. Brandalar\u0131m\u0131z y\u0131kanabilir, paslanmaz al\u00fcminyum kaps\u00fcll\u00fc, ultraviyole katk\u0131l\u0131 g\u00fcne\u015f I\u015f\u0131nlar\u0131ndan korumal\u0131, su ve hava ge\u00e7irmeme \u00f6zelli\u011fine sahiptir. Ayr\u0131ca darbeye, s\u0131ca\u011fa ve so\u011fu\u011fa kar\u015f\u0131 dayan\u0131m\u0131 y\u00fcksektir. \u0130stenilen ebatlarda 1&#215;2&#8217;den 16&#215;30&#8217;a kadar varan ebatlarda \u00fcretilebilir. Kuma\u015f gramajlar\u0131: 150 gr\/m\u00b2 , 165 gr\/m\u00b2 ,175 gr\/m\u00b2 ,225 gr\/m\u00b2 standart \u00fcretimleri ve m\u00fc\u015fterilerimizin  istekleri do\u011frultusunda di\u011fer gramajlar\u0131 kapsamaktad\u0131r. Kullan\u0131m alanlar\u0131 olduk\u00e7a geni\u015f olan brandalar \u00f6zellikle \u00e7iftlikler, bah\u00e7e \u00e7al\u0131\u015fmalar\u0131, havuz \u00f6rt\u00fcleri, d\u0131\u015far\u0131 depo alanlar\u0131, kamp alanlar\u0131, in\u015faat alanlar\u0131, kamyonlar, t\u0131rlar, makine \u00fcst\u00fc \u00f6rt\u00fcleri, in\u015faat i\u00e7in iskele \u00f6rt\u00fcleri, garajlar, tekneler  gibi bir \u00e7ok alanda kullan\u0131lmaktad\u0131r.<\/p>\n\t<a href=\"https:\/\/packetcim.com\/en\/iletisim\/\" target=\"_self\" role=\"button\" aria-label=\"For more information, contact us\">\n\t\t\t\tDaha fazla bilgi i\u00e7in l\u00fctfen bizimle ileti\u015fime ge\u00e7in!\n\t\t\t\t\tAkl\u0131n\u0131za tak\u0131lan her \u015fey i\u00e7in l\u00fctfen bizimle ileti\u015fime ge\u00e7in, size destek olal\u0131m.\n\t\t\t<\/a>\n\t\t\t\t<img loading=\"lazy\" decoding=\"async\" src=\"https:\/\/packetcim.com\/wp-content\/uploads\/2025\/03\/packetcim-logo-02.png\" alt=\"packetcim-logo-02\" itemprop=\"image\" height=\"358\" width=\"1097\" title=\"packetcim-logo-02\" onerror=\"this.style.display='none'\"  \/>\n\t<p><strong>Packetcim<\/strong>\u00a0is a full-service, customer-focused packaging supply company. We are dedicated to providing superior products and service at an affordable price.<\/p>\n<h2>\n\t\tQuick Menu\n\t<\/h2>\n<h2>\n\t\tProduct Range\n\t<\/h2>\n<h2>\n\t\tContact\n\t<\/h2>\n\t<p>\u00a9 Copyright 2024 <strong>Packetcim Ambalaj<\/strong><\/p>\n\t<p>Web Design <strong><a href=\"http:\/\/www.artmedigital.com\">ArtMe Digital<\/a><a href=\"http:\/\/www.artmedigital.com\/\">\u00ae<\/a><\/strong><\/p>","protected":false},"excerpt":{"rendered":"<p>Branda \u00fcretimimiz sulzer ve yuvarlak &hellip;<\/p>\n<p class=\"read-more\"> <a class=\"\" href=\"https:\/\/packetcim.com\/en\/urunlerimiz\/nonwoventela\/dokuma-branda\/\"> <span class=\"screen-reader-text\">PP Wowen Tarpaulin<\/span> Read More \u00bb<\/a><\/p>","protected":false},"author":13,"featured_media":5045,"parent":3665,"menu_order":0,"comment_status":"closed","ping_status":"closed","template":"","meta":{"site-sidebar-layout":"no-sidebar","site-content-layout":"page-builder","ast-global-header-display":"","ast-main-header-display":"","ast-hfb-above-header-display":null,"ast-hfb-below-header-display":null,"ast-hfb-mobile-header-display":"","site-post-title":"disabled","ast-breadcrumbs-content":null,"ast-featured-img":"disabled","footer-sml-layout":"","theme-transparent-header-meta":"default","adv-header-id-meta":"","stick-header-meta":"default","header-above-stick-meta":null,"header-main-stick-meta":"","header-below-stick-meta":null,"_joinchat":[],"footnotes":""},"class_list":["post-4461","page","type-page","status-publish","has-post-thumbnail","hentry"],"_links":{"self":[{"href":"https:\/\/packetcim.com\/en\/wp-json\/wp\/v2\/pages\/4461","targetHints":{"allow":["GET"]}}],"collection":[{"href":"https:\/\/packetcim.com\/en\/wp-json\/wp\/v2\/pages"}],"about":[{"href":"https:\/\/packetcim.com\/en\/wp-json\/wp\/v2\/types\/page"}],"author":[{"embeddable":true,"href":"https:\/\/packetcim.com\/en\/wp-json\/wp\/v2\/users\/13"}],"replies":[{"embeddable":true,"href":"https:\/\/packetcim.com\/en\/wp-json\/wp\/v2\/comments?post=4461"}],"version-history":[{"count":0,"href":"https:\/\/packetcim.com\/en\/wp-json\/wp\/v2\/pages\/4461\/revisions"}],"up":[{"embeddable":true,"href":"https:\/\/packetcim.com\/en\/wp-json\/wp\/v2\/pages\/3665"}],"wp:featuredmedia":[{"embeddable":true,"href":"https:\/\/packetcim.com\/en\/wp-json\/wp\/v2\/media\/5045"}],"wp:attachment":[{"href":"https:\/\/packetcim.com\/en\/wp-json\/wp\/v2\/media?parent=4461"}],"curies":[{"name":"wp","href":"https:\/\/api.w.org\/{rel}","templated":true}]}}