{"id":4459,"date":"2025-03-05T22:22:24","date_gmt":"2025-03-05T22:22:24","guid":{"rendered":"https:\/\/packetcim.com\/?page_id=4459"},"modified":"2025-03-27T08:40:07","modified_gmt":"2025-03-27T08:40:07","slug":"agro-tekstil-ortusu","status":"publish","type":"page","link":"https:\/\/packetcim.com\/en\/urunlerimiz\/nonwoventela\/agro-tekstil-ortusu\/","title":{"rendered":"Agrotextile Cover"},"content":{"rendered":"<h2>\n\t\tAgrotextile Cover\n\t<\/h2>\n\t<div class=\"ast-breadcrumbs-wrapper\">\r\n\t\t\t<div class=\"ast-breadcrumbs-inner\"><nav role=\"navigation\" aria-label=\"Breadcrumbs\" class=\"breadcrumb-trail breadcrumbs\" ><div class=\"ast-breadcrumbs\"><ul class=\"trail-items\" ><li  class=\"trail-item trail-end\"><span><a href=\"https:\/\/packetcim.com\/en\/\" rel=\"home\"><span >Home<\/span><\/a><\/span><\/li><\/ul><\/div><\/nav><\/div>\r\n\t\t<\/div>\n\t\t\t\t<img loading=\"lazy\" decoding=\"async\" src=\"https:\/\/packetcim.com\/wp-content\/uploads\/2025\/03\/agro-tekstil-ortusu.webp\" alt=\"agro-tekstil-o\u0308rtu\u0308su\u0308\" itemprop=\"image\" height=\"1000\" width=\"1000\" title=\"agro-tekstil-o\u0308rtu\u0308su\u0308\" onerror=\"this.style.display='none'\"  \/>\n<h2>\n\t\tAgrotextile Cover\n\t<\/h2>\n\t<p>It is designed for weed control at agricultural field and greenhouses. It can be used for long years by means of uv stabilization, special raw material content and weaving property.It absorbs sunlight, reduces photosynthesis and prevents growth of weeds.It maintains penetration of water into soil equally and protects soil moisture at long dry spells by reducing evaporation.It reduces plant-care cost in fighting against bacteria, mold and fungus. Planting and pot placement may be done easily and symmetrically by means of measured check lines.<\/p>\nHammadde:  Polipropilen malzeme ve Siyah \/ Beyaz ve istenilen renkte<br \/>\nEbat: En; 1-3,25 metre aras\u0131nda \u00fcretim yap\u0131labilir.<br \/>\nLength; Requested length is possible<br \/>\nKal\u0131nl\u0131k: 80 gram -150 gram aras\u0131nda \u00fcretim yap\u0131labilmektedir.\n\t<a href=\"https:\/\/packetcim.com\/en\/iletisim\/\" target=\"_self\" role=\"button\" aria-label=\"For more information, contact us\">\n\t\t\t\tDaha fazla bilgi i\u00e7in l\u00fctfen bizimle ileti\u015fime ge\u00e7in!\n\t\t\t\t\tAkl\u0131n\u0131za tak\u0131lan her \u015fey i\u00e7in l\u00fctfen bizimle ileti\u015fime ge\u00e7in, size destek olal\u0131m.\n\t\t\t<\/a>\n\t\t\t\t<img loading=\"lazy\" decoding=\"async\" src=\"https:\/\/packetcim.com\/wp-content\/uploads\/2025\/03\/packetcim-logo-02.png\" alt=\"packetcim-logo-02\" itemprop=\"image\" height=\"358\" width=\"1097\" title=\"packetcim-logo-02\" onerror=\"this.style.display='none'\"  \/>\n\t<p><strong>Packetcim<\/strong>\u00a0is a full-service, customer-focused packaging supply company. We are dedicated to providing superior products and service at an affordable price.<\/p>\n<h2>\n\t\tQuick Menu\n\t<\/h2>\n<h2>\n\t\tProduct Range\n\t<\/h2>\n<h2>\n\t\tContact\n\t<\/h2>\n\t<p>\u00a9 Copyright 2024 <strong>Packetcim Ambalaj<\/strong><\/p>\n\t<p>Web Design <strong><a href=\"http:\/\/www.artmedigital.com\">ArtMe Digital<\/a><a href=\"http:\/\/www.artmedigital.com\/\">\u00ae<\/a><\/strong><\/p>","protected":false},"excerpt":{"rendered":"<p>Tar\u0131m alanlar\u0131nda ve seralarda zararl\u0131 &hellip;<\/p>\n<p class=\"read-more\"> <a class=\"\" href=\"https:\/\/packetcim.com\/en\/urunlerimiz\/nonwoventela\/agro-tekstil-ortusu\/\"> <span class=\"screen-reader-text\">Agrotextile Cover<\/span> Read More \u00bb<\/a><\/p>","protected":false},"author":13,"featured_media":5035,"parent":3665,"menu_order":0,"comment_status":"closed","ping_status":"closed","template":"","meta":{"site-sidebar-layout":"no-sidebar","site-content-layout":"page-builder","ast-global-header-display":"","ast-main-header-display":"","ast-hfb-above-header-display":null,"ast-hfb-below-header-display":null,"ast-hfb-mobile-header-display":"","site-post-title":"disabled","ast-breadcrumbs-content":null,"ast-featured-img":"disabled","footer-sml-layout":"","theme-transparent-header-meta":"default","adv-header-id-meta":"","stick-header-meta":"default","header-above-stick-meta":null,"header-main-stick-meta":"","header-below-stick-meta":null,"_joinchat":[],"footnotes":""},"class_list":["post-4459","page","type-page","status-publish","has-post-thumbnail","hentry"],"_links":{"self":[{"href":"https:\/\/packetcim.com\/en\/wp-json\/wp\/v2\/pages\/4459","targetHints":{"allow":["GET"]}}],"collection":[{"href":"https:\/\/packetcim.com\/en\/wp-json\/wp\/v2\/pages"}],"about":[{"href":"https:\/\/packetcim.com\/en\/wp-json\/wp\/v2\/types\/page"}],"author":[{"embeddable":true,"href":"https:\/\/packetcim.com\/en\/wp-json\/wp\/v2\/users\/13"}],"replies":[{"embeddable":true,"href":"https:\/\/packetcim.com\/en\/wp-json\/wp\/v2\/comments?post=4459"}],"version-history":[{"count":0,"href":"https:\/\/packetcim.com\/en\/wp-json\/wp\/v2\/pages\/4459\/revisions"}],"up":[{"embeddable":true,"href":"https:\/\/packetcim.com\/en\/wp-json\/wp\/v2\/pages\/3665"}],"wp:featuredmedia":[{"embeddable":true,"href":"https:\/\/packetcim.com\/en\/wp-json\/wp\/v2\/media\/5035"}],"wp:attachment":[{"href":"https:\/\/packetcim.com\/en\/wp-json\/wp\/v2\/media?parent=4459"}],"curies":[{"name":"wp","href":"https:\/\/api.w.org\/{rel}","templated":true}]}}