{"id":4455,"date":"2025-03-05T22:20:57","date_gmt":"2025-03-05T22:20:57","guid":{"rendered":"https:\/\/packetcim.com\/?page_id=4455"},"modified":"2025-03-27T08:38:59","modified_gmt":"2025-03-27T08:38:59","slug":"atlet-tipi-tela-canta","status":"publish","type":"page","link":"https:\/\/packetcim.com\/en\/urunlerimiz\/nonwoventela\/atlet-tipi-tela-canta\/","title":{"rendered":"Nonwoven T-Shirt Bag"},"content":{"rendered":"<h2>\n\t\tNonwoven T-Shirt Bag\n\t<\/h2>\n\t<div class=\"ast-breadcrumbs-wrapper\">\r\n\t\t\t<div class=\"ast-breadcrumbs-inner\"><nav role=\"navigation\" aria-label=\"Breadcrumbs\" class=\"breadcrumb-trail breadcrumbs\" ><div class=\"ast-breadcrumbs\"><ul class=\"trail-items\" ><li  class=\"trail-item trail-end\"><span><a href=\"https:\/\/packetcim.com\/en\/\" rel=\"home\"><span >Home<\/span><\/a><\/span><\/li><\/ul><\/div><\/nav><\/div>\r\n\t\t<\/div>\n\t\t\t\t<img loading=\"lazy\" decoding=\"async\" src=\"https:\/\/packetcim.com\/wp-content\/uploads\/2025\/03\/bez-atlet-poset.webp\" alt=\"bez-atlet-poset\" itemprop=\"image\" height=\"1000\" width=\"1000\" title=\"bez-atlet-poset\" onerror=\"this.style.display='none'\"  \/>\n<h2>\n\t\tNonwoven T-Shirt Bag\n\t<\/h2>\n\t<p>Nonwoven Vest Style bags, whose  started to increase to use   after the upcoming plastic baning laws and regulations realising inall over the world , are very durable and functional. The T-shirt bag model is especially preferred in the market and retail sector. It can be re-used an average of 104 times, which equals to approximately 2 years. Eco-friendly and recyclable nonwoven bags are an inevitable packaging  in shopping in markets and markets.<\/p>\nHammadde t\u00fcr\u00fc: NONWOVEN (Tela) kuma\u015f ve renk se\u00e7enekleri<br \/>\nDiki\u015f: Ultrasonik diki\u015f<br \/>\nflekso bask\u0131 se\u00e7ene\u011fi.<br \/>\nDimensions: \nWidth;  Requested Width is possible<br \/>\nLength; Requested length is possible<br \/>\nK\u00f6r\u00fck: yan veya alt k\u00f6r\u00fck ekleme se\u00e7ene\u011fi mevcuttur.<br \/>\nBask\u0131: Flekso bask\u0131da maksimum 4 renge kadar bask\u0131 yap\u0131l\u0131r<br \/>\nKal\u0131nl\u0131k: Minimum 50 gram olmak \u00fczere \u00fcretim yap\u0131labilmektedir.<br \/>\nKullan\u0131m Alanlar\u0131: eczaneler, marketler, ma\u011fazalar, fuar alanlar\u0131, oteller, da\u011f\u0131t\u0131m kampanyalar\u0131, aksesuarlar, pastaneler vb.<br \/>\nMinimum \u00fcretim adedi 10.000 adet.<br \/>\nTermin yakla\u015f\u0131k 30 g\u00fcn<br \/>\n\u00dcretimde + &#8211; % 10 \u00fcretim fark\u0131 \u00e7\u0131kabilir.\n\t<a href=\"https:\/\/packetcim.com\/en\/iletisim\/\" target=\"_self\" role=\"button\" aria-label=\"For more information, contact us\">\n\t\t\t\tDaha fazla bilgi i\u00e7in l\u00fctfen bizimle ileti\u015fime ge\u00e7in!\n\t\t\t\t\tAkl\u0131n\u0131za tak\u0131lan her \u015fey i\u00e7in l\u00fctfen bizimle ileti\u015fime ge\u00e7in, size destek olal\u0131m.\n\t\t\t<\/a>\n\t\t\t\t<img loading=\"lazy\" decoding=\"async\" src=\"https:\/\/packetcim.com\/wp-content\/uploads\/2025\/03\/packetcim-logo-02.png\" alt=\"packetcim-logo-02\" itemprop=\"image\" height=\"358\" width=\"1097\" title=\"packetcim-logo-02\" onerror=\"this.style.display='none'\"  \/>\n\t<p><strong>Packetcim<\/strong>\u00a0is a full-service, customer-focused packaging supply company. We are dedicated to providing superior products and service at an affordable price.<\/p>\n<h2>\n\t\tQuick Menu\n\t<\/h2>\n<h2>\n\t\tProduct Range\n\t<\/h2>\n<h2>\n\t\tContact\n\t<\/h2>\n\t<p>\u00a9 Copyright 2024 <strong>Packetcim Ambalaj<\/strong><\/p>\n\t<p>Web Design <strong><a href=\"http:\/\/www.artmedigital.com\">ArtMe Digital<\/a><a href=\"http:\/\/www.artmedigital.com\/\">\u00ae<\/a><\/strong><\/p>","protected":false},"excerpt":{"rendered":"<p>Yakla\u015fan plastik po\u015fet kullan\u0131m\u0131 yasa\u011f\u0131ndan &hellip;<\/p>\n<p class=\"read-more\"> <a class=\"\" href=\"https:\/\/packetcim.com\/en\/urunlerimiz\/nonwoventela\/atlet-tipi-tela-canta\/\"> <span class=\"screen-reader-text\">Nonwoven T-Shirt Bag<\/span> Read More \u00bb<\/a><\/p>","protected":false},"author":13,"featured_media":5038,"parent":3665,"menu_order":0,"comment_status":"closed","ping_status":"closed","template":"","meta":{"site-sidebar-layout":"no-sidebar","site-content-layout":"page-builder","ast-global-header-display":"","ast-main-header-display":"","ast-hfb-above-header-display":null,"ast-hfb-below-header-display":null,"ast-hfb-mobile-header-display":"","site-post-title":"disabled","ast-breadcrumbs-content":null,"ast-featured-img":"disabled","footer-sml-layout":"","theme-transparent-header-meta":"default","adv-header-id-meta":"","stick-header-meta":"default","header-above-stick-meta":null,"header-main-stick-meta":"","header-below-stick-meta":null,"_joinchat":[],"footnotes":""},"class_list":["post-4455","page","type-page","status-publish","has-post-thumbnail","hentry"],"_links":{"self":[{"href":"https:\/\/packetcim.com\/en\/wp-json\/wp\/v2\/pages\/4455","targetHints":{"allow":["GET"]}}],"collection":[{"href":"https:\/\/packetcim.com\/en\/wp-json\/wp\/v2\/pages"}],"about":[{"href":"https:\/\/packetcim.com\/en\/wp-json\/wp\/v2\/types\/page"}],"author":[{"embeddable":true,"href":"https:\/\/packetcim.com\/en\/wp-json\/wp\/v2\/users\/13"}],"replies":[{"embeddable":true,"href":"https:\/\/packetcim.com\/en\/wp-json\/wp\/v2\/comments?post=4455"}],"version-history":[{"count":0,"href":"https:\/\/packetcim.com\/en\/wp-json\/wp\/v2\/pages\/4455\/revisions"}],"up":[{"embeddable":true,"href":"https:\/\/packetcim.com\/en\/wp-json\/wp\/v2\/pages\/3665"}],"wp:featuredmedia":[{"embeddable":true,"href":"https:\/\/packetcim.com\/en\/wp-json\/wp\/v2\/media\/5038"}],"wp:attachment":[{"href":"https:\/\/packetcim.com\/en\/wp-json\/wp\/v2\/media?parent=4455"}],"curies":[{"name":"wp","href":"https:\/\/api.w.org\/{rel}","templated":true}]}}