{"id":4451,"date":"2025-03-05T22:18:06","date_gmt":"2025-03-05T22:18:06","guid":{"rendered":"https:\/\/packetcim.com\/?page_id=4451"},"modified":"2025-03-27T08:38:13","modified_gmt":"2025-03-27T08:38:13","slug":"kulplu-tela-canta","status":"publish","type":"page","link":"https:\/\/packetcim.com\/en\/urunlerimiz\/nonwoventela\/kulplu-tela-canta\/","title":{"rendered":"Loop Handle Bag"},"content":{"rendered":"<h2>\n\t\tLoop Handle Bag\n\t<\/h2>\n\t<div class=\"ast-breadcrumbs-wrapper\">\r\n\t\t\t<div class=\"ast-breadcrumbs-inner\"><nav role=\"navigation\" aria-label=\"Breadcrumbs\" class=\"breadcrumb-trail breadcrumbs\" ><div class=\"ast-breadcrumbs\"><ul class=\"trail-items\" ><li  class=\"trail-item trail-end\"><span><a href=\"https:\/\/packetcim.com\/en\/\" rel=\"home\"><span >Home<\/span><\/a><\/span><\/li><\/ul><\/div><\/nav><\/div>\r\n\t\t<\/div>\n\t\t\t\t<img loading=\"lazy\" decoding=\"async\" src=\"https:\/\/packetcim.com\/wp-content\/uploads\/2025\/03\/kulplu-tela-canta.webp\" alt=\"kulplu-tela-canta\" itemprop=\"image\" height=\"1000\" width=\"1000\" title=\"kulplu-tela-canta\" onerror=\"this.style.display='none'\"  \/>\n<h2>\n\t\tLoop Handle Bag\n\t<\/h2>\n\tTela Bez \u00c7anta, y\u00fcksek kaliteli bir dokuma malzemesi olan tela bez kullan\u0131larak yap\u0131lan bir \u00e7anta t\u00fcr\u00fcd\u00fcr. Bu \u00e7antalar genellikle dayan\u0131kl\u0131, rahat ve hafif olmalar\u0131 sebebiyle pop\u00fclerdir. Tela bez \u00e7antalar\u0131n yap\u0131m\u0131, tela bez par\u00e7alar\u0131n\u0131n kesilmesi, dikilmesi ve son olarak da astar eklenerek bitirilmesi \u015feklindedir. Tela bez \u00e7antalar kullan\u0131\u015fl\u0131d\u0131r \u00e7\u00fcnk\u00fc \u00e7ok y\u00f6nl\u00fc kullan\u0131labilirler. \u00d6rne\u011fin al\u0131\u015fveri\u015f yaparken, plajda, okulda veya i\u015f yerinde kullan\u0131labilirler. Promosyon olarak tela \u00e7antalar vermek pop\u00fcler bir se\u00e7enektir. Ayr\u0131ca, tela \u00e7antalar ekolojik ve geri d\u00f6n\u00fc\u015febilir \u00f6zelliklere sahiptir. Bu nedenle, i\u015fletmeler tela \u00e7antalar\u0131 promosyon olarak vermekte kullan\u0131c\u0131lar\u0131n ve do\u011fan\u0131n yarar\u0131na olmas\u0131n\u0131 sa\u011flar. Tela \u00e7anta maliyeti d\u00fc\u015f\u00fck olmas\u0131 nedeniyle i\u015fletmeler i\u00e7in uygun bir se\u00e7enektir. Ayr\u0131ca, tela \u00e7antalar\u0131n \u00e7e\u015fitli boyut ve renk se\u00e7enekleri mevcut oldu\u011fu i\u00e7in, i\u015fletmelerin marka imajlar\u0131na ve hedef kitlelerine uygun \u00e7antalar\u0131 se\u00e7meleri m\u00fcmk\u00fcnd\u00fcr.<br \/>\n%100 yerli \u00fcretim olan Nonwoven al\u0131\u015fveri\u015f \u00e7antas\u0131 \u00e7evre dostu ve ekonomiktir. Market, eczane, fuar alanlar\u0131 vb. yerlerde kullanabilece\u011finiz \u00e7antalar\u0131m\u0131z diledi\u011finiz renk, gramaj, \u00f6l\u00e7\u00fc ve bask\u0131 ile \u00fcretilebilir. Bask\u0131 alan\u0131nda renge ve boyuta g\u00f6re de\u011fi\u015fiklik olabilmektedir. Siyah renk kuma\u015fl\u0131 \u00e7antalarda en sa\u011fl\u0131kl\u0131 \u015fekilde g\u00fcm\u00fc\u015f ve alt\u0131n renk bask\u0131 yap\u0131lmaktad\u0131r. Kulplu k\u00f6r\u00fckl\u00fc \u00e7antalar\u0131m\u0131z nonwoven kuma\u015ftan ultrasonik kaynak veya diki\u015f teknolojisi ile \u00fcretiyoruz.<br \/>\nHammadde t\u00fcr\u00fc: NONWOVEN (Tela) kuma\u015f ve renk se\u00e7enekleri<br \/>\nDiki\u015f: Diki\u015fli veya Ultrasonik kaynak<br \/>\nLaminasyon veya flekso bask\u0131 se\u00e7ene\u011fi.<br \/>\nDimensions: \nWidth;  Requested Width is possible<br \/>\nLength; Requested length is possible<br \/>\nK\u00f6r\u00fck: yan veya alt k\u00f6r\u00fck ekleme se\u00e7ene\u011fi mevcuttur.<br \/>\nBask\u0131: Flekso bask\u0131da maksimum 4 renge kadar bask\u0131 yap\u0131l\u0131rken, laminasyonlu bask\u0131da 8 renge kadar yap\u0131labilmektedir<br \/>\nKal\u0131nl\u0131k: Minimum 50 gram olmak \u00fczere \u00fcretim yap\u0131labilmektedir.<br \/>\nKulp: istenilen renkte kulp kullan\u0131l\u0131r.<br \/>\nKullan\u0131m Alanlar\u0131: eczaneler, marketler, ma\u011fazalar, fuar alanlar\u0131, oteller, da\u011f\u0131t\u0131m kampanyalar\u0131, aksesuarlar, pastaneler vb.<br \/>\nMinimum \u00fcretim adedi 10.000 adet.<br \/>\nTermin yakla\u015f\u0131k 30 g\u00fcn<br \/>\n\u00dcretimde + &#8211; % 10 \u00fcretim fark\u0131 \u00e7\u0131kabilir.\n\t<a href=\"https:\/\/packetcim.com\/en\/iletisim\/\" target=\"_self\" role=\"button\" aria-label=\"For more information, contact us\">\n\t\t\t\tDaha fazla bilgi i\u00e7in l\u00fctfen bizimle ileti\u015fime ge\u00e7in!\n\t\t\t\t\tAkl\u0131n\u0131za tak\u0131lan her \u015fey i\u00e7in l\u00fctfen bizimle ileti\u015fime ge\u00e7in, size destek olal\u0131m.\n\t\t\t<\/a>\n\t\t\t\t<img loading=\"lazy\" decoding=\"async\" src=\"https:\/\/packetcim.com\/wp-content\/uploads\/2025\/03\/packetcim-logo-02.png\" alt=\"packetcim-logo-02\" itemprop=\"image\" height=\"358\" width=\"1097\" title=\"packetcim-logo-02\" onerror=\"this.style.display='none'\"  \/>\n\t<p><strong>Packetcim<\/strong>\u00a0is a full-service, customer-focused packaging supply company. We are dedicated to providing superior products and service at an affordable price.<\/p>\n<h2>\n\t\tQuick Menu\n\t<\/h2>\n<h2>\n\t\tProduct Range\n\t<\/h2>\n<h2>\n\t\tContact\n\t<\/h2>\n\t<p>\u00a9 Copyright 2024 <strong>Packetcim Ambalaj<\/strong><\/p>\n\t<p>Web Design <strong><a href=\"http:\/\/www.artmedigital.com\">ArtMe Digital<\/a><a href=\"http:\/\/www.artmedigital.com\/\">\u00ae<\/a><\/strong><\/p>","protected":false},"excerpt":{"rendered":"<p>Tela Bez \u00c7anta, y\u00fcksek kaliteli &hellip;<\/p>\n<p class=\"read-more\"> <a class=\"\" href=\"https:\/\/packetcim.com\/en\/urunlerimiz\/nonwoventela\/kulplu-tela-canta\/\"> <span class=\"screen-reader-text\">Loop Handle Bag<\/span> Read More \u00bb<\/a><\/p>","protected":false},"author":13,"featured_media":5062,"parent":3665,"menu_order":0,"comment_status":"closed","ping_status":"closed","template":"","meta":{"site-sidebar-layout":"no-sidebar","site-content-layout":"page-builder","ast-global-header-display":"","ast-main-header-display":"","ast-hfb-above-header-display":null,"ast-hfb-below-header-display":null,"ast-hfb-mobile-header-display":"","site-post-title":"disabled","ast-breadcrumbs-content":null,"ast-featured-img":"disabled","footer-sml-layout":"","theme-transparent-header-meta":"default","adv-header-id-meta":"","stick-header-meta":"default","header-above-stick-meta":null,"header-main-stick-meta":"","header-below-stick-meta":null,"_joinchat":[],"footnotes":""},"class_list":["post-4451","page","type-page","status-publish","has-post-thumbnail","hentry"],"_links":{"self":[{"href":"https:\/\/packetcim.com\/en\/wp-json\/wp\/v2\/pages\/4451","targetHints":{"allow":["GET"]}}],"collection":[{"href":"https:\/\/packetcim.com\/en\/wp-json\/wp\/v2\/pages"}],"about":[{"href":"https:\/\/packetcim.com\/en\/wp-json\/wp\/v2\/types\/page"}],"author":[{"embeddable":true,"href":"https:\/\/packetcim.com\/en\/wp-json\/wp\/v2\/users\/13"}],"replies":[{"embeddable":true,"href":"https:\/\/packetcim.com\/en\/wp-json\/wp\/v2\/comments?post=4451"}],"version-history":[{"count":0,"href":"https:\/\/packetcim.com\/en\/wp-json\/wp\/v2\/pages\/4451\/revisions"}],"up":[{"embeddable":true,"href":"https:\/\/packetcim.com\/en\/wp-json\/wp\/v2\/pages\/3665"}],"wp:featuredmedia":[{"embeddable":true,"href":"https:\/\/packetcim.com\/en\/wp-json\/wp\/v2\/media\/5062"}],"wp:attachment":[{"href":"https:\/\/packetcim.com\/en\/wp-json\/wp\/v2\/media?parent=4451"}],"curies":[{"name":"wp","href":"https:\/\/api.w.org\/{rel}","templated":true}]}}