{"id":4440,"date":"2025-03-05T22:09:05","date_gmt":"2025-03-05T22:09:05","guid":{"rendered":"https:\/\/packetcim.com\/?page_id=4440"},"modified":"2025-03-27T08:36:15","modified_gmt":"2025-03-27T08:36:15","slug":"paket-servis-menu-kutusu","status":"publish","type":"page","link":"https:\/\/packetcim.com\/en\/urunlerimiz\/karton\/paket-servis-menu-kutusu\/","title":{"rendered":"Cartoon Food Tray"},"content":{"rendered":"<h2>\n\t\tCartoon Food Tray\n\t<\/h2>\n\t<div class=\"ast-breadcrumbs-wrapper\">\r\n\t\t\t<div class=\"ast-breadcrumbs-inner\"><nav role=\"navigation\" aria-label=\"Breadcrumbs\" class=\"breadcrumb-trail breadcrumbs\" ><div class=\"ast-breadcrumbs\"><ul class=\"trail-items\" ><li  class=\"trail-item trail-end\"><span><a href=\"https:\/\/packetcim.com\/en\/\" rel=\"home\"><span >Home<\/span><\/a><\/span><\/li><\/ul><\/div><\/nav><\/div>\r\n\t\t<\/div>\n\t\t\t\t<img loading=\"lazy\" decoding=\"async\" src=\"https:\/\/packetcim.com\/wp-content\/uploads\/2025\/03\/paket-servis-menu-kutusu.webp\" alt=\"paket-servis-menu-kutusu\" itemprop=\"image\" height=\"1000\" width=\"1000\" title=\"paket-servis-menu-kutusu\" onerror=\"this.style.display='none'\"  \/>\n<h2>\n\t\tCartoon Food Tray\n\t<\/h2>\n\tCarton trays are specified to safely serving your hot and yummy foods . Carton trays are actually suited  for service of all appetizing delicacy. They can be used to lots of street appetizers such as lokma, Kumpir, onion rings, Churros, French fries, nuts or beans ,Rice and more. With Packetcim, carry out your tray presentations safely.<br \/>\nRaw Material: Bristol (white inside and out), Chrome (white outside, gray inside), Kraft (brown Kraft both inside and out), Kraft Back (ckb; Kraft outside, white inside)<br \/>\nLamination: Glossy or Matte Cellophane, Mother-of-pearl, Metallized, PE<br \/>\nKarton Gramaj: 230 gr\/mt2 &#8211; 350 mt2<br \/>\nPrinting: CMYK, Dispersion Lacquer<br \/>\nEmbossing: It is a process of embossing and crushing.<br \/>\nFoil Stamping: It involves gold and silver leaf printing.<br \/>\nGrain: It is a patterning process that can be applied to create a cardboard texture on the surface.<br \/>\nLacquer: It can be applied as Local Lacquer or Embossed Lacquer. Local Lacquer refers to a glossy print on a specified area of the print surface, while Embossed Lacquer refers to an embossed glossy print.\n\t<a href=\"https:\/\/packetcim.com\/en\/iletisim\/\" target=\"_self\" role=\"button\" aria-label=\"For more information, contact us\">\n\t\t\t\tDaha fazla bilgi i\u00e7in l\u00fctfen bizimle ileti\u015fime ge\u00e7in!\n\t\t\t\t\tAkl\u0131n\u0131za tak\u0131lan her \u015fey i\u00e7in l\u00fctfen bizimle ileti\u015fime ge\u00e7in, size destek olal\u0131m.\n\t\t\t<\/a>\n\t\t\t\t<img loading=\"lazy\" decoding=\"async\" src=\"https:\/\/packetcim.com\/wp-content\/uploads\/2025\/03\/packetcim-logo-02.png\" alt=\"packetcim-logo-02\" itemprop=\"image\" height=\"358\" width=\"1097\" title=\"packetcim-logo-02\" onerror=\"this.style.display='none'\"  \/>\n\t<p><strong>Packetcim<\/strong>\u00a0is a full-service, customer-focused packaging supply company. We are dedicated to providing superior products and service at an affordable price.<\/p>\n<h2>\n\t\tQuick Menu\n\t<\/h2>\n<h2>\n\t\tProduct Range\n\t<\/h2>\n<h2>\n\t\tContact\n\t<\/h2>\n\t<p>\u00a9 Copyright 2024 <strong>Packetcim Ambalaj<\/strong><\/p>\n\t<p>Web Design <strong><a href=\"http:\/\/www.artmedigital.com\">ArtMe Digital<\/a><a href=\"http:\/\/www.artmedigital.com\/\">\u00ae<\/a><\/strong><\/p>","protected":false},"excerpt":{"rendered":"<p>\u0130\u015fletmelerin online internetten ald\u0131klar\u0131 sipari\u015flerin &hellip;<\/p>\n<p class=\"read-more\"> <a class=\"\" href=\"https:\/\/packetcim.com\/en\/urunlerimiz\/karton\/paket-servis-menu-kutusu\/\"> <span class=\"screen-reader-text\">Cartoon Food Tray<\/span> Read More \u00bb<\/a><\/p>","protected":false},"author":13,"featured_media":5068,"parent":3667,"menu_order":0,"comment_status":"closed","ping_status":"closed","template":"","meta":{"site-sidebar-layout":"no-sidebar","site-content-layout":"page-builder","ast-global-header-display":"","ast-main-header-display":"","ast-hfb-above-header-display":null,"ast-hfb-below-header-display":null,"ast-hfb-mobile-header-display":"","site-post-title":"disabled","ast-breadcrumbs-content":null,"ast-featured-img":"disabled","footer-sml-layout":"","theme-transparent-header-meta":"default","adv-header-id-meta":"","stick-header-meta":"default","header-above-stick-meta":null,"header-main-stick-meta":"","header-below-stick-meta":null,"_joinchat":[],"footnotes":""},"class_list":["post-4440","page","type-page","status-publish","has-post-thumbnail","hentry"],"_links":{"self":[{"href":"https:\/\/packetcim.com\/en\/wp-json\/wp\/v2\/pages\/4440","targetHints":{"allow":["GET"]}}],"collection":[{"href":"https:\/\/packetcim.com\/en\/wp-json\/wp\/v2\/pages"}],"about":[{"href":"https:\/\/packetcim.com\/en\/wp-json\/wp\/v2\/types\/page"}],"author":[{"embeddable":true,"href":"https:\/\/packetcim.com\/en\/wp-json\/wp\/v2\/users\/13"}],"replies":[{"embeddable":true,"href":"https:\/\/packetcim.com\/en\/wp-json\/wp\/v2\/comments?post=4440"}],"version-history":[{"count":0,"href":"https:\/\/packetcim.com\/en\/wp-json\/wp\/v2\/pages\/4440\/revisions"}],"up":[{"embeddable":true,"href":"https:\/\/packetcim.com\/en\/wp-json\/wp\/v2\/pages\/3667"}],"wp:featuredmedia":[{"embeddable":true,"href":"https:\/\/packetcim.com\/en\/wp-json\/wp\/v2\/media\/5068"}],"wp:attachment":[{"href":"https:\/\/packetcim.com\/en\/wp-json\/wp\/v2\/media?parent=4440"}],"curies":[{"name":"wp","href":"https:\/\/api.w.org\/{rel}","templated":true}]}}