{"id":4433,"date":"2025-03-05T22:07:47","date_gmt":"2025-03-05T22:07:47","guid":{"rendered":"https:\/\/packetcim.com\/?page_id=4433"},"modified":"2025-03-27T08:33:57","modified_gmt":"2025-03-27T08:33:57","slug":"baklava-kutusu","status":"publish","type":"page","link":"https:\/\/packetcim.com\/en\/urunlerimiz\/karton\/baklava-kutusu\/","title":{"rendered":"Baklava Box"},"content":{"rendered":"<h2>\n\t\tBaklava Box\n\t<\/h2>\n\t<div class=\"ast-breadcrumbs-wrapper\">\r\n\t\t\t<div class=\"ast-breadcrumbs-inner\"><nav role=\"navigation\" aria-label=\"Breadcrumbs\" class=\"breadcrumb-trail breadcrumbs\" ><div class=\"ast-breadcrumbs\"><ul class=\"trail-items\" ><li  class=\"trail-item trail-end\"><span><a href=\"https:\/\/packetcim.com\/en\/\" rel=\"home\"><span >Home<\/span><\/a><\/span><\/li><\/ul><\/div><\/nav><\/div>\r\n\t\t<\/div>\n\t\t\t\t<img loading=\"lazy\" decoding=\"async\" src=\"https:\/\/packetcim.com\/wp-content\/uploads\/2025\/03\/baklava-kutusu.webp\" alt=\"baklava-kutusu\" itemprop=\"image\" height=\"1000\" width=\"1000\" title=\"baklava-kutusu\" onerror=\"this.style.display='none'\"  \/>\n<h2>\n\t\tBaklava Box\n\t<\/h2>\n\tBaklava, T\u00fcrk tatl\u0131lar\u0131n\u0131n en sevilen ve en \u00f6zel lezzetlerinden biridir. Bu e\u015fsiz tatl\u0131n\u0131n m\u00fc\u015fterilere en iyi \u015fekilde ula\u015fabilmesi i\u00e7in dayan\u0131kl\u0131 ve \u015f\u0131k ambalaj \u00e7\u00f6z\u00fcmlerine ihtiya\u00e7 duyulur. Baklava kutusu \u015ferbetli tatl\u0131lar i\u00e7in \u00f6zel \u00fcretilmi\u015f bir kutu tipidir. Kartondan \u00fcretilecek bir kutu ise, kutu yap\u0131lacak k\u00e2\u011f\u0131t \u00f6ncelikle bask\u0131ya girer ve kutunun d\u0131\u015f\u0131nda kalacak tarafa m\u00fc\u015fterinin tasar\u0131m\u0131 &#8211; logosu bas\u0131l\u0131r. Ard\u0131ndan kutunun i\u00e7 taraf\u0131nda kalacak k\u0131s\u0131ma sedef selefon kaplan\u0131r. Selefon kutuyu g\u0131da temas\u0131na uygun hale getirir. Bu selefonun temel amac\u0131 baklava i\u00e7erisindeki \u015ferbetin d\u0131\u015far\u0131 ta\u015f\u0131rma veya ak\u0131tma olmamas\u0131n\u0131 sa\u011flamakt\u0131r. Kutu yapt\u0131ran firman\u0131n ihtiyac\u0131na g\u00f6re d\u0131\u015f bask\u0131 haricinde Gofre, Yald\u0131z bask\u0131 gibi farkl\u0131 bask\u0131 se\u00e7enekleri de vard\u0131r. Sonraki ad\u0131mda kutu kesime girer. Kesimden sonra ay\u0131klamas\u0131 yap\u0131lacak deste paketler halinde haz\u0131rlan\u0131r. K\u00e2\u011f\u0131ttan \u00fcretilen kutular haricinde metal, \u015feffaf asetat ve ah\u015faptan \u00fcretilen baklava kutular\u0131 de mevcuttur.<br \/>\nRaw Material: Bristol (white inside and out), Chrome (white outside, gray inside), Kraft (brown Kraft both inside and out), Kraft Back (ckb; Kraft outside, white inside)<br \/>\nLamination: Glossy or Matte Cellophane, Mother-of-pearl, Metallized, PE<br \/>\nKarton Gramaj: 230 gr\/mt2 &#8211; 350 mt2<br \/>\nPrinting: CMYK, Dispersion Lacquer<br \/>\nEmbossing: It is a process of embossing and crushing.<br \/>\nFoil Stamping: It involves gold and silver leaf printing.<br \/>\nGrain: It is a patterning process that can be applied to create a cardboard texture on the surface.<br \/>\nLacquer: It can be applied as Local Lacquer or Embossed Lacquer. Local Lacquer refers to a glossy print on a specified area of the print surface, while Embossed Lacquer refers to an embossed glossy print.<br \/>\nGrosgrain and Satin Ribbon: Varieties can be used in desired thickness and length for processing.<br \/>\nCotton Cord: Can be used in desired colors and lengths for processing.\n\t<a href=\"https:\/\/packetcim.com\/en\/iletisim\/\" target=\"_self\" role=\"button\" aria-label=\"For more information, contact us\">\n\t\t\t\tDaha fazla bilgi i\u00e7in l\u00fctfen bizimle ileti\u015fime ge\u00e7in!\n\t\t\t\t\tAkl\u0131n\u0131za tak\u0131lan her \u015fey i\u00e7in l\u00fctfen bizimle ileti\u015fime ge\u00e7in, size destek olal\u0131m.\n\t\t\t<\/a>\n\t\t\t\t<img loading=\"lazy\" decoding=\"async\" src=\"https:\/\/packetcim.com\/wp-content\/uploads\/2025\/03\/packetcim-logo-02.png\" alt=\"packetcim-logo-02\" itemprop=\"image\" height=\"358\" width=\"1097\" title=\"packetcim-logo-02\" onerror=\"this.style.display='none'\"  \/>\n\t<p><strong>Packetcim<\/strong>\u00a0is a full-service, customer-focused packaging supply company. We are dedicated to providing superior products and service at an affordable price.<\/p>\n<h2>\n\t\tQuick Menu\n\t<\/h2>\n<h2>\n\t\tProduct Range\n\t<\/h2>\n<h2>\n\t\tContact\n\t<\/h2>\n\t<p>\u00a9 Copyright 2024 <strong>Packetcim Ambalaj<\/strong><\/p>\n\t<p>Web Design <strong><a href=\"http:\/\/www.artmedigital.com\">ArtMe Digital<\/a><a href=\"http:\/\/www.artmedigital.com\/\">\u00ae<\/a><\/strong><\/p>","protected":false},"excerpt":{"rendered":"<p>Baklava, T\u00fcrk tatl\u0131lar\u0131n\u0131n en sevilen &hellip;<\/p>\n<p class=\"read-more\"> <a class=\"\" href=\"https:\/\/packetcim.com\/en\/urunlerimiz\/karton\/baklava-kutusu\/\"> <span class=\"screen-reader-text\">Baklava Box<\/span> Read More \u00bb<\/a><\/p>","protected":false},"author":13,"featured_media":5037,"parent":3667,"menu_order":0,"comment_status":"closed","ping_status":"closed","template":"","meta":{"site-sidebar-layout":"no-sidebar","site-content-layout":"page-builder","ast-global-header-display":"","ast-main-header-display":"","ast-hfb-above-header-display":null,"ast-hfb-below-header-display":null,"ast-hfb-mobile-header-display":"","site-post-title":"disabled","ast-breadcrumbs-content":null,"ast-featured-img":"disabled","footer-sml-layout":"","theme-transparent-header-meta":"default","adv-header-id-meta":"","stick-header-meta":"default","header-above-stick-meta":null,"header-main-stick-meta":"","header-below-stick-meta":null,"_joinchat":[],"footnotes":""},"class_list":["post-4433","page","type-page","status-publish","has-post-thumbnail","hentry"],"_links":{"self":[{"href":"https:\/\/packetcim.com\/en\/wp-json\/wp\/v2\/pages\/4433","targetHints":{"allow":["GET"]}}],"collection":[{"href":"https:\/\/packetcim.com\/en\/wp-json\/wp\/v2\/pages"}],"about":[{"href":"https:\/\/packetcim.com\/en\/wp-json\/wp\/v2\/types\/page"}],"author":[{"embeddable":true,"href":"https:\/\/packetcim.com\/en\/wp-json\/wp\/v2\/users\/13"}],"replies":[{"embeddable":true,"href":"https:\/\/packetcim.com\/en\/wp-json\/wp\/v2\/comments?post=4433"}],"version-history":[{"count":0,"href":"https:\/\/packetcim.com\/en\/wp-json\/wp\/v2\/pages\/4433\/revisions"}],"up":[{"embeddable":true,"href":"https:\/\/packetcim.com\/en\/wp-json\/wp\/v2\/pages\/3667"}],"wp:featuredmedia":[{"embeddable":true,"href":"https:\/\/packetcim.com\/en\/wp-json\/wp\/v2\/media\/5037"}],"wp:attachment":[{"href":"https:\/\/packetcim.com\/en\/wp-json\/wp\/v2\/media?parent=4433"}],"curies":[{"name":"wp","href":"https:\/\/api.w.org\/{rel}","templated":true}]}}