{"id":3719,"date":"2024-11-07T22:49:07","date_gmt":"2024-11-07T22:49:07","guid":{"rendered":"https:\/\/packetcim.com\/?page_id=3719"},"modified":"2025-03-27T08:23:47","modified_gmt":"2025-03-27T08:23:47","slug":"cop-ve-atik-torbalari","status":"publish","type":"page","link":"https:\/\/packetcim.com\/en\/urunlerimiz\/endustriyel-ambalaj\/cop-ve-atik-torbalari\/","title":{"rendered":"Garbage And Waste Bag"},"content":{"rendered":"<h2>\n\t\tGarbage And Waste Bag\n\t<\/h2>\n\t<div class=\"ast-breadcrumbs-wrapper\">\r\n\t\t\t<div class=\"ast-breadcrumbs-inner\"><nav role=\"navigation\" aria-label=\"Breadcrumbs\" class=\"breadcrumb-trail breadcrumbs\" ><div class=\"ast-breadcrumbs\"><ul class=\"trail-items\" ><li  class=\"trail-item trail-end\"><span><a href=\"https:\/\/packetcim.com\/en\/\" rel=\"home\"><span >Home<\/span><\/a><\/span><\/li><\/ul><\/div><\/nav><\/div>\r\n\t\t<\/div>\n\t\t\t\t<img loading=\"lazy\" decoding=\"async\" src=\"https:\/\/packetcim.com\/wp-content\/uploads\/2025\/03\/cop-atik-torbalari.webp\" alt=\"cop-atik-torbalari\" itemprop=\"image\" height=\"1000\" width=\"1000\" title=\"cop-atik-torbalari\" onerror=\"this.style.display='none'\"  \/>\n<h2>\n\t\tGarbage And Waste Bag\n\t<\/h2>\n\tBirinci Kalite ve \u0130kinci Kalite olarak iki tip \u00fcretimi mevcuttur.Birinci Kalite \u00dcr\u00fcnler, orijinal hammadde ve katk\u0131lar kullan\u0131larak yap\u0131lan \u00fcr\u00fcnlerdir. \u0130kinci Kalite \u00dcr\u00fcnler, geri D\u00f6n\u00fc\u015f\u00fcmden elde edilmi\u015f gran\u00fcller ile yap\u0131lan \u00fcr\u00fcnlerdir. Her renk \u00fcretilebilmektedir. \u0130ste\u011fe ba\u011fl\u0131 olarak tek tarafa, 4 renge kadar bask\u0131 yap\u0131labilir. \u00dcr\u00fcnler rulo halinde veya d\u00f6kme olarak haz\u0131rlanabilir. Hastane ve Laboratuvar kullan\u0131mlar\u0131 i\u00e7in &#8220;At\u0131k Y\u00f6netmeli\u011fine&#8221; uygun standartlarda \u00fcr\u00fcn \u00fcretimi yap\u0131labilmektedir.<br \/>\nIndustrial Garbage Bag<br \/>\nHousehold Type Garbage Bag<br \/>\nHeavy Debris Bag<br \/>\nMedical Waste Bag<br \/>\nRaw Material: HDPE, LDPE, MDPE material and color options We can extrude mono or coex layered films.<br \/>\nPrinting: : Flexo printing is possible to print up to 4 colors.<br \/>\nDimensions: \nWidth;  Requested width is possible between :50-200 cm<br \/>\nLength; Requested length is possible  as maximum 500 cm<br \/>\nThickness: Requested thickness  is possible as minimum 40 micron<br \/>\nFolding Type: C fold\/Z fold\/G fold\/V fold\/Double Fold<br \/>\nWelding type : Regular Welding\/Star Seal<br \/>\nMouth Converting Type: Straight Cut\/S Cut\/Sport Cut<br \/>\nSmell: Vanilla\/Banana\/Strawberry<br \/>\nVirgin, Recycled  raw material or Recycled content material options are available<br \/>\nRaw material type: HDPE \/ LDPE \/ MDPE material and color options\n\t<a href=\"https:\/\/packetcim.com\/en\/iletisim\/\" target=\"_self\" role=\"button\" aria-label=\"For more information, contact us\">\n\t\t\t\tDaha fazla bilgi i\u00e7in l\u00fctfen bizimle ileti\u015fime ge\u00e7in!\n\t\t\t\t\tAkl\u0131n\u0131za tak\u0131lan her \u015fey i\u00e7in l\u00fctfen bizimle ileti\u015fime ge\u00e7in, size destek olal\u0131m.\n\t\t\t<\/a>\n\t\t\t\t<img loading=\"lazy\" decoding=\"async\" src=\"https:\/\/packetcim.com\/wp-content\/uploads\/2025\/03\/packetcim-logo-02.png\" alt=\"packetcim-logo-02\" itemprop=\"image\" height=\"358\" width=\"1097\" title=\"packetcim-logo-02\" onerror=\"this.style.display='none'\"  \/>\n\t<p><strong>Packetcim<\/strong>\u00a0is a full-service, customer-focused packaging supply company. We are dedicated to providing superior products and service at an affordable price.<\/p>\n<h2>\n\t\tQuick Menu\n\t<\/h2>\n<h2>\n\t\tProduct Range\n\t<\/h2>\n<h2>\n\t\tContact\n\t<\/h2>\n\t<p>\u00a9 Copyright 2024 <strong>Packetcim Ambalaj<\/strong><\/p>\n\t<p>Web Design <strong><a href=\"http:\/\/www.artmedigital.com\">ArtMe Digital<\/a><a href=\"http:\/\/www.artmedigital.com\/\">\u00ae<\/a><\/strong><\/p>","protected":false},"excerpt":{"rendered":"<p>Birinci Kalite ve \u0130kinci Kalite &hellip;<\/p>\n<p class=\"read-more\"> <a class=\"\" href=\"https:\/\/packetcim.com\/en\/urunlerimiz\/endustriyel-ambalaj\/cop-ve-atik-torbalari\/\"> <span class=\"screen-reader-text\">Garbage And Waste Bag<\/span> Read More \u00bb<\/a><\/p>","protected":false},"author":13,"featured_media":5043,"parent":3664,"menu_order":0,"comment_status":"closed","ping_status":"closed","template":"","meta":{"site-sidebar-layout":"no-sidebar","site-content-layout":"page-builder","ast-global-header-display":"","ast-main-header-display":"","ast-hfb-above-header-display":null,"ast-hfb-below-header-display":null,"ast-hfb-mobile-header-display":"","site-post-title":"disabled","ast-breadcrumbs-content":null,"ast-featured-img":"disabled","footer-sml-layout":"","theme-transparent-header-meta":"default","adv-header-id-meta":"","stick-header-meta":"default","header-above-stick-meta":null,"header-main-stick-meta":"","header-below-stick-meta":null,"_joinchat":[],"footnotes":""},"class_list":["post-3719","page","type-page","status-publish","has-post-thumbnail","hentry"],"_links":{"self":[{"href":"https:\/\/packetcim.com\/en\/wp-json\/wp\/v2\/pages\/3719","targetHints":{"allow":["GET"]}}],"collection":[{"href":"https:\/\/packetcim.com\/en\/wp-json\/wp\/v2\/pages"}],"about":[{"href":"https:\/\/packetcim.com\/en\/wp-json\/wp\/v2\/types\/page"}],"author":[{"embeddable":true,"href":"https:\/\/packetcim.com\/en\/wp-json\/wp\/v2\/users\/13"}],"replies":[{"embeddable":true,"href":"https:\/\/packetcim.com\/en\/wp-json\/wp\/v2\/comments?post=3719"}],"version-history":[{"count":0,"href":"https:\/\/packetcim.com\/en\/wp-json\/wp\/v2\/pages\/3719\/revisions"}],"up":[{"embeddable":true,"href":"https:\/\/packetcim.com\/en\/wp-json\/wp\/v2\/pages\/3664"}],"wp:featuredmedia":[{"embeddable":true,"href":"https:\/\/packetcim.com\/en\/wp-json\/wp\/v2\/media\/5043"}],"wp:attachment":[{"href":"https:\/\/packetcim.com\/en\/wp-json\/wp\/v2\/media?parent=3719"}],"curies":[{"name":"wp","href":"https:\/\/api.w.org\/{rel}","templated":true}]}}