{"id":3718,"date":"2024-11-07T22:49:55","date_gmt":"2024-11-07T22:49:55","guid":{"rendered":"https:\/\/packetcim.com\/?page_id=3718"},"modified":"2025-03-27T08:27:09","modified_gmt":"2025-03-27T08:27:09","slug":"hortum-tek-tarafi-acik-duz-yaprak-film","status":"publish","type":"page","link":"https:\/\/packetcim.com\/en\/urunlerimiz\/endustriyel-ambalaj\/hortum-tek-tarafi-acik-duz-yaprak-film\/","title":{"rendered":"Tubing\/Center Fold Sheeting\/Single Wound Sheeting Film"},"content":{"rendered":"<h2>\n\t\tTubing\/Center Fold Sheeting\/Single Wound Sheeting Film\n\t<\/h2>\n\t<div class=\"ast-breadcrumbs-wrapper\">\r\n\t\t\t<div class=\"ast-breadcrumbs-inner\"><nav role=\"navigation\" aria-label=\"Breadcrumbs\" class=\"breadcrumb-trail breadcrumbs\" ><div class=\"ast-breadcrumbs\"><ul class=\"trail-items\" ><li  class=\"trail-item trail-end\"><span><a href=\"https:\/\/packetcim.com\/en\/\" rel=\"home\"><span >Home<\/span><\/a><\/span><\/li><\/ul><\/div><\/nav><\/div>\r\n\t\t<\/div>\n\t\t\t\t<img loading=\"lazy\" decoding=\"async\" src=\"https:\/\/packetcim.com\/wp-content\/uploads\/2025\/03\/hortum-tek-tarafi-acik-duz-yaprak-film.webp\" alt=\"hortum-tek-tarafi-acik-duz-yaprak-film\" itemprop=\"image\" height=\"1000\" width=\"1000\" title=\"hortum-tek-tarafi-acik-duz-yaprak-film\" onerror=\"this.style.display='none'\"  \/>\n<h2>\n\t\tTubing\/Center Fold Sheeting\/Single Wound Sheeting Film\n\t<\/h2>\n\t<p>Polyethelne film on Roll is manufactured from PE material. It can be produced in the requested  colors and sizes, and  manufactuted from recycled raw materials are possible . PE film on Roll is a general fim used in the packing, storing and transporting of all goods. PE film is also customized as flexo printing. We can also manufacture ventilation or tear perforation ( tear-off). We can also apply to film as cold needle perforation if requested. PE Film is used in packing and transporting of foods. PE film Roll is used in agricultural packing and transporting. PE film Roll is used in the construction sector. PE film Roll is used in packing and transporting of goods in the chemical sector.<\/p>\nRaw Material: HDPE, LDPE, MDPE material and color options We can extrude mono or coex layered films.<br \/>\nPrinting: : Flexo printing is possible to print up to 4 colors.<br \/>\nDimensions: \nWidth;  Requested Width is possible<br \/>\nLength; Requested length is possible<br \/>\nThickness: Requested thickness is possible<br \/>\nFolding type: Center Fold Sheet\u0131ng \/ Flat Tub\u0131ng \/Gusseted Tub\u0131ng \/ S\u0131ngle Wound Sheet\u0131ng  \/ Double Wound Sheet\u0131ng \/Mult\u0131fold Sheet\u0131ng<br \/>\nVirgin, Recycled  raw material or Recycled content material options are available<br \/>\nRaw material type: HDPE \/ LDPE \/ MDPE material and color options\n\t<a href=\"https:\/\/packetcim.com\/en\/iletisim\/\" target=\"_self\" role=\"button\" aria-label=\"For more information, contact us\">\n\t\t\t\tDaha fazla bilgi i\u00e7in l\u00fctfen bizimle ileti\u015fime ge\u00e7in!\n\t\t\t\t\tAkl\u0131n\u0131za tak\u0131lan her \u015fey i\u00e7in l\u00fctfen bizimle ileti\u015fime ge\u00e7in, size destek olal\u0131m.\n\t\t\t<\/a>\n\t\t\t\t<img loading=\"lazy\" decoding=\"async\" src=\"https:\/\/packetcim.com\/wp-content\/uploads\/2025\/03\/packetcim-logo-02.png\" alt=\"packetcim-logo-02\" itemprop=\"image\" height=\"358\" width=\"1097\" title=\"packetcim-logo-02\" onerror=\"this.style.display='none'\"  \/>\n\t<p><strong>Packetcim<\/strong>\u00a0is a full-service, customer-focused packaging supply company. We are dedicated to providing superior products and service at an affordable price.<\/p>\n<h2>\n\t\tQuick Menu\n\t<\/h2>\n<h2>\n\t\tProduct Range\n\t<\/h2>\n<h2>\n\t\tContact\n\t<\/h2>\n\t<p>\u00a9 Copyright 2024 <strong>Packetcim Ambalaj<\/strong><\/p>\n\t<p>Web Design <strong><a href=\"http:\/\/www.artmedigital.com\">ArtMe Digital<\/a><a href=\"http:\/\/www.artmedigital.com\/\">\u00ae<\/a><\/strong><\/p>","protected":false},"excerpt":{"rendered":"<p>PE. Rulo, PE hammaddesinden \u00fcretilmektedir. &hellip;<\/p>\n<p class=\"read-more\"> <a class=\"\" href=\"https:\/\/packetcim.com\/en\/urunlerimiz\/endustriyel-ambalaj\/hortum-tek-tarafi-acik-duz-yaprak-film\/\"> <span class=\"screen-reader-text\">Tubing\/Center Fold Sheeting\/Single Wound Sheeting Film<\/span> Read More \u00bb<\/a><\/p>","protected":false},"author":13,"featured_media":5054,"parent":3664,"menu_order":0,"comment_status":"closed","ping_status":"closed","template":"","meta":{"site-sidebar-layout":"no-sidebar","site-content-layout":"page-builder","ast-global-header-display":"","ast-main-header-display":"","ast-hfb-above-header-display":null,"ast-hfb-below-header-display":null,"ast-hfb-mobile-header-display":"","site-post-title":"disabled","ast-breadcrumbs-content":null,"ast-featured-img":"disabled","footer-sml-layout":"","theme-transparent-header-meta":"default","adv-header-id-meta":"","stick-header-meta":"default","header-above-stick-meta":null,"header-main-stick-meta":"","header-below-stick-meta":null,"_joinchat":[],"footnotes":""},"class_list":["post-3718","page","type-page","status-publish","has-post-thumbnail","hentry"],"_links":{"self":[{"href":"https:\/\/packetcim.com\/en\/wp-json\/wp\/v2\/pages\/3718","targetHints":{"allow":["GET"]}}],"collection":[{"href":"https:\/\/packetcim.com\/en\/wp-json\/wp\/v2\/pages"}],"about":[{"href":"https:\/\/packetcim.com\/en\/wp-json\/wp\/v2\/types\/page"}],"author":[{"embeddable":true,"href":"https:\/\/packetcim.com\/en\/wp-json\/wp\/v2\/users\/13"}],"replies":[{"embeddable":true,"href":"https:\/\/packetcim.com\/en\/wp-json\/wp\/v2\/comments?post=3718"}],"version-history":[{"count":0,"href":"https:\/\/packetcim.com\/en\/wp-json\/wp\/v2\/pages\/3718\/revisions"}],"up":[{"embeddable":true,"href":"https:\/\/packetcim.com\/en\/wp-json\/wp\/v2\/pages\/3664"}],"wp:featuredmedia":[{"embeddable":true,"href":"https:\/\/packetcim.com\/en\/wp-json\/wp\/v2\/media\/5054"}],"wp:attachment":[{"href":"https:\/\/packetcim.com\/en\/wp-json\/wp\/v2\/media?parent=3718"}],"curies":[{"name":"wp","href":"https:\/\/api.w.org\/{rel}","templated":true}]}}