{"id":3716,"date":"2024-11-07T22:47:10","date_gmt":"2024-11-07T22:47:10","guid":{"rendered":"https:\/\/packetcim.com\/?page_id=3716"},"modified":"2025-03-27T08:25:21","modified_gmt":"2025-03-27T08:25:21","slug":"otomatik-perforeli-rulo-paketleme-torbalari","status":"publish","type":"page","link":"https:\/\/packetcim.com\/en\/urunlerimiz\/endustriyel-ambalaj\/otomatik-perforeli-rulo-paketleme-torbalari\/","title":{"rendered":"Otomatik Perforeli Rulo Paketleme Torbalar\u0131"},"content":{"rendered":"<h2>\n\t\tOtomatik Perforeli Rulo Paketleme Torbalar\u0131\n\t<\/h2>\n\t<div class=\"ast-breadcrumbs-wrapper\">\r\n\t\t\t<div class=\"ast-breadcrumbs-inner\"><nav role=\"navigation\" aria-label=\"Breadcrumbs\" class=\"breadcrumb-trail breadcrumbs\" ><div class=\"ast-breadcrumbs\"><ul class=\"trail-items\" ><li  class=\"trail-item trail-end\"><span><a href=\"https:\/\/packetcim.com\/en\/\" rel=\"home\"><span >Home<\/span><\/a><\/span><\/li><\/ul><\/div><\/nav><\/div>\r\n\t\t<\/div>\n\t\t\t\t<img loading=\"lazy\" decoding=\"async\" src=\"https:\/\/packetcim.com\/wp-content\/uploads\/2025\/03\/otomatik-perforeli-rulo-paketleme-torbalari.webp\" alt=\"otomatik-perforeli-rulo-paketleme-torbalari\" itemprop=\"image\" height=\"1000\" width=\"1000\" title=\"otomatik-perforeli-rulo-paketleme-torbalari\" onerror=\"this.style.display='none'\"  \/>\n<h2>\n\t\tOtomatik Perforeli Rulo Paketleme Torbalar\u0131\n\t<\/h2>\n\tOtomatik paketleme po\u015fetleri, end\u00fcstriyel ve ticari i\u015fletmelerde \u00fcr\u00fcnleri h\u0131zl\u0131 ve verimli bir \u015fekilde paketlemek i\u00e7in kullan\u0131lan modern ambalaj \u00e7\u00f6z\u00fcmlerindendir. Bu \u00f6zel tasar\u0131m h\u0131\u015f\u0131r po\u015fetler, otomatik paketleme makineleri ile birlikte kullan\u0131larak \u00fcr\u00fcnlerin otomatik olarak paketlenmesini sa\u011flar. Otomasyonun getirdi\u011fi verimlilik ve h\u0131z, i\u015fletmelerin \u00fcretim s\u00fcre\u00e7lerini optimize etmelerine yard\u0131mc\u0131 olurken, ayn\u0131 zamanda \u00fcr\u00fcnlerin hijyenik ve d\u00fczenli bir \u015fekilde paketlenmesini sa\u011flar. M\u00fc\u015fteri taleplerine g\u00f6re farkl\u0131 boyutlarda \u00fcretilebilmektedir. Pek \u00e7ok \u00fcr\u00fcn paketlenmesinde, stoklanmas\u0131nda ve depolanmas\u0131nda kullan\u0131ld\u0131\u011f\u0131 i\u00e7in geni\u015f bir kullan\u0131m alan\u0131na sahiptir. \u00dcr\u00fcnlere herhangi bir zarar gelmesini \u00f6nler. Buzdolab\u0131 po\u015feti olarak kullan\u0131m\u0131 ile g\u0131da maddelerinin de saklanmas\u0131n\u0131 ve korunmas\u0131n\u0131 sa\u011flar. Otomasyon \u0130mkan\u0131: Otomatik paketleme po\u015fetleri, sonsuz rulo halinde ebatlar\u0131na g\u00f6re de\u011fi\u015fiklik g\u00f6sterir \u00f6zel makinelerle entegre edilerek otomatik paketleme i\u015flemi sa\u011flar. Bu, insan g\u00fcc\u00fcne gerek kalmadan s\u00fcrecin h\u0131zl\u0131 ve kesintisiz bir \u015fekilde ger\u00e7ekle\u015fmesini sa\u011flar.<br \/>\nRaw Material: HDPE, LDPE, MDPE material and color options We can extrude mono or coex layered films.<br \/>\nPrinting: : Flexo printing is possible to print up to 4 colors.<br \/>\nDimensions: \nWidth;  Requested Width is possible<br \/>\nLength; Requested length is possible<br \/>\nThickness: Requested thickness is possible<br \/>\nRulo kesim ve Katlama Tipi: Hortum veya K\u00f6r\u00fckl\u00fc Hortum<br \/>\nPerforasyon: kopmas\u0131 i\u00e7in tek tarafl\u0131 perforesi m\u00fcmk\u00fcnd\u00fcr.<br \/>\nVirgin, Recycled  raw material or Recycled content material options are available<br \/>\nHammadde t\u00fcr\u00fc: HDPE \/ LDPE \/ MDPE malzeme ve renk se\u00e7enekler.\n\t<a href=\"https:\/\/packetcim.com\/en\/iletisim\/\" target=\"_self\" role=\"button\" aria-label=\"For more information, contact us\">\n\t\t\t\tDaha fazla bilgi i\u00e7in l\u00fctfen bizimle ileti\u015fime ge\u00e7in!\n\t\t\t\t\tAkl\u0131n\u0131za tak\u0131lan her \u015fey i\u00e7in l\u00fctfen bizimle ileti\u015fime ge\u00e7in, size destek olal\u0131m.\n\t\t\t<\/a>\n\t\t\t\t<img loading=\"lazy\" decoding=\"async\" src=\"https:\/\/packetcim.com\/wp-content\/uploads\/2025\/03\/packetcim-logo-02.png\" alt=\"packetcim-logo-02\" itemprop=\"image\" height=\"358\" width=\"1097\" title=\"packetcim-logo-02\" onerror=\"this.style.display='none'\"  \/>\n\t<p><strong>Packetcim<\/strong>\u00a0is a full-service, customer-focused packaging supply company. We are dedicated to providing superior products and service at an affordable price.<\/p>\n<h2>\n\t\tQuick Menu\n\t<\/h2>\n<h2>\n\t\tProduct Range\n\t<\/h2>\n<h2>\n\t\tContact\n\t<\/h2>\n\t<p>\u00a9 Copyright 2024 <strong>Packetcim Ambalaj<\/strong><\/p>\n\t<p>Web Design <strong><a href=\"http:\/\/www.artmedigital.com\">ArtMe Digital<\/a><a href=\"http:\/\/www.artmedigital.com\/\">\u00ae<\/a><\/strong><\/p>","protected":false},"excerpt":{"rendered":"<p>Otomatik paketleme po\u015fetleri, end\u00fcstriyel ve &hellip;<\/p>\n<p class=\"read-more\"> <a class=\"\" href=\"https:\/\/packetcim.com\/en\/urunlerimiz\/endustriyel-ambalaj\/otomatik-perforeli-rulo-paketleme-torbalari\/\"> <span class=\"screen-reader-text\">Otomatik Perforeli Rulo Paketleme Torbalar\u0131<\/span> Read More \u00bb<\/a><\/p>","protected":false},"author":13,"featured_media":5067,"parent":3664,"menu_order":0,"comment_status":"closed","ping_status":"closed","template":"","meta":{"site-sidebar-layout":"no-sidebar","site-content-layout":"page-builder","ast-global-header-display":"","ast-main-header-display":"","ast-hfb-above-header-display":null,"ast-hfb-below-header-display":null,"ast-hfb-mobile-header-display":"","site-post-title":"disabled","ast-breadcrumbs-content":null,"ast-featured-img":"disabled","footer-sml-layout":"","theme-transparent-header-meta":"default","adv-header-id-meta":"","stick-header-meta":"default","header-above-stick-meta":null,"header-main-stick-meta":"","header-below-stick-meta":null,"_joinchat":[],"footnotes":""},"class_list":["post-3716","page","type-page","status-publish","has-post-thumbnail","hentry"],"_links":{"self":[{"href":"https:\/\/packetcim.com\/en\/wp-json\/wp\/v2\/pages\/3716","targetHints":{"allow":["GET"]}}],"collection":[{"href":"https:\/\/packetcim.com\/en\/wp-json\/wp\/v2\/pages"}],"about":[{"href":"https:\/\/packetcim.com\/en\/wp-json\/wp\/v2\/types\/page"}],"author":[{"embeddable":true,"href":"https:\/\/packetcim.com\/en\/wp-json\/wp\/v2\/users\/13"}],"replies":[{"embeddable":true,"href":"https:\/\/packetcim.com\/en\/wp-json\/wp\/v2\/comments?post=3716"}],"version-history":[{"count":0,"href":"https:\/\/packetcim.com\/en\/wp-json\/wp\/v2\/pages\/3716\/revisions"}],"up":[{"embeddable":true,"href":"https:\/\/packetcim.com\/en\/wp-json\/wp\/v2\/pages\/3664"}],"wp:featuredmedia":[{"embeddable":true,"href":"https:\/\/packetcim.com\/en\/wp-json\/wp\/v2\/media\/5067"}],"wp:attachment":[{"href":"https:\/\/packetcim.com\/en\/wp-json\/wp\/v2\/media?parent=3716"}],"curies":[{"name":"wp","href":"https:\/\/api.w.org\/{rel}","templated":true}]}}