{"id":3715,"date":"2024-11-07T22:51:39","date_gmt":"2024-11-07T22:51:39","guid":{"rendered":"https:\/\/packetcim.com\/?page_id=3715"},"modified":"2025-03-27T08:25:53","modified_gmt":"2025-03-27T08:25:53","slug":"agir-hizmet-torbalari","status":"publish","type":"page","link":"https:\/\/packetcim.com\/en\/urunlerimiz\/endustriyel-ambalaj\/agir-hizmet-torbalari\/","title":{"rendered":"Heavy Duty Plastic Sack"},"content":{"rendered":"<h2>\n\t\tHeavy Duty Plastic Sack\n\t<\/h2>\n\t<div class=\"ast-breadcrumbs-wrapper\">\r\n\t\t\t<div class=\"ast-breadcrumbs-inner\"><nav role=\"navigation\" aria-label=\"Breadcrumbs\" class=\"breadcrumb-trail breadcrumbs\" ><div class=\"ast-breadcrumbs\"><ul class=\"trail-items\" ><li  class=\"trail-item trail-end\"><span><a href=\"https:\/\/packetcim.com\/en\/\" rel=\"home\"><span >Home<\/span><\/a><\/span><\/li><\/ul><\/div><\/nav><\/div>\r\n\t\t<\/div>\n\t\t\t\t<img loading=\"lazy\" decoding=\"async\" src=\"https:\/\/packetcim.com\/wp-content\/uploads\/2025\/03\/agir-hizmet-toralari.webp\" alt=\"agir-hizmet-toralari\" itemprop=\"image\" height=\"1000\" width=\"1000\" title=\"agir-hizmet-toralari\" onerror=\"this.style.display='none'\"  \/>\n<h2>\n\t\tHeavy Duty Plastic Sack\n\t<\/h2>\n\tHeavy duty bags are usually manufactured as 100% polyethylene material and enable convenience in storing and moving  large products or waste goods. The base of the bag is double welded and durable bag. It is preferred by Big Size goods supplier rather than minimal goods. These huge bags can be manufactured  in ordered dimensions and thickness. It has a high  carrying capacity for heavy goods. Usage area of Heavy Duty Bags are  mostly serves to textile groups (carpet, yarn, fabric, etc.) . It facilitates storing and logistic of goods. . Since it is leak-proof welding  and durable structure , it enables to be transported all kinds of waste materials to the waste center. Also, Heavy duty bags  are suited to  use in facilities as hotels, homes, restaurants, gardens and parks , corporate business centers, shopping malls and hospitals.<br \/>\nRaw Material:  MDPE \/ LDPE material and color options We can extrude mono or coex layered films.<br \/>\nDimensions: \nWidth;  Requested Width is possible<br \/>\nLength; Requested length is possible<br \/>\nPrinting: : Flexo printing is possible to print up to 4 colors.<br \/>\nThickness: Requested thickness  is possible as minimum 50 micron<br \/>\nVirgin, Recycled  raw material or Recycled content material options are available<br \/>\nRaw material type: LDPE material and color options\n\t<a href=\"https:\/\/packetcim.com\/en\/iletisim\/\" target=\"_self\" role=\"button\" aria-label=\"For more information, contact us\">\n\t\t\t\tDaha fazla bilgi i\u00e7in l\u00fctfen bizimle ileti\u015fime ge\u00e7in!\n\t\t\t\t\tAkl\u0131n\u0131za tak\u0131lan her \u015fey i\u00e7in l\u00fctfen bizimle ileti\u015fime ge\u00e7in, size destek olal\u0131m.\n\t\t\t<\/a>\n\t\t\t\t<img loading=\"lazy\" decoding=\"async\" src=\"https:\/\/packetcim.com\/wp-content\/uploads\/2025\/03\/packetcim-logo-02.png\" alt=\"packetcim-logo-02\" itemprop=\"image\" height=\"358\" width=\"1097\" title=\"packetcim-logo-02\" onerror=\"this.style.display='none'\"  \/>\n\t<p><strong>Packetcim<\/strong>\u00a0is a full-service, customer-focused packaging supply company. We are dedicated to providing superior products and service at an affordable price.<\/p>\n<h2>\n\t\tQuick Menu\n\t<\/h2>\n<h2>\n\t\tProduct Range\n\t<\/h2>\n<h2>\n\t\tContact\n\t<\/h2>\n\t<p>\u00a9 Copyright 2024 <strong>Packetcim Ambalaj<\/strong><\/p>\n\t<p>Web Design <strong><a href=\"http:\/\/www.artmedigital.com\">ArtMe Digital<\/a><a href=\"http:\/\/www.artmedigital.com\/\">\u00ae<\/a><\/strong><\/p>","protected":false},"excerpt":{"rendered":"<p>A\u011f\u0131r hizmet torbas\u0131, hammaddesi %100 &hellip;<\/p>\n<p class=\"read-more\"> <a class=\"\" href=\"https:\/\/packetcim.com\/en\/urunlerimiz\/endustriyel-ambalaj\/agir-hizmet-torbalari\/\"> <span class=\"screen-reader-text\">Heavy Duty Plastic Sack<\/span> Read More \u00bb<\/a><\/p>","protected":false},"author":13,"featured_media":5034,"parent":3664,"menu_order":0,"comment_status":"closed","ping_status":"closed","template":"","meta":{"site-sidebar-layout":"no-sidebar","site-content-layout":"page-builder","ast-global-header-display":"","ast-main-header-display":"","ast-hfb-above-header-display":null,"ast-hfb-below-header-display":null,"ast-hfb-mobile-header-display":"","site-post-title":"disabled","ast-breadcrumbs-content":null,"ast-featured-img":"disabled","footer-sml-layout":"","theme-transparent-header-meta":"default","adv-header-id-meta":"","stick-header-meta":"default","header-above-stick-meta":null,"header-main-stick-meta":"","header-below-stick-meta":null,"_joinchat":[],"footnotes":""},"class_list":["post-3715","page","type-page","status-publish","has-post-thumbnail","hentry"],"_links":{"self":[{"href":"https:\/\/packetcim.com\/en\/wp-json\/wp\/v2\/pages\/3715","targetHints":{"allow":["GET"]}}],"collection":[{"href":"https:\/\/packetcim.com\/en\/wp-json\/wp\/v2\/pages"}],"about":[{"href":"https:\/\/packetcim.com\/en\/wp-json\/wp\/v2\/types\/page"}],"author":[{"embeddable":true,"href":"https:\/\/packetcim.com\/en\/wp-json\/wp\/v2\/users\/13"}],"replies":[{"embeddable":true,"href":"https:\/\/packetcim.com\/en\/wp-json\/wp\/v2\/comments?post=3715"}],"version-history":[{"count":0,"href":"https:\/\/packetcim.com\/en\/wp-json\/wp\/v2\/pages\/3715\/revisions"}],"up":[{"embeddable":true,"href":"https:\/\/packetcim.com\/en\/wp-json\/wp\/v2\/pages\/3664"}],"wp:featuredmedia":[{"embeddable":true,"href":"https:\/\/packetcim.com\/en\/wp-json\/wp\/v2\/media\/5034"}],"wp:attachment":[{"href":"https:\/\/packetcim.com\/en\/wp-json\/wp\/v2\/media?parent=3715"}],"curies":[{"name":"wp","href":"https:\/\/api.w.org\/{rel}","templated":true}]}}