{"id":3714,"date":"2024-11-07T22:52:09","date_gmt":"2024-11-07T22:52:09","guid":{"rendered":"https:\/\/packetcim.com\/?page_id=3714"},"modified":"2025-03-27T08:24:58","modified_gmt":"2025-03-27T08:24:58","slug":"sanayi-tipi-perforeli-torbalar","status":"publish","type":"page","link":"https:\/\/packetcim.com\/en\/urunlerimiz\/endustriyel-ambalaj\/sanayi-tipi-perforeli-torbalar\/","title":{"rendered":"Perforated Industrial Bags On Roll"},"content":{"rendered":"<h2>\n\t\tPerforated Industrial Bags On Roll\n\t<\/h2>\n\t<div class=\"ast-breadcrumbs-wrapper\">\r\n\t\t\t<div class=\"ast-breadcrumbs-inner\"><nav role=\"navigation\" aria-label=\"Breadcrumbs\" class=\"breadcrumb-trail breadcrumbs\" ><div class=\"ast-breadcrumbs\"><ul class=\"trail-items\" ><li  class=\"trail-item trail-end\"><span><a href=\"https:\/\/packetcim.com\/en\/\" rel=\"home\"><span >Home<\/span><\/a><\/span><\/li><\/ul><\/div><\/nav><\/div>\r\n\t\t<\/div>\n\t\t\t\t<img loading=\"lazy\" decoding=\"async\" src=\"https:\/\/packetcim.com\/wp-content\/uploads\/2025\/03\/sanayi-tipi-perforeli-torba.webp\" alt=\"sanayi-tipi-perforeli-torba\" itemprop=\"image\" height=\"1000\" width=\"1000\" title=\"sanayi-tipi-perforeli-torba\" onerror=\"this.style.display='none'\"  \/>\n<h2>\n\t\tPerforated Industrial Bags On Roll\n\t<\/h2>\n\t<p>Perforated industrial bag is special type of bag produced of Superior resin provides ease of storing and use. These bags provide protection against external effects, while saving labor and time in packaging processes. It is an ideal option to provide protection from external effects such as rain. Industrial PE bags are preferred in many areas due to the special production made according to the desired features and sizes. It can also be used together with other items such as cardboard boxes, barrels, boxes. <\/p>\nRaw Material: HDPE, LDPE, MDPE material and color options We can extrude mono or coex layered films.<br \/>\nPrinting: : Flexo printing is possible to print up to 4 colors.<br \/>\nDimensions: \nWidth;  Requested width is possible between :50-200 cm<br \/>\nLength; Requested length is possible  as maximum 500 cm<br \/>\nThickness: Requested thickness  is possible as minimum 40 micron<br \/>\nPerforation: Perforation is possible for ventilation.<br \/>\nVirgin, Recycled  raw material or Recycled content material options are available<br \/>\nRaw material type: HDPE \/ LDPE \/ MDPE material and color options\n\t<a href=\"https:\/\/packetcim.com\/en\/iletisim\/\" target=\"_self\" role=\"button\" aria-label=\"For more information, contact us\">\n\t\t\t\tDaha fazla bilgi i\u00e7in l\u00fctfen bizimle ileti\u015fime ge\u00e7in!\n\t\t\t\t\tAkl\u0131n\u0131za tak\u0131lan her \u015fey i\u00e7in l\u00fctfen bizimle ileti\u015fime ge\u00e7in, size destek olal\u0131m.\n\t\t\t<\/a>\n\t\t\t\t<img loading=\"lazy\" decoding=\"async\" src=\"https:\/\/packetcim.com\/wp-content\/uploads\/2025\/03\/packetcim-logo-02.png\" alt=\"packetcim-logo-02\" itemprop=\"image\" height=\"358\" width=\"1097\" title=\"packetcim-logo-02\" onerror=\"this.style.display='none'\"  \/>\n\t<p><strong>Packetcim<\/strong>\u00a0is a full-service, customer-focused packaging supply company. We are dedicated to providing superior products and service at an affordable price.<\/p>\n<h2>\n\t\tQuick Menu\n\t<\/h2>\n<h2>\n\t\tProduct Range\n\t<\/h2>\n<h2>\n\t\tContact\n\t<\/h2>\n\t<p>\u00a9 Copyright 2024 <strong>Packetcim Ambalaj<\/strong><\/p>\n\t<p>Web Design <strong><a href=\"http:\/\/www.artmedigital.com\">ArtMe Digital<\/a><a href=\"http:\/\/www.artmedigital.com\/\">\u00ae<\/a><\/strong><\/p>","protected":false},"excerpt":{"rendered":"<p>Perforeli torba, y\u00fcksek kaliteli malzemeden &hellip;<\/p>\n<p class=\"read-more\"> <a class=\"\" href=\"https:\/\/packetcim.com\/en\/urunlerimiz\/endustriyel-ambalaj\/sanayi-tipi-perforeli-torbalar\/\"> <span class=\"screen-reader-text\">Perforated Industrial Bags On Roll<\/span> Read More \u00bb<\/a><\/p>","protected":false},"author":13,"featured_media":5077,"parent":3664,"menu_order":0,"comment_status":"closed","ping_status":"closed","template":"","meta":{"site-sidebar-layout":"no-sidebar","site-content-layout":"page-builder","ast-global-header-display":"","ast-main-header-display":"","ast-hfb-above-header-display":null,"ast-hfb-below-header-display":null,"ast-hfb-mobile-header-display":"","site-post-title":"disabled","ast-breadcrumbs-content":null,"ast-featured-img":"disabled","footer-sml-layout":"","theme-transparent-header-meta":"default","adv-header-id-meta":"","stick-header-meta":"default","header-above-stick-meta":null,"header-main-stick-meta":"","header-below-stick-meta":null,"_joinchat":[],"footnotes":""},"class_list":["post-3714","page","type-page","status-publish","has-post-thumbnail","hentry"],"_links":{"self":[{"href":"https:\/\/packetcim.com\/en\/wp-json\/wp\/v2\/pages\/3714","targetHints":{"allow":["GET"]}}],"collection":[{"href":"https:\/\/packetcim.com\/en\/wp-json\/wp\/v2\/pages"}],"about":[{"href":"https:\/\/packetcim.com\/en\/wp-json\/wp\/v2\/types\/page"}],"author":[{"embeddable":true,"href":"https:\/\/packetcim.com\/en\/wp-json\/wp\/v2\/users\/13"}],"replies":[{"embeddable":true,"href":"https:\/\/packetcim.com\/en\/wp-json\/wp\/v2\/comments?post=3714"}],"version-history":[{"count":0,"href":"https:\/\/packetcim.com\/en\/wp-json\/wp\/v2\/pages\/3714\/revisions"}],"up":[{"embeddable":true,"href":"https:\/\/packetcim.com\/en\/wp-json\/wp\/v2\/pages\/3664"}],"wp:featuredmedia":[{"embeddable":true,"href":"https:\/\/packetcim.com\/en\/wp-json\/wp\/v2\/media\/5077"}],"wp:attachment":[{"href":"https:\/\/packetcim.com\/en\/wp-json\/wp\/v2\/media?parent=3714"}],"curies":[{"name":"wp","href":"https:\/\/api.w.org\/{rel}","templated":true}]}}