{"id":3712,"date":"2024-11-07T22:52:55","date_gmt":"2024-11-07T22:52:55","guid":{"rendered":"https:\/\/packetcim.com\/?page_id=3712"},"modified":"2025-03-27T08:22:27","modified_gmt":"2025-03-27T08:22:27","slug":"sirinklenebilir-polietilen-insaat-ortusu","status":"publish","type":"page","link":"https:\/\/packetcim.com\/en\/urunlerimiz\/endustriyel-ambalaj\/sirinklenebilir-polietilen-insaat-ortusu\/","title":{"rendered":"Shrinkable Polyethlene Construction Cover Film"},"content":{"rendered":"<h2>\n\t\tShrinkable Polyethlene Construction Cover Film\n\t<\/h2>\n\t<div class=\"ast-breadcrumbs-wrapper\">\r\n\t\t\t<div class=\"ast-breadcrumbs-inner\"><nav role=\"navigation\" aria-label=\"Breadcrumbs\" class=\"breadcrumb-trail breadcrumbs\" ><div class=\"ast-breadcrumbs\"><ul class=\"trail-items\" ><li  class=\"trail-item trail-end\"><span><a href=\"https:\/\/packetcim.com\/en\/\" rel=\"home\"><span >Home<\/span><\/a><\/span><\/li><\/ul><\/div><\/nav><\/div>\r\n\t\t<\/div>\n\t\t\t\t<img loading=\"lazy\" decoding=\"async\" src=\"https:\/\/packetcim.com\/wp-content\/uploads\/2025\/03\/sirinklenebilir-polietilen-insaat-ortusu.webp\" alt=\"sirinklenebilir-polietilen-insaat-ortusu\" itemprop=\"image\" height=\"1000\" width=\"1000\" title=\"sirinklenebilir-polietilen-insaat-ortusu\" onerror=\"this.style.display='none'\"  \/>\n<h2>\n\t\tShrinkable Polyethlene Construction Cover Film\n\t<\/h2>\n\tShrinkable polyethylene construction cover film is manufactured from low density polyethylene. Flexo printing can be applied to the films. It is a type of covering film that is shrinked with heat treatment and wrapping the goods that can be packed. PE Shrinkable  Films are packed by tightly wrapping the goods according to its shape by heat treatment together to be covered.<br \/>\nPE shrinkable film used in the Yatching and construction sectors is a logical, functional and reasonable method of products. It is manufactured as roll and is transparent and flexible.<br \/>\nShrink branda Film, polietilen hammaddeden elde edilen ve kullan\u0131m alan\u0131na g\u00f6re de\u011fi\u015fik ebat ve kal\u0131nl\u0131klarda \u00fcretilen end\u00fcstriyel bir \u00fcr\u00fcnd\u00fcr.\nHammadde: LDPE malzeme ve renk se\u00e7enekleri Firmam\u0131z b\u00fcnyesinde \u00fcretilebilen mono veya coex olarak yap\u0131labilmektedir<br \/>\nBask\u0131: continue flekso bask\u0131 yap\u0131lmaktad\u0131r.<br \/>\nDimensions: \nWidth;  Requested Width is possible<br \/>\nLength; Requested length is possible<br \/>\nThickness: Requested thickness is possible<br \/>\nKatk\u0131: Yanma geciktirici (Flame retardant), anti slip<br \/>\nRulo kesim ve Katlama Tipi: Tek taraf\u0131 ac\u0131k  \/Yaprak \/ K\u00f6r\u00fckl\u00fc tek taraf\u0131 a\u00e7\u0131k<br \/>\nVirgin, Recycled  raw material or Recycled content material options are available<br \/>\nRaw material type: LDPE material and color options\n\t<a href=\"https:\/\/packetcim.com\/en\/iletisim\/\" target=\"_self\" role=\"button\" aria-label=\"For more information, contact us\">\n\t\t\t\tDaha fazla bilgi i\u00e7in l\u00fctfen bizimle ileti\u015fime ge\u00e7in!\n\t\t\t\t\tAkl\u0131n\u0131za tak\u0131lan her \u015fey i\u00e7in l\u00fctfen bizimle ileti\u015fime ge\u00e7in, size destek olal\u0131m.\n\t\t\t<\/a>\n\t\t\t\t<img loading=\"lazy\" decoding=\"async\" src=\"https:\/\/packetcim.com\/wp-content\/uploads\/2025\/03\/packetcim-logo-02.png\" alt=\"packetcim-logo-02\" itemprop=\"image\" height=\"358\" width=\"1097\" title=\"packetcim-logo-02\" onerror=\"this.style.display='none'\"  \/>\n\t<p><strong>Packetcim<\/strong>\u00a0is a full-service, customer-focused packaging supply company. We are dedicated to providing superior products and service at an affordable price.<\/p>\n<h2>\n\t\tQuick Menu\n\t<\/h2>\n<h2>\n\t\tProduct Range\n\t<\/h2>\n<h2>\n\t\tContact\n\t<\/h2>\n\t<p>\u00a9 Copyright 2024 <strong>Packetcim Ambalaj<\/strong><\/p>\n\t<p>Web Design <strong><a href=\"http:\/\/www.artmedigital.com\">ArtMe Digital<\/a><a href=\"http:\/\/www.artmedigital.com\/\">\u00ae<\/a><\/strong><\/p>","protected":false},"excerpt":{"rendered":"<p>\u015eirinklenebilir polietilen in\u015faat \u00f6rt\u00fcs\u00fc, al\u00e7ak &hellip;<\/p>\n<p class=\"read-more\"> <a class=\"\" href=\"https:\/\/packetcim.com\/en\/urunlerimiz\/endustriyel-ambalaj\/sirinklenebilir-polietilen-insaat-ortusu\/\"> <span class=\"screen-reader-text\">Shrinkable Polyethlene Construction Cover Film<\/span> Read More \u00bb<\/a><\/p>","protected":false},"author":13,"featured_media":5085,"parent":3664,"menu_order":0,"comment_status":"closed","ping_status":"closed","template":"","meta":{"site-sidebar-layout":"no-sidebar","site-content-layout":"page-builder","ast-global-header-display":"","ast-main-header-display":"","ast-hfb-above-header-display":null,"ast-hfb-below-header-display":null,"ast-hfb-mobile-header-display":"","site-post-title":"disabled","ast-breadcrumbs-content":null,"ast-featured-img":"disabled","footer-sml-layout":"","theme-transparent-header-meta":"default","adv-header-id-meta":"","stick-header-meta":"default","header-above-stick-meta":null,"header-main-stick-meta":"","header-below-stick-meta":null,"_joinchat":[],"footnotes":""},"class_list":["post-3712","page","type-page","status-publish","has-post-thumbnail","hentry"],"_links":{"self":[{"href":"https:\/\/packetcim.com\/en\/wp-json\/wp\/v2\/pages\/3712","targetHints":{"allow":["GET"]}}],"collection":[{"href":"https:\/\/packetcim.com\/en\/wp-json\/wp\/v2\/pages"}],"about":[{"href":"https:\/\/packetcim.com\/en\/wp-json\/wp\/v2\/types\/page"}],"author":[{"embeddable":true,"href":"https:\/\/packetcim.com\/en\/wp-json\/wp\/v2\/users\/13"}],"replies":[{"embeddable":true,"href":"https:\/\/packetcim.com\/en\/wp-json\/wp\/v2\/comments?post=3712"}],"version-history":[{"count":0,"href":"https:\/\/packetcim.com\/en\/wp-json\/wp\/v2\/pages\/3712\/revisions"}],"up":[{"embeddable":true,"href":"https:\/\/packetcim.com\/en\/wp-json\/wp\/v2\/pages\/3664"}],"wp:featuredmedia":[{"embeddable":true,"href":"https:\/\/packetcim.com\/en\/wp-json\/wp\/v2\/media\/5085"}],"wp:attachment":[{"href":"https:\/\/packetcim.com\/en\/wp-json\/wp\/v2\/media?parent=3712"}],"curies":[{"name":"wp","href":"https:\/\/api.w.org\/{rel}","templated":true}]}}