{"id":3711,"date":"2024-11-07T22:53:29","date_gmt":"2024-11-07T22:53:29","guid":{"rendered":"https:\/\/packetcim.com\/?page_id=3711"},"modified":"2025-03-27T08:23:24","modified_gmt":"2025-03-27T08:23:24","slug":"sirink-film","status":"publish","type":"page","link":"https:\/\/packetcim.com\/en\/urunlerimiz\/endustriyel-ambalaj\/sirink-film\/","title":{"rendered":"Shrink Film"},"content":{"rendered":"<h2>\n\t\tShrink Film\n\t<\/h2>\n\t<div class=\"ast-breadcrumbs-wrapper\">\r\n\t\t\t<div class=\"ast-breadcrumbs-inner\"><nav role=\"navigation\" aria-label=\"Breadcrumbs\" class=\"breadcrumb-trail breadcrumbs\" ><div class=\"ast-breadcrumbs\"><ul class=\"trail-items\" ><li  class=\"trail-item trail-end\"><span><a href=\"https:\/\/packetcim.com\/en\/\" rel=\"home\"><span >Home<\/span><\/a><\/span><\/li><\/ul><\/div><\/nav><\/div>\r\n\t\t<\/div>\n\t\t\t\t<img loading=\"lazy\" decoding=\"async\" src=\"https:\/\/packetcim.com\/wp-content\/uploads\/2025\/03\/sirink-film.webp\" alt=\"sirink-film\" itemprop=\"image\" height=\"1000\" width=\"1000\" title=\"sirink-film\" onerror=\"this.style.display='none'\"  \/>\n<h2>\n\t\tShrink Film\n\t<\/h2>\n\tPolyethylene Shrink wrap, also shrink film is a material made up of polymer plastic film which shrinks tightly over whatever it is covering when heat is applied.  Shrink film is manufactured  from low density polyethylene raw material. It is an easy and economical way of packing goods. Optionally, flexo printing can be applied to shrink film<br \/>\nShrink film features are as follows;<br \/>\nShrink film is manufactured from low density polyethylene. (LDPE)<br \/>\nIt is clear and glossy.<br \/>\nShrink film can be produced as requested colors.<br \/>\nFlexo printing can be applied  on the shrink  films.<br \/>\nUV additive can be added to the film if requested.<br \/>\nIt is continuously flows as on roll.<br \/>\nShrinkage process can be applied with a handheld heat gun, or the product and film can pass through a heat tunnel on a conveyor.<br \/>\nPrinting: : Flexo printing is possible to print up to 10 colors.<br \/>\nRaw Material:  LDPE material and color options We can extrude mono or coex layered films.<br \/>\nDimensions: \nWidth;  Requested Width is possible<br \/>\nLength; Requested length is possible<br \/>\nThickness: Requested thickness  is possible as minimum 40 micron<br \/>\nPerforation: Perforation is possible for ventilation.<br \/>\nVirgin, Recycled  raw material or Recycled content material options are available<br \/>\nRaw material type: LDPE material and color options\n\t<a href=\"https:\/\/packetcim.com\/en\/iletisim\/\" target=\"_self\" role=\"button\" aria-label=\"For more information, contact us\">\n\t\t\t\tDaha fazla bilgi i\u00e7in l\u00fctfen bizimle ileti\u015fime ge\u00e7in!\n\t\t\t\t\tAkl\u0131n\u0131za tak\u0131lan her \u015fey i\u00e7in l\u00fctfen bizimle ileti\u015fime ge\u00e7in, size destek olal\u0131m.\n\t\t\t<\/a>\n\t\t\t\t<img loading=\"lazy\" decoding=\"async\" src=\"https:\/\/packetcim.com\/wp-content\/uploads\/2025\/03\/packetcim-logo-02.png\" alt=\"packetcim-logo-02\" itemprop=\"image\" height=\"358\" width=\"1097\" title=\"packetcim-logo-02\" onerror=\"this.style.display='none'\"  \/>\n\t<p><strong>Packetcim<\/strong>\u00a0is a full-service, customer-focused packaging supply company. We are dedicated to providing superior products and service at an affordable price.<\/p>\n<h2>\n\t\tQuick Menu\n\t<\/h2>\n<h2>\n\t\tProduct Range\n\t<\/h2>\n<h2>\n\t\tContact\n\t<\/h2>\n\t<p>\u00a9 Copyright 2024 <strong>Packetcim Ambalaj<\/strong><\/p>\n\t<p>Web Design <strong><a href=\"http:\/\/www.artmedigital.com\">ArtMe Digital<\/a><a href=\"http:\/\/www.artmedigital.com\/\">\u00ae<\/a><\/strong><\/p>","protected":false},"excerpt":{"rendered":"<p>Polietilen Shrink Film, \u0131s\u0131 ile &hellip;<\/p>\n<p class=\"read-more\"> <a class=\"\" href=\"https:\/\/packetcim.com\/en\/urunlerimiz\/endustriyel-ambalaj\/sirink-film\/\"> <span class=\"screen-reader-text\">Shrink Film<\/span> Read More \u00bb<\/a><\/p>","protected":false},"author":13,"featured_media":5083,"parent":3664,"menu_order":0,"comment_status":"closed","ping_status":"closed","template":"","meta":{"site-sidebar-layout":"no-sidebar","site-content-layout":"page-builder","ast-global-header-display":"","ast-main-header-display":"","ast-hfb-above-header-display":null,"ast-hfb-below-header-display":null,"ast-hfb-mobile-header-display":"","site-post-title":"disabled","ast-breadcrumbs-content":null,"ast-featured-img":"disabled","footer-sml-layout":"","theme-transparent-header-meta":"default","adv-header-id-meta":"","stick-header-meta":"default","header-above-stick-meta":null,"header-main-stick-meta":"","header-below-stick-meta":null,"_joinchat":[],"footnotes":""},"class_list":["post-3711","page","type-page","status-publish","has-post-thumbnail","hentry"],"_links":{"self":[{"href":"https:\/\/packetcim.com\/en\/wp-json\/wp\/v2\/pages\/3711","targetHints":{"allow":["GET"]}}],"collection":[{"href":"https:\/\/packetcim.com\/en\/wp-json\/wp\/v2\/pages"}],"about":[{"href":"https:\/\/packetcim.com\/en\/wp-json\/wp\/v2\/types\/page"}],"author":[{"embeddable":true,"href":"https:\/\/packetcim.com\/en\/wp-json\/wp\/v2\/users\/13"}],"replies":[{"embeddable":true,"href":"https:\/\/packetcim.com\/en\/wp-json\/wp\/v2\/comments?post=3711"}],"version-history":[{"count":0,"href":"https:\/\/packetcim.com\/en\/wp-json\/wp\/v2\/pages\/3711\/revisions"}],"up":[{"embeddable":true,"href":"https:\/\/packetcim.com\/en\/wp-json\/wp\/v2\/pages\/3664"}],"wp:featuredmedia":[{"embeddable":true,"href":"https:\/\/packetcim.com\/en\/wp-json\/wp\/v2\/media\/5083"}],"wp:attachment":[{"href":"https:\/\/packetcim.com\/en\/wp-json\/wp\/v2\/media?parent=3711"}],"curies":[{"name":"wp","href":"https:\/\/api.w.org\/{rel}","templated":true}]}}