{"id":3710,"date":"2024-11-07T22:55:49","date_gmt":"2024-11-07T22:55:49","guid":{"rendered":"https:\/\/packetcim.com\/?page_id=3710"},"modified":"2025-04-16T20:37:17","modified_gmt":"2025-04-16T20:37:17","slug":"sirinklenebilir-palet-ortusu","status":"publish","type":"page","link":"https:\/\/packetcim.com\/en\/urunlerimiz\/endustriyel-ambalaj\/sirinklenebilir-palet-ortusu\/","title":{"rendered":"Shrinkood Pallet Cover"},"content":{"rendered":"<h2>\n\t\tShrinkood Pallet Cover\n\t<\/h2>\n\t<div class=\"ast-breadcrumbs-wrapper\">\r\n\t\t\t<div class=\"ast-breadcrumbs-inner\"><nav role=\"navigation\" aria-label=\"Breadcrumbs\" class=\"breadcrumb-trail breadcrumbs\" ><div class=\"ast-breadcrumbs\"><ul class=\"trail-items\" ><li  class=\"trail-item trail-end\"><span><a href=\"https:\/\/packetcim.com\/en\/\" rel=\"home\"><span >Home<\/span><\/a><\/span><\/li><\/ul><\/div><\/nav><\/div>\r\n\t\t<\/div>\n\t\t\t\t<img loading=\"lazy\" decoding=\"async\" src=\"https:\/\/packetcim.com\/wp-content\/uploads\/2025\/03\/sirinklenebilir-palet-ortusu.webp\" alt=\"sirinklenebilir-palet-ortusu\" itemprop=\"image\" height=\"1000\" width=\"1000\" title=\"sirinklenebilir-palet-ortusu\" onerror=\"this.style.display='none'\"  \/>\n<h2>\n\t\tShrinkood Pallet Cover\n\t<\/h2>\n\t<p>Shrinkhood Pallet covers, which can be customized  to be processed in automatic and\/or manual lines , are manufactured in different thicknesses and colours  in order to protect palletized goods from external  effects, extend their life span  and keep  qualification stability. They are applied as pallet covers by processing heat treatment in the packing of glass, ceramics, gas concrete and building materials. They provide high protection to goods on the pallet from dust, moisture, sun radiation and external factors. Thickness is determined according to the weight of the goods  to be packed, its usage  and storing conditions.<\/p>\n<p class=\" translation-block\"><strong>Raw Material:<\/strong> LDPE material and color options We can extrude coex layered films.<\/p>\n<strong>Bask\u0131:<\/strong> 4 renge kadar flekso bask\u0131 yap\u0131lmaktad\u0131r.<br \/>\n<strong>Ebat:<\/strong> <strong>En;<\/strong> \u0130stenilen \u00f6l\u00e7\u00fcde \u00fcretim yap\u0131labilir.<br \/>\n<strong>Boy:<\/strong>\u00a0\u0130stenilen \u00f6l\u00e7\u00fcde \u00fcretim yap\u0131labilir.\u200b<br \/>\n<strong>Kal\u0131nl\u0131k:<\/strong>\u00a0 \u0130stenilen kal\u0131nl\u0131klarda \u00fcretim yap\u0131labilir.\n\t<a href=\"https:\/\/packetcim.com\/en\/iletisim\/\" target=\"_self\" role=\"button\" aria-label=\"For more information, contact us\">\n\t\t\t\tDaha fazla bilgi i\u00e7in l\u00fctfen bizimle ileti\u015fime ge\u00e7in!\n\t\t\t\t\tAkl\u0131n\u0131za tak\u0131lan her \u015fey i\u00e7in l\u00fctfen bizimle ileti\u015fime ge\u00e7in, size destek olal\u0131m.\n\t\t\t<\/a>\n\t\t\t\t<img loading=\"lazy\" decoding=\"async\" src=\"https:\/\/packetcim.com\/wp-content\/uploads\/2025\/03\/packetcim-logo-02.png\" alt=\"packetcim-logo-02\" itemprop=\"image\" height=\"358\" width=\"1097\" title=\"packetcim-logo-02\" onerror=\"this.style.display='none'\"  \/>\n\t<p><strong>Packetcim<\/strong>\u00a0is a full-service, customer-focused packaging supply company. We are dedicated to providing superior products and service at an affordable price.<\/p>\n<h2>\n\t\tQuick Menu\n\t<\/h2>\n<h2>\n\t\tProduct Range\n\t<\/h2>\n<h2>\n\t\tContact\n\t<\/h2>\n\t<p>\u00a9 Copyright 2024 <strong>Packetcim Ambalaj<\/strong><\/p>\n\t<p>Web Design <strong><a href=\"http:\/\/www.artmedigital.com\">ArtMe Digital<\/a><a href=\"http:\/\/www.artmedigital.com\/\">\u00ae<\/a><\/strong><\/p>","protected":false},"excerpt":{"rendered":"<p>Paletlenmi\u015f \u00fcr\u00fcnleri \u00e7evresel etkilerden korumak, &hellip;<\/p>\n<p class=\"read-more\"> <a class=\"\" href=\"https:\/\/packetcim.com\/en\/urunlerimiz\/endustriyel-ambalaj\/sirinklenebilir-palet-ortusu\/\"> <span class=\"screen-reader-text\">Shrinkood Pallet Cover<\/span> Read More \u00bb<\/a><\/p>","protected":false},"author":13,"featured_media":5084,"parent":3664,"menu_order":0,"comment_status":"closed","ping_status":"closed","template":"","meta":{"site-sidebar-layout":"no-sidebar","site-content-layout":"page-builder","ast-global-header-display":"","ast-main-header-display":"","ast-hfb-above-header-display":null,"ast-hfb-below-header-display":null,"ast-hfb-mobile-header-display":"","site-post-title":"disabled","ast-breadcrumbs-content":null,"ast-featured-img":"disabled","footer-sml-layout":"","theme-transparent-header-meta":"default","adv-header-id-meta":"","stick-header-meta":"default","header-above-stick-meta":null,"header-main-stick-meta":"","header-below-stick-meta":null,"_joinchat":[],"footnotes":""},"class_list":["post-3710","page","type-page","status-publish","has-post-thumbnail","hentry"],"_links":{"self":[{"href":"https:\/\/packetcim.com\/en\/wp-json\/wp\/v2\/pages\/3710","targetHints":{"allow":["GET"]}}],"collection":[{"href":"https:\/\/packetcim.com\/en\/wp-json\/wp\/v2\/pages"}],"about":[{"href":"https:\/\/packetcim.com\/en\/wp-json\/wp\/v2\/types\/page"}],"author":[{"embeddable":true,"href":"https:\/\/packetcim.com\/en\/wp-json\/wp\/v2\/users\/13"}],"replies":[{"embeddable":true,"href":"https:\/\/packetcim.com\/en\/wp-json\/wp\/v2\/comments?post=3710"}],"version-history":[{"count":1,"href":"https:\/\/packetcim.com\/en\/wp-json\/wp\/v2\/pages\/3710\/revisions"}],"predecessor-version":[{"id":5336,"href":"https:\/\/packetcim.com\/en\/wp-json\/wp\/v2\/pages\/3710\/revisions\/5336"}],"up":[{"embeddable":true,"href":"https:\/\/packetcim.com\/en\/wp-json\/wp\/v2\/pages\/3664"}],"wp:featuredmedia":[{"embeddable":true,"href":"https:\/\/packetcim.com\/en\/wp-json\/wp\/v2\/media\/5084"}],"wp:attachment":[{"href":"https:\/\/packetcim.com\/en\/wp-json\/wp\/v2\/media?parent=3710"}],"curies":[{"name":"wp","href":"https:\/\/api.w.org\/{rel}","templated":true}]}}