{"id":3709,"date":"2024-11-07T22:56:18","date_gmt":"2024-11-07T22:56:18","guid":{"rendered":"https:\/\/packetcim.com\/?page_id=3709"},"modified":"2025-03-27T08:24:09","modified_gmt":"2025-03-27T08:24:09","slug":"strechood-palet-ortusu","status":"publish","type":"page","link":"https:\/\/packetcim.com\/en\/urunlerimiz\/endustriyel-ambalaj\/strechood-palet-ortusu\/","title":{"rendered":"Strechood Pallet Cover"},"content":{"rendered":"<h2>\n\t\tStrechood Pallet Cover\n\t<\/h2>\n\t<div class=\"ast-breadcrumbs-wrapper\">\r\n\t\t\t<div class=\"ast-breadcrumbs-inner\"><nav role=\"navigation\" aria-label=\"Breadcrumbs\" class=\"breadcrumb-trail breadcrumbs\" ><div class=\"ast-breadcrumbs\"><ul class=\"trail-items\" ><li  class=\"trail-item trail-end\"><span><a href=\"https:\/\/packetcim.com\/en\/\" rel=\"home\"><span >Home<\/span><\/a><\/span><\/li><\/ul><\/div><\/nav><\/div>\r\n\t\t<\/div>\n\t\t\t\t<img loading=\"lazy\" decoding=\"async\" src=\"https:\/\/packetcim.com\/wp-content\/uploads\/2025\/03\/stretch-hood.webp\" alt=\"stretch-hood\" itemprop=\"image\" height=\"1000\" width=\"1000\" title=\"stretch-hood\" onerror=\"this.style.display='none'\"  \/>\n<h2>\n\t\tStrechood Pallet Cover\n\t<\/h2>\n\tPaketlenecek \u00fcr\u00fcnlerin full otomatik makinelerde \u0131s\u0131l i\u015fleme gerek kalmadan ambalajlanmas\u0131nda kullan\u0131lan, bask\u0131l\u0131 ve bask\u0131s\u0131z olarak \u00fcretilebilen bir palet \u00f6rt\u00fcs\u00fc\u0308 u\u0308ru\u0308nu\u0308du\u0308r. En son teknoloji makineler ile \u00fcretilmektedir. Paketleme s\u0131ras\u0131nda \u0131s\u0131l i\u015fleme ihtiya\u00e7 duymaz. D\u00fc\u015f\u00fck enerji t\u00fcketimine sahiptir.<br \/>\nPalet ba\u015f\u0131na kullan\u0131lan paketleme materyalinin azalt\u0131lmas\u0131n\u0131 sa\u011flar. MD ve TD y\u00f6nde y\u00fcksek esneme kabiliyeti bulunur. Is\u0131l i\u015flem uygulanan naylonlarda g\u00f6r\u00fclen yanma ve delinme Stretch Hood kullan\u0131rken g\u00f6r\u00fclmez. UV koruma sayesinde \u00fcr\u00fcnlerinizi ya\u011fmur, toz, nem ve t\u00fcm olumsuz ko\u015fullara kar\u015f\u0131 korur. Y\u00fcksek y\u00fck ta\u015f\u0131ma kapasitesi sunar. Teknolojik \u00fcretim ve UV koruma sayesinde y\u00fcksek dayanma ve koruma sa\u011flar. Y\u00fcksek esneme \u00f6zelli\u011fi sayesinde kolayca uygulan\u0131r. Y\u00fcksek esneme, kolay \u0131s\u0131l yap\u0131\u015ft\u0131rma, y\u00fcksek sarma ve \u015f\u0131k bir g\u00f6rsel sa\u011flar. Bask\u0131l\u0131 ve bask\u0131s\u0131z olarak \u00fcretilebilmektedir. s\u0131l i\u015fleme gerek olmaks\u0131z\u0131n, otomatik stretch-hood ambalajlama makinelerinde Seramik, Gaz beton, Yap\u0131 malzemelerinin ambalajlanmas\u0131nda palet \u00f6rt\u00fcs\u00fc olarak kullan\u0131lmaktad\u0131r.\nHammadde:  LDPE malzeme ve renk se\u00e7enekleri Firmam\u0131z b\u00fcnyesinde \u00fcretilebilen  coex olarak yap\u0131labilmektedir<br \/>\nPrinting: : Flexo printing is possible to print up to 4 colors.<br \/>\nDimensions: \nWidth;  Requested Width is possible<br \/>\nLength; Requested length is possible<br \/>\nThickness: Requested thickness  is possible\n\t<a href=\"https:\/\/packetcim.com\/en\/iletisim\/\" target=\"_self\" role=\"button\" aria-label=\"For more information, contact us\">\n\t\t\t\tDaha fazla bilgi i\u00e7in l\u00fctfen bizimle ileti\u015fime ge\u00e7in!\n\t\t\t\t\tAkl\u0131n\u0131za tak\u0131lan her \u015fey i\u00e7in l\u00fctfen bizimle ileti\u015fime ge\u00e7in, size destek olal\u0131m.\n\t\t\t<\/a>\n\t\t\t\t<img loading=\"lazy\" decoding=\"async\" src=\"https:\/\/packetcim.com\/wp-content\/uploads\/2025\/03\/packetcim-logo-02.png\" alt=\"packetcim-logo-02\" itemprop=\"image\" height=\"358\" width=\"1097\" title=\"packetcim-logo-02\" onerror=\"this.style.display='none'\"  \/>\n\t<p><strong>Packetcim<\/strong>\u00a0is a full-service, customer-focused packaging supply company. We are dedicated to providing superior products and service at an affordable price.<\/p>\n<h2>\n\t\tQuick Menu\n\t<\/h2>\n<h2>\n\t\tProduct Range\n\t<\/h2>\n<h2>\n\t\tContact\n\t<\/h2>\n\t<p>\u00a9 Copyright 2024 <strong>Packetcim Ambalaj<\/strong><\/p>\n\t<p>Web Design <strong><a href=\"http:\/\/www.artmedigital.com\">ArtMe Digital<\/a><a href=\"http:\/\/www.artmedigital.com\/\">\u00ae<\/a><\/strong><\/p>","protected":false},"excerpt":{"rendered":"<p>Paketlenecek \u00fcr\u00fcnlerin full otomatik makinelerde &hellip;<\/p>\n<p class=\"read-more\"> <a class=\"\" href=\"https:\/\/packetcim.com\/en\/urunlerimiz\/endustriyel-ambalaj\/strechood-palet-ortusu\/\"> <span class=\"screen-reader-text\">Strechood Pallet Cover<\/span> Read More \u00bb<\/a><\/p>","protected":false},"author":13,"featured_media":5090,"parent":3664,"menu_order":0,"comment_status":"closed","ping_status":"closed","template":"","meta":{"site-sidebar-layout":"no-sidebar","site-content-layout":"page-builder","ast-global-header-display":"","ast-main-header-display":"","ast-hfb-above-header-display":null,"ast-hfb-below-header-display":null,"ast-hfb-mobile-header-display":"","site-post-title":"disabled","ast-breadcrumbs-content":null,"ast-featured-img":"disabled","footer-sml-layout":"","theme-transparent-header-meta":"default","adv-header-id-meta":"","stick-header-meta":"default","header-above-stick-meta":null,"header-main-stick-meta":"","header-below-stick-meta":null,"_joinchat":[],"footnotes":""},"class_list":["post-3709","page","type-page","status-publish","has-post-thumbnail","hentry"],"_links":{"self":[{"href":"https:\/\/packetcim.com\/en\/wp-json\/wp\/v2\/pages\/3709","targetHints":{"allow":["GET"]}}],"collection":[{"href":"https:\/\/packetcim.com\/en\/wp-json\/wp\/v2\/pages"}],"about":[{"href":"https:\/\/packetcim.com\/en\/wp-json\/wp\/v2\/types\/page"}],"author":[{"embeddable":true,"href":"https:\/\/packetcim.com\/en\/wp-json\/wp\/v2\/users\/13"}],"replies":[{"embeddable":true,"href":"https:\/\/packetcim.com\/en\/wp-json\/wp\/v2\/comments?post=3709"}],"version-history":[{"count":0,"href":"https:\/\/packetcim.com\/en\/wp-json\/wp\/v2\/pages\/3709\/revisions"}],"up":[{"embeddable":true,"href":"https:\/\/packetcim.com\/en\/wp-json\/wp\/v2\/pages\/3664"}],"wp:featuredmedia":[{"embeddable":true,"href":"https:\/\/packetcim.com\/en\/wp-json\/wp\/v2\/media\/5090"}],"wp:attachment":[{"href":"https:\/\/packetcim.com\/en\/wp-json\/wp\/v2\/media?parent=3709"}],"curies":[{"name":"wp","href":"https:\/\/api.w.org\/{rel}","templated":true}]}}