{"id":3708,"date":"2024-11-07T22:55:21","date_gmt":"2024-11-07T22:55:21","guid":{"rendered":"https:\/\/packetcim.com\/?page_id=3708"},"modified":"2025-03-27T08:23:08","modified_gmt":"2025-03-27T08:23:08","slug":"palet-ortusu","status":"publish","type":"page","link":"https:\/\/packetcim.com\/en\/urunlerimiz\/endustriyel-ambalaj\/palet-ortusu\/","title":{"rendered":"Pallethood Cover"},"content":{"rendered":"<h2>\n\t\tPallethood Cover\n\t<\/h2>\n\t<div class=\"ast-breadcrumbs-wrapper\">\r\n\t\t\t<div class=\"ast-breadcrumbs-inner\"><nav role=\"navigation\" aria-label=\"Breadcrumbs\" class=\"breadcrumb-trail breadcrumbs\" ><div class=\"ast-breadcrumbs\"><ul class=\"trail-items\" ><li  class=\"trail-item trail-end\"><span><a href=\"https:\/\/packetcim.com\/en\/\" rel=\"home\"><span >Home<\/span><\/a><\/span><\/li><\/ul><\/div><\/nav><\/div>\r\n\t\t<\/div>\n\t\t\t\t<img loading=\"lazy\" decoding=\"async\" src=\"https:\/\/packetcim.com\/wp-content\/uploads\/2025\/03\/palet-ortusu.webp\" alt=\"palet-ortusu\" itemprop=\"image\" height=\"1000\" width=\"1000\" title=\"palet-ortusu\" onerror=\"this.style.display='none'\"  \/>\n<h2>\n\t\tPallethood Cover\n\t<\/h2>\n\t<p>Pallet Cover is defined as an industrial packaging is manufactured from polyethylene raw material and in different sizes and thicknesses depending on the area of usage. It can be manufactured in the form of Perforated Roll or indivudual Bag. The pallet cover (thickness-size), determined according to the size and weight of the goods to be packed, is weared to the goods to be packed like a hat then  heating done. During heating process, the pallet cover gives a horizontal and vertical tensile strength reaction. Thanks to this reaction, Pallet cover is completely wrapped around the what it covering. Then the pallet cover cools and takes the shape of the what it covers, which prevents goods from moving, falling and dispersion, and also provides protection from external factors and ease of transporting. Pallet Cover is used in many industrial areas such as white ware, furniture, ceramic and glass, liquid bottling, electronics, mining etc.<br \/>Raw Material:  LDPE material and color options We can extrude mono or coex layered films.<br \/>Printing: : Flexo printing is possible to print up to 4 colors.<br \/>Dimensions: \nWidth;  Requested Width is possible<br \/>Length; Requested length is possible<br \/>Thickness: Requested thickness  is possible as minimum 70 micron<br \/>Perforation: Perforation is possible for ventilation.<br \/>Virgin, Recycled  raw material or Recycled content material options are available<br \/>Raw material type: LDPE material and color options<br \/>Pallet Cover can be added with UV additive (UV additive provides high durability and long life in storage.) upon request.<br \/>Our Pallet Cover production has Anti-Static and slip properties.<br \/>Our Pallet Cover production has High temparature  resistance.<\/p>\n\t<a href=\"https:\/\/packetcim.com\/en\/iletisim\/\" target=\"_self\" role=\"button\" aria-label=\"For more information, contact us\">\n\t\t\t\tDaha fazla bilgi i\u00e7in l\u00fctfen bizimle ileti\u015fime ge\u00e7in!\n\t\t\t\t\tAkl\u0131n\u0131za tak\u0131lan her \u015fey i\u00e7in l\u00fctfen bizimle ileti\u015fime ge\u00e7in, size destek olal\u0131m.\n\t\t\t<\/a>\n\t\t\t\t<img loading=\"lazy\" decoding=\"async\" src=\"https:\/\/packetcim.com\/wp-content\/uploads\/2025\/03\/packetcim-logo-02.png\" alt=\"packetcim-logo-02\" itemprop=\"image\" height=\"358\" width=\"1097\" title=\"packetcim-logo-02\" onerror=\"this.style.display='none'\"  \/>\n\t<p><strong>Packetcim<\/strong>\u00a0is a full-service, customer-focused packaging supply company. We are dedicated to providing superior products and service at an affordable price.<\/p>\n<h2>\n\t\tQuick Menu\n\t<\/h2>\n<h2>\n\t\tProduct Range\n\t<\/h2>\n<h2>\n\t\tContact\n\t<\/h2>\n\t<p>\u00a9 Copyright 2024 <strong>Packetcim Ambalaj<\/strong><\/p>\n\t<p>Web Design <strong><a href=\"http:\/\/www.artmedigital.com\">ArtMe Digital<\/a><a href=\"http:\/\/www.artmedigital.com\/\">\u00ae<\/a><\/strong><\/p>","protected":false},"excerpt":{"rendered":"<p>Palet &Ouml;rt&uuml;s&uuml;n&uuml; tan\u0131m olarak, Palet &hellip;<\/p>\n<p class=\"read-more\"> <a class=\"\" href=\"https:\/\/packetcim.com\/en\/urunlerimiz\/endustriyel-ambalaj\/palet-ortusu\/\"> <span class=\"screen-reader-text\">Pallethood Cover<\/span> Read More \u00bb<\/a><\/p>","protected":false},"author":13,"featured_media":5069,"parent":3664,"menu_order":0,"comment_status":"closed","ping_status":"closed","template":"","meta":{"site-sidebar-layout":"no-sidebar","site-content-layout":"page-builder","ast-global-header-display":"","ast-main-header-display":"","ast-hfb-above-header-display":null,"ast-hfb-below-header-display":null,"ast-hfb-mobile-header-display":"","site-post-title":"disabled","ast-breadcrumbs-content":null,"ast-featured-img":"disabled","footer-sml-layout":"","theme-transparent-header-meta":"default","adv-header-id-meta":"","stick-header-meta":"default","header-above-stick-meta":null,"header-main-stick-meta":"","header-below-stick-meta":null,"_joinchat":[],"footnotes":""},"class_list":["post-3708","page","type-page","status-publish","has-post-thumbnail","hentry"],"_links":{"self":[{"href":"https:\/\/packetcim.com\/en\/wp-json\/wp\/v2\/pages\/3708","targetHints":{"allow":["GET"]}}],"collection":[{"href":"https:\/\/packetcim.com\/en\/wp-json\/wp\/v2\/pages"}],"about":[{"href":"https:\/\/packetcim.com\/en\/wp-json\/wp\/v2\/types\/page"}],"author":[{"embeddable":true,"href":"https:\/\/packetcim.com\/en\/wp-json\/wp\/v2\/users\/13"}],"replies":[{"embeddable":true,"href":"https:\/\/packetcim.com\/en\/wp-json\/wp\/v2\/comments?post=3708"}],"version-history":[{"count":0,"href":"https:\/\/packetcim.com\/en\/wp-json\/wp\/v2\/pages\/3708\/revisions"}],"up":[{"embeddable":true,"href":"https:\/\/packetcim.com\/en\/wp-json\/wp\/v2\/pages\/3664"}],"wp:featuredmedia":[{"embeddable":true,"href":"https:\/\/packetcim.com\/en\/wp-json\/wp\/v2\/media\/5069"}],"wp:attachment":[{"href":"https:\/\/packetcim.com\/en\/wp-json\/wp\/v2\/media?parent=3708"}],"curies":[{"name":"wp","href":"https:\/\/api.w.org\/{rel}","templated":true}]}}