{"id":3701,"date":"2024-11-07T22:43:59","date_gmt":"2024-11-07T22:43:59","guid":{"rendered":"https:\/\/packetcim.com\/?page_id=3701"},"modified":"2025-03-27T08:33:08","modified_gmt":"2025-03-27T08:33:08","slug":"sarim-kagidi","status":"publish","type":"page","link":"https:\/\/packetcim.com\/en\/urunlerimiz\/kagit\/sarim-kagidi\/","title":{"rendered":"Wrapping Paper Sheet"},"content":{"rendered":"<h2>\n\t\tWrapping Paper Sheet\n\t<\/h2>\n\t<div class=\"ast-breadcrumbs-wrapper\">\r\n\t\t\t<div class=\"ast-breadcrumbs-inner\"><nav role=\"navigation\" aria-label=\"Breadcrumbs\" class=\"breadcrumb-trail breadcrumbs\" ><div class=\"ast-breadcrumbs\"><ul class=\"trail-items\" ><li  class=\"trail-item trail-end\"><span><a href=\"https:\/\/packetcim.com\/en\/\" rel=\"home\"><span >Home<\/span><\/a><\/span><\/li><\/ul><\/div><\/nav><\/div>\r\n\t\t<\/div>\n\t\t\t\t<img loading=\"lazy\" decoding=\"async\" src=\"https:\/\/packetcim.com\/wp-content\/uploads\/2025\/03\/fast-food-sarim-kagidi.webp\" alt=\"fast-food-sarim-kagidi\" itemprop=\"image\" height=\"1000\" width=\"1000\" title=\"fast-food-sarim-kagidi\" onerror=\"this.style.display='none'\"  \/>\n<h2>\n\t\tWrapping Paper Sheet\n\t<\/h2>\n\tPaper Wrap sheet is manufactured standardardized sizes that can be adapted as closest to your requested size by customizing paper and color options.<br \/>\nOrijinal Kahve Kraft, d\u00f6n\u00fc\u015f\u00fcm kahve kraft, ku\u015fe kraft, beyaz kraft, \u015famua kraft, beyaz s\u00fclfit, beyaz ya\u011fl\u0131 k\u00e2\u011f\u0131t, al\u00fcminyum folyo, polietilenli beyaz &#8211; kahve Kraft, polipropilenli beyaz- kahve kraft ve waxl\u0131 k\u00e2\u011f\u0131t t\u00fcrlerinden \u00fcretim yap\u0131l\u0131r.<br \/>\nIt is suited to utilize in Fastfood, bakeries, restaurants,patisseries,snacks ,takeaway companies and many sectors.<br \/>\n30 &#8211; 110gsm aral\u0131\u011f\u0131nda \u00fcretilebilir k\u00e2\u011f\u0131t \u00e7e\u015fitlili\u011fimiz bulunmaktad\u0131r.<br \/>\nHandleless Paper bags are customized bags that can be printed in up to 4 colors in superier high tech flexo printing machines.\n<strong>FAST FOOD WRAPPING PAPERS:<\/strong><br \/>\n<strong>Paper Weight:<\/strong> 40 gr\/m2 0 gr PE laminated kraft<br \/>\n<strong>Dimensions:<\/strong> 25 x35 cm\n<strong>BUTCHERY WRAPPING PAPERS<\/strong><br \/>\n<strong>Paper Weight:<\/strong> 40 gr\/m2 PE laminated kraft<br \/>\n<strong>Dimensions:<\/strong> 25&#215;35 cm, 35&#215;50 cm, 50X70 cm\n\t<a href=\"https:\/\/packetcim.com\/en\/iletisim\/\" target=\"_self\" role=\"button\" aria-label=\"For more information, contact us\">\n\t\t\t\tDaha fazla bilgi i\u00e7in l\u00fctfen bizimle ileti\u015fime ge\u00e7in!\n\t\t\t\t\tAkl\u0131n\u0131za tak\u0131lan her \u015fey i\u00e7in l\u00fctfen bizimle ileti\u015fime ge\u00e7in, size destek olal\u0131m.\n\t\t\t<\/a>\n\t\t\t\t<img loading=\"lazy\" decoding=\"async\" src=\"https:\/\/packetcim.com\/wp-content\/uploads\/2025\/03\/packetcim-logo-02.png\" alt=\"packetcim-logo-02\" itemprop=\"image\" height=\"358\" width=\"1097\" title=\"packetcim-logo-02\" onerror=\"this.style.display='none'\"  \/>\n\t<p><strong>Packetcim<\/strong>\u00a0is a full-service, customer-focused packaging supply company. We are dedicated to providing superior products and service at an affordable price.<\/p>\n<h2>\n\t\tQuick Menu\n\t<\/h2>\n<h2>\n\t\tProduct Range\n\t<\/h2>\n<h2>\n\t\tContact\n\t<\/h2>\n\t<p>\u00a9 Copyright 2024 <strong>Packetcim Ambalaj<\/strong><\/p>\n\t<p>Web Design <strong><a href=\"http:\/\/www.artmedigital.com\">ArtMe Digital<\/a><a href=\"http:\/\/www.artmedigital.com\/\">\u00ae<\/a><\/strong><\/p>","protected":false},"excerpt":{"rendered":"<p>K\u00e2\u011f\u0131t se\u00e7ene\u011fi belirtilerek, \u00f6l\u00e7\u00fclerinize en &hellip;<\/p>\n<p class=\"read-more\"> <a class=\"\" href=\"https:\/\/packetcim.com\/en\/urunlerimiz\/kagit\/sarim-kagidi\/\"> <span class=\"screen-reader-text\">Wrapping Paper Sheet<\/span> Read More \u00bb<\/a><\/p>","protected":false},"author":13,"featured_media":5050,"parent":3663,"menu_order":0,"comment_status":"closed","ping_status":"closed","template":"","meta":{"site-sidebar-layout":"no-sidebar","site-content-layout":"page-builder","ast-global-header-display":"","ast-main-header-display":"","ast-hfb-above-header-display":null,"ast-hfb-below-header-display":null,"ast-hfb-mobile-header-display":"","site-post-title":"disabled","ast-breadcrumbs-content":null,"ast-featured-img":"disabled","footer-sml-layout":"","theme-transparent-header-meta":"default","adv-header-id-meta":"","stick-header-meta":"default","header-above-stick-meta":null,"header-main-stick-meta":"","header-below-stick-meta":null,"_joinchat":[],"footnotes":""},"class_list":["post-3701","page","type-page","status-publish","has-post-thumbnail","hentry"],"_links":{"self":[{"href":"https:\/\/packetcim.com\/en\/wp-json\/wp\/v2\/pages\/3701","targetHints":{"allow":["GET"]}}],"collection":[{"href":"https:\/\/packetcim.com\/en\/wp-json\/wp\/v2\/pages"}],"about":[{"href":"https:\/\/packetcim.com\/en\/wp-json\/wp\/v2\/types\/page"}],"author":[{"embeddable":true,"href":"https:\/\/packetcim.com\/en\/wp-json\/wp\/v2\/users\/13"}],"replies":[{"embeddable":true,"href":"https:\/\/packetcim.com\/en\/wp-json\/wp\/v2\/comments?post=3701"}],"version-history":[{"count":0,"href":"https:\/\/packetcim.com\/en\/wp-json\/wp\/v2\/pages\/3701\/revisions"}],"up":[{"embeddable":true,"href":"https:\/\/packetcim.com\/en\/wp-json\/wp\/v2\/pages\/3663"}],"wp:featuredmedia":[{"embeddable":true,"href":"https:\/\/packetcim.com\/en\/wp-json\/wp\/v2\/media\/5050"}],"wp:attachment":[{"href":"https:\/\/packetcim.com\/en\/wp-json\/wp\/v2\/media?parent=3701"}],"curies":[{"name":"wp","href":"https:\/\/api.w.org\/{rel}","templated":true}]}}