{"id":3700,"date":"2024-11-07T22:43:39","date_gmt":"2024-11-07T22:43:39","guid":{"rendered":"https:\/\/packetcim.com\/?page_id=3700"},"modified":"2025-03-27T08:29:21","modified_gmt":"2025-03-27T08:29:21","slug":"kese-kagidi","status":"publish","type":"page","link":"https:\/\/packetcim.com\/en\/urunlerimiz\/kagit\/kese-kagidi\/","title":{"rendered":"Handleless Paper Bag(Food Grade Sos Bag)"},"content":{"rendered":"<h2>\n\t\tHandleless Paper Bag(Food Grade Sos Bag)\n\t<\/h2>\n\t<div class=\"ast-breadcrumbs-wrapper\">\r\n\t\t\t<div class=\"ast-breadcrumbs-inner\"><nav role=\"navigation\" aria-label=\"Breadcrumbs\" class=\"breadcrumb-trail breadcrumbs\" ><div class=\"ast-breadcrumbs\"><ul class=\"trail-items\" ><li  class=\"trail-item trail-end\"><span><a href=\"https:\/\/packetcim.com\/en\/\" rel=\"home\"><span >Home<\/span><\/a><\/span><\/li><\/ul><\/div><\/nav><\/div>\r\n\t\t<\/div>\n\t\t\t\t<img loading=\"lazy\" decoding=\"async\" src=\"https:\/\/packetcim.com\/wp-content\/uploads\/2025\/03\/kese-kagidi.webp\" alt=\"kese-kagidi\" itemprop=\"image\" height=\"1000\" width=\"1000\" title=\"kese-kagidi\" onerror=\"this.style.display='none'\"  \/>\n<h2>\n\t\tHandleless Paper Bag(Food Grade Sos Bag)\n\t<\/h2>\n\tOrijinal kahve kraft, d\u00f6n\u00fc\u015f\u00fcm kahve kraft, ku\u015fe kraft, beyaz kraft, \u015famua kraft, beyaz s\u00fclfit, beyaz ya\u011fl\u0131 k\u00e2\u011f\u0131t, al\u00fcminyum folyo, polietilenli beyaz &#8211; kahve kraft, polipropilenli beyaz &#8211; kahve kraft k\u00e2\u011f\u0131t t\u00fcrlerinden \u00fcretim yap\u0131l\u0131r.<br \/>\n40 &#8211; 70 gsm aral\u0131\u011f\u0131nda \u00fcretilebilir k\u00e2\u011f\u0131t \u00e7e\u015fitlili\u011fimiz bulunmaktad\u0131r.<br \/>\nKese k\u00e2\u011f\u0131tlar\u0131, tamam\u0131 otomatik makinalarda \u00fcretilen m\u00fc\u015fteriye \u00f6zel 4 renge kadar bask\u0131 yap\u0131labilen \u00fcr\u00fcnlerdir.<br \/>\nF\u0131r\u0131n, pastane, restoran, kuruyemi\u015f ve take away firmalar\u0131 ve \u00e7e\u015fitli sekt\u00f6rlerin kullan\u0131m\u0131na uygundur<br \/>\n\u00d6n y\u00fczde bulunan farkl\u0131 pencere \u015fekilleri (ortadan, boydan) ile kese k\u00e2\u011f\u0131d\u0131n\u0131n i\u00e7indeki \u00fcr\u00fcnlerin g\u00f6r\u00fcnmesi sa\u011flan\u0131r.<br \/>\n\u00dcr\u00fcnlerin taze kalmas\u0131n\u0131 sa\u011flar.<br \/>\nKraft kese k\u00e2\u011f\u0131tlar\u0131m\u0131z\u0131n \u00e7e\u015fitli ebatlar\u0131ndan se\u00e7im yaparak kullanabilir, \u00fcr\u00fcnlerinizi g\u00fcvenle muhafaza edebilirsiniz.<br \/>\n\u00dcr\u00fcn \u00f6l\u00e7\u00fclerinde +\/- %5 mm, \u00fcr\u00fcn toplam gramajlar\u0131nda +\/- %8 \u00fcretim tolerans\u0131 mevcuttur.\n\t<a href=\"https:\/\/packetcim.com\/en\/iletisim\/\" target=\"_self\" role=\"button\" aria-label=\"For more information, contact us\">\n\t\t\t\tDaha fazla bilgi i\u00e7in l\u00fctfen bizimle ileti\u015fime ge\u00e7in!\n\t\t\t\t\tAkl\u0131n\u0131za tak\u0131lan her \u015fey i\u00e7in l\u00fctfen bizimle ileti\u015fime ge\u00e7in, size destek olal\u0131m.\n\t\t\t<\/a>\n\t\t\t\t<img loading=\"lazy\" decoding=\"async\" src=\"https:\/\/packetcim.com\/wp-content\/uploads\/2025\/03\/packetcim-logo-02.png\" alt=\"packetcim-logo-02\" itemprop=\"image\" height=\"358\" width=\"1097\" title=\"packetcim-logo-02\" onerror=\"this.style.display='none'\"  \/>\n\t<p><strong>Packetcim<\/strong>\u00a0is a full-service, customer-focused packaging supply company. We are dedicated to providing superior products and service at an affordable price.<\/p>\n<h2>\n\t\tQuick Menu\n\t<\/h2>\n<h2>\n\t\tProduct Range\n\t<\/h2>\n<h2>\n\t\tContact\n\t<\/h2>\n\t<p>\u00a9 Copyright 2024 <strong>Packetcim Ambalaj<\/strong><\/p>\n\t<p>Web Design <strong><a href=\"http:\/\/www.artmedigital.com\">ArtMe Digital<\/a><a href=\"http:\/\/www.artmedigital.com\/\">\u00ae<\/a><\/strong><\/p>","protected":false},"excerpt":{"rendered":"<p>Orijinal kahve kraft, d\u00f6n\u00fc\u015f\u00fcm kahve &hellip;<\/p>\n<p class=\"read-more\"> <a class=\"\" href=\"https:\/\/packetcim.com\/en\/urunlerimiz\/kagit\/kese-kagidi\/\"> <span class=\"screen-reader-text\">Handleless Paper Bag(Food Grade Sos Bag)<\/span> Read More \u00bb<\/a><\/p>","protected":false},"author":13,"featured_media":5060,"parent":3663,"menu_order":0,"comment_status":"closed","ping_status":"closed","template":"","meta":{"site-sidebar-layout":"no-sidebar","site-content-layout":"page-builder","ast-global-header-display":"","ast-main-header-display":"","ast-hfb-above-header-display":null,"ast-hfb-below-header-display":null,"ast-hfb-mobile-header-display":"","site-post-title":"disabled","ast-breadcrumbs-content":null,"ast-featured-img":"disabled","footer-sml-layout":"","theme-transparent-header-meta":"default","adv-header-id-meta":"","stick-header-meta":"default","header-above-stick-meta":null,"header-main-stick-meta":"","header-below-stick-meta":null,"_joinchat":[],"footnotes":""},"class_list":["post-3700","page","type-page","status-publish","has-post-thumbnail","hentry"],"_links":{"self":[{"href":"https:\/\/packetcim.com\/en\/wp-json\/wp\/v2\/pages\/3700","targetHints":{"allow":["GET"]}}],"collection":[{"href":"https:\/\/packetcim.com\/en\/wp-json\/wp\/v2\/pages"}],"about":[{"href":"https:\/\/packetcim.com\/en\/wp-json\/wp\/v2\/types\/page"}],"author":[{"embeddable":true,"href":"https:\/\/packetcim.com\/en\/wp-json\/wp\/v2\/users\/13"}],"replies":[{"embeddable":true,"href":"https:\/\/packetcim.com\/en\/wp-json\/wp\/v2\/comments?post=3700"}],"version-history":[{"count":0,"href":"https:\/\/packetcim.com\/en\/wp-json\/wp\/v2\/pages\/3700\/revisions"}],"up":[{"embeddable":true,"href":"https:\/\/packetcim.com\/en\/wp-json\/wp\/v2\/pages\/3663"}],"wp:featuredmedia":[{"embeddable":true,"href":"https:\/\/packetcim.com\/en\/wp-json\/wp\/v2\/media\/5060"}],"wp:attachment":[{"href":"https:\/\/packetcim.com\/en\/wp-json\/wp\/v2\/media?parent=3700"}],"curies":[{"name":"wp","href":"https:\/\/api.w.org\/{rel}","templated":true}]}}