{"id":3698,"date":"2024-11-07T22:42:53","date_gmt":"2024-11-07T22:42:53","guid":{"rendered":"https:\/\/packetcim.com\/?page_id=3698"},"modified":"2025-03-27T08:32:01","modified_gmt":"2025-03-27T08:32:01","slug":"burgu-sapli-kraft-canta","status":"publish","type":"page","link":"https:\/\/packetcim.com\/en\/urunlerimiz\/kagit\/burgu-sapli-kraft-canta\/","title":{"rendered":"Twisted Handle Kraft Bag"},"content":{"rendered":"<h2>\n\t\tTwisted Handle Kraft Bag\n\t<\/h2>\n\t<div class=\"ast-breadcrumbs-wrapper\">\r\n\t\t\t<div class=\"ast-breadcrumbs-inner\"><nav role=\"navigation\" aria-label=\"Breadcrumbs\" class=\"breadcrumb-trail breadcrumbs\" ><div class=\"ast-breadcrumbs\"><ul class=\"trail-items\" ><li  class=\"trail-item trail-end\"><span><a href=\"https:\/\/packetcim.com\/en\/\" rel=\"home\"><span >Home<\/span><\/a><\/span><\/li><\/ul><\/div><\/nav><\/div>\r\n\t\t<\/div>\n\t\t\t\t<img loading=\"lazy\" decoding=\"async\" src=\"https:\/\/packetcim.com\/wp-content\/uploads\/2025\/03\/burgu-sapli-poset.webp\" alt=\"burgu-sapli-poset\" itemprop=\"image\" height=\"1000\" width=\"1000\" title=\"burgu-sapli-poset\" onerror=\"this.style.display='none'\"  \/>\n<h2>\n\t\tTwisted Handle Kraft Bag\n\t<\/h2>\n\t<p>The twisted handle bag, which is manufactured standardardized sizes that can be adapted as closest to your requested size by customizing paper and handle color options, is a paper carrier bag that create corporate value to brands or stores while they enables to store goods safely.<\/p>\nIt can be manufactured from original brown kraft, recycled brown kraft, coated kraft and white kraft paper.<br \/>\n 70 &#8211; 110 gsm aral\u0131\u011f\u0131nda \u00fcretilebilir k\u00e2\u011f\u0131t \u00e7e\u015fitlili\u011fimiz bulunmaktad\u0131r.<br \/>\nIt is suited to utilize in retail stores, restaurants, cosmetics, bakeries and many other sectors.<br \/>\n It is 0 recyclable.<br \/>\n Twisted handle color options are available if requested.<br \/>\n\u00dcr\u00fcn ta\u015f\u0131ma kapasitesi maksimum 6 kg&#8217;d\u0131r.<br \/>\nIt can be manufactured printed or plain.<br \/>\nIt can be printed with Flexo printing technology.<br \/>\nMinimum order quantity can vary according to the size, \u0131t might be assumed as 10.000 pcs.\n\t<a href=\"https:\/\/packetcim.com\/en\/iletisim\/\" target=\"_self\" role=\"button\" aria-label=\"For more information, contact us\">\n\t\t\t\tDaha fazla bilgi i\u00e7in l\u00fctfen bizimle ileti\u015fime ge\u00e7in!\n\t\t\t\t\tAkl\u0131n\u0131za tak\u0131lan her \u015fey i\u00e7in l\u00fctfen bizimle ileti\u015fime ge\u00e7in, size destek olal\u0131m.\n\t\t\t<\/a>\n\t\t\t\t<img loading=\"lazy\" decoding=\"async\" src=\"https:\/\/packetcim.com\/wp-content\/uploads\/2025\/03\/packetcim-logo-02.png\" alt=\"packetcim-logo-02\" itemprop=\"image\" height=\"358\" width=\"1097\" title=\"packetcim-logo-02\" onerror=\"this.style.display='none'\"  \/>\n\t<p><strong>Packetcim<\/strong>\u00a0is a full-service, customer-focused packaging supply company. We are dedicated to providing superior products and service at an affordable price.<\/p>\n<h2>\n\t\tQuick Menu\n\t<\/h2>\n<h2>\n\t\tProduct Range\n\t<\/h2>\n<h2>\n\t\tContact\n\t<\/h2>\n\t<p>\u00a9 Copyright 2024 <strong>Packetcim Ambalaj<\/strong><\/p>\n\t<p>Web Design <strong><a href=\"http:\/\/www.artmedigital.com\">ArtMe Digital<\/a><a href=\"http:\/\/www.artmedigital.com\/\">\u00ae<\/a><\/strong><\/p>","protected":false},"excerpt":{"rendered":"<p>K\u00e2\u011f\u0131t ve renkli sap se\u00e7enekleri &hellip;<\/p>\n<p class=\"read-more\"> <a class=\"\" href=\"https:\/\/packetcim.com\/en\/urunlerimiz\/kagit\/burgu-sapli-kraft-canta\/\"> <span class=\"screen-reader-text\">Twisted Handle Kraft Bag<\/span> Read More \u00bb<\/a><\/p>","protected":false},"author":13,"featured_media":5042,"parent":3663,"menu_order":0,"comment_status":"closed","ping_status":"closed","template":"","meta":{"site-sidebar-layout":"no-sidebar","site-content-layout":"page-builder","ast-global-header-display":"","ast-main-header-display":"","ast-hfb-above-header-display":null,"ast-hfb-below-header-display":null,"ast-hfb-mobile-header-display":"","site-post-title":"disabled","ast-breadcrumbs-content":null,"ast-featured-img":"disabled","footer-sml-layout":"","theme-transparent-header-meta":"default","adv-header-id-meta":"","stick-header-meta":"default","header-above-stick-meta":null,"header-main-stick-meta":"","header-below-stick-meta":null,"_joinchat":[],"footnotes":""},"class_list":["post-3698","page","type-page","status-publish","has-post-thumbnail","hentry"],"_links":{"self":[{"href":"https:\/\/packetcim.com\/en\/wp-json\/wp\/v2\/pages\/3698","targetHints":{"allow":["GET"]}}],"collection":[{"href":"https:\/\/packetcim.com\/en\/wp-json\/wp\/v2\/pages"}],"about":[{"href":"https:\/\/packetcim.com\/en\/wp-json\/wp\/v2\/types\/page"}],"author":[{"embeddable":true,"href":"https:\/\/packetcim.com\/en\/wp-json\/wp\/v2\/users\/13"}],"replies":[{"embeddable":true,"href":"https:\/\/packetcim.com\/en\/wp-json\/wp\/v2\/comments?post=3698"}],"version-history":[{"count":0,"href":"https:\/\/packetcim.com\/en\/wp-json\/wp\/v2\/pages\/3698\/revisions"}],"up":[{"embeddable":true,"href":"https:\/\/packetcim.com\/en\/wp-json\/wp\/v2\/pages\/3663"}],"wp:featuredmedia":[{"embeddable":true,"href":"https:\/\/packetcim.com\/en\/wp-json\/wp\/v2\/media\/5042"}],"wp:attachment":[{"href":"https:\/\/packetcim.com\/en\/wp-json\/wp\/v2\/media?parent=3698"}],"curies":[{"name":"wp","href":"https:\/\/api.w.org\/{rel}","templated":true}]}}