{"id":3685,"date":"2024-11-07T22:21:48","date_gmt":"2024-11-07T22:21:48","guid":{"rendered":"https:\/\/packetcim.com\/?page_id=3685"},"modified":"2025-03-27T08:18:05","modified_gmt":"2025-03-27T08:18:05","slug":"wicket-torba","status":"publish","type":"page","link":"https:\/\/packetcim.com\/en\/urunlerimiz\/plastik\/wicket-torba\/","title":{"rendered":"Wicketted Bag"},"content":{"rendered":"<h2>\n\t\tWicketted Bag\n\t<\/h2>\n\t<div class=\"ast-breadcrumbs-wrapper\">\r\n\t\t\t<div class=\"ast-breadcrumbs-inner\"><nav role=\"navigation\" aria-label=\"Breadcrumbs\" class=\"breadcrumb-trail breadcrumbs\" ><div class=\"ast-breadcrumbs\"><ul class=\"trail-items\" ><li  class=\"trail-item trail-end\"><span><a href=\"https:\/\/packetcim.com\/en\/\" rel=\"home\"><span >Home<\/span><\/a><\/span><\/li><\/ul><\/div><\/nav><\/div>\r\n\t\t<\/div>\n\t\t\t\t<img loading=\"lazy\" decoding=\"async\" src=\"https:\/\/packetcim.com\/wp-content\/uploads\/2025\/03\/wicket-torba.webp\" alt=\"wicket-torba\" itemprop=\"image\" height=\"1000\" width=\"1000\" title=\"wicket-torba\" onerror=\"this.style.display='none'\"  \/>\n<h2>\n\t\tWicketted Bag\n\t<\/h2>\n\tWicket torbalar, end\u00fcstriyel paketleme ve otomatik dolum hatlar\u0131nda s\u0131k\u00e7a tercih edilen, pratik kullan\u0131m\u0131 ve sa\u011flam yap\u0131s\u0131yla \u00f6ne \u00e7\u0131kan bir ambalaj \u00e7\u00f6z\u00fcm\u00fcd\u00fcr.<br \/>\nWicket torbalar, \u00fcst k\u0131sm\u0131nda delik bulunan ve metal bir ask\u0131ya as\u0131larak kolayca ta\u015f\u0131ma ve dolum yap\u0131lmas\u0131n\u0131 sa\u011flayan torba t\u00fcrleridir. Otomatik paketleme makineleriyle uyumlu olup, h\u0131zl\u0131 ve verimli paketleme s\u00fcreci sunar. Sa\u011flam yap\u0131lar\u0131 ve y\u00fcksek mukavemetleri sayesinde g\u0131da, tekstil ve end\u00fcstriyel \u00fcr\u00fcnlerin g\u00fcvenli bir \u015fekilde paketlenmesine imk\u00e2n tan\u0131r. Ayr\u0131ca, bask\u0131 se\u00e7enekleri ile markalar i\u00e7in \u00f6zelle\u015ftirilebilir tasar\u0131mlar sunar.\nHammadde: HDPE, LDPE, MDPE malzeme ve renk se\u00e7enekleri Firmam\u0131z b\u00fcnyesinde \u00fcretilebilen coex olarak yap\u0131labilmektedir<br \/>\nPrinting: : Flexo printing is possible to print up to 10 colors.<br \/>\nEbat: En; \u0130stenilen \u00f6l\u00e7\u00fcde \u00fcretim yap\u0131labilir<br \/>\nLength; Requested length is possible<br \/>\nPerforasyon: makine dolumu s\u0131ras\u0131nda Kolay kopmas\u0131 i\u00e7in yan ve \u00fcst \u00e7entik perforesi m\u00fcmk\u00fcnd\u00fcr. Kal\u0131nl\u0131k: Minimum 25 mikron olmak \u00fczere \u00fcretim yap\u0131labilmektedir.\n\t<a href=\"https:\/\/packetcim.com\/en\/iletisim\/\" target=\"_self\" role=\"button\" aria-label=\"For more information, contact us\">\n\t\t\t\tDaha fazla bilgi i\u00e7in l\u00fctfen bizimle ileti\u015fime ge\u00e7in!\n\t\t\t\t\tAkl\u0131n\u0131za tak\u0131lan her \u015fey i\u00e7in l\u00fctfen bizimle ileti\u015fime ge\u00e7in, size destek olal\u0131m.\n\t\t\t<\/a>\n\t\t\t\t<img loading=\"lazy\" decoding=\"async\" src=\"https:\/\/packetcim.com\/wp-content\/uploads\/2025\/03\/packetcim-logo-02.png\" alt=\"packetcim-logo-02\" itemprop=\"image\" height=\"358\" width=\"1097\" title=\"packetcim-logo-02\" onerror=\"this.style.display='none'\"  \/>\n\t<p><strong>Packetcim<\/strong>\u00a0is a full-service, customer-focused packaging supply company. We are dedicated to providing superior products and service at an affordable price.<\/p>\n<h2>\n\t\tQuick Menu\n\t<\/h2>\n<h2>\n\t\tProduct Range\n\t<\/h2>\n<h2>\n\t\tContact\n\t<\/h2>\n\t<p>\u00a9 Copyright 2024 <strong>Packetcim Ambalaj<\/strong><\/p>\n\t<p>Web Design <strong><a href=\"http:\/\/www.artmedigital.com\">ArtMe Digital<\/a><a href=\"http:\/\/www.artmedigital.com\/\">\u00ae<\/a><\/strong><\/p>","protected":false},"excerpt":{"rendered":"<p>Wicket torbalar, end\u00fcstriyel paketleme ve &hellip;<\/p>\n<p class=\"read-more\"> <a class=\"\" href=\"https:\/\/packetcim.com\/en\/urunlerimiz\/plastik\/wicket-torba\/\"> <span class=\"screen-reader-text\">Wicketted Bag<\/span> Read More \u00bb<\/a><\/p>","protected":false},"author":13,"featured_media":5061,"parent":3659,"menu_order":0,"comment_status":"closed","ping_status":"closed","template":"","meta":{"site-sidebar-layout":"no-sidebar","site-content-layout":"page-builder","ast-global-header-display":"","ast-main-header-display":"","ast-hfb-above-header-display":null,"ast-hfb-below-header-display":null,"ast-hfb-mobile-header-display":"","site-post-title":"disabled","ast-breadcrumbs-content":null,"ast-featured-img":"disabled","footer-sml-layout":"","theme-transparent-header-meta":"default","adv-header-id-meta":"","stick-header-meta":"default","header-above-stick-meta":null,"header-main-stick-meta":"","header-below-stick-meta":null,"_joinchat":[],"footnotes":""},"class_list":["post-3685","page","type-page","status-publish","has-post-thumbnail","hentry"],"_links":{"self":[{"href":"https:\/\/packetcim.com\/en\/wp-json\/wp\/v2\/pages\/3685","targetHints":{"allow":["GET"]}}],"collection":[{"href":"https:\/\/packetcim.com\/en\/wp-json\/wp\/v2\/pages"}],"about":[{"href":"https:\/\/packetcim.com\/en\/wp-json\/wp\/v2\/types\/page"}],"author":[{"embeddable":true,"href":"https:\/\/packetcim.com\/en\/wp-json\/wp\/v2\/users\/13"}],"replies":[{"embeddable":true,"href":"https:\/\/packetcim.com\/en\/wp-json\/wp\/v2\/comments?post=3685"}],"version-history":[{"count":0,"href":"https:\/\/packetcim.com\/en\/wp-json\/wp\/v2\/pages\/3685\/revisions"}],"up":[{"embeddable":true,"href":"https:\/\/packetcim.com\/en\/wp-json\/wp\/v2\/pages\/3659"}],"wp:featuredmedia":[{"embeddable":true,"href":"https:\/\/packetcim.com\/en\/wp-json\/wp\/v2\/media\/5061"}],"wp:attachment":[{"href":"https:\/\/packetcim.com\/en\/wp-json\/wp\/v2\/media?parent=3685"}],"curies":[{"name":"wp","href":"https:\/\/api.w.org\/{rel}","templated":true}]}}