{"id":3683,"date":"2024-11-07T22:21:09","date_gmt":"2024-11-07T22:21:09","guid":{"rendered":"https:\/\/packetcim.com\/?page_id=3683"},"modified":"2025-03-27T08:18:49","modified_gmt":"2025-03-27T08:18:49","slug":"kargo-torbasi","status":"publish","type":"page","link":"https:\/\/packetcim.com\/en\/urunlerimiz\/plastik\/kargo-torbasi\/","title":{"rendered":"Courier Bag"},"content":{"rendered":"<h2>\n\t\tCourier Bag\n\t<\/h2>\n\t<div class=\"ast-breadcrumbs-wrapper\">\r\n\t\t\t<div class=\"ast-breadcrumbs-inner\"><nav role=\"navigation\" aria-label=\"Breadcrumbs\" class=\"breadcrumb-trail breadcrumbs\" ><div class=\"ast-breadcrumbs\"><ul class=\"trail-items\" ><li  class=\"trail-item trail-end\"><span><a href=\"https:\/\/packetcim.com\/en\/\" rel=\"home\"><span >Home<\/span><\/a><\/span><\/li><\/ul><\/div><\/nav><\/div>\r\n\t\t<\/div>\n\t\t\t\t<img loading=\"lazy\" decoding=\"async\" src=\"https:\/\/packetcim.com\/wp-content\/uploads\/2025\/03\/kargo-torbasi.webp\" alt=\"kargo-torbasi\" itemprop=\"image\" height=\"1000\" width=\"1000\" title=\"kargo-torbasi\" onerror=\"this.style.display='none'\"  \/>\n<h2>\n\t\tCourier Bag\n\t<\/h2>\n\t<p>Courier bags called as mailer bag . They  are used by E-commerce stores  and companies whose sells then mail their goods to customers . Thanks to the superior tape, your products reach your customers safely. After mailer bag closed  its strip tape, it is impossible to open them without tearing. Courier bags can be produced with or without invoice pouch, with Punched out handle , printed, unprinted  ,optionally transparent on one side.<\/p>\nHammadde: HDPE, LDPE, MDPE malzeme ve renk se\u00e7enekleri Firmam\u0131z b\u00fcnyesinde \u00fcretilebilen coex olarak yap\u0131labilmektedir<br \/>\nPrinting: : Flexo printing is possible to print up to 10 colors.<br \/>\nEbat: En; 20-80 cm aras\u0131nda \u00fcretim yap\u0131labilir.<br \/>\nLength; Requested length is possible<br \/>\nBant: tek veya \u00e7ift olarak A\u00c7ILMAZ BANT, A\u00c7\/KAPA BANT<br \/>\nCep: Dok\u00fcman cebi eklemek m\u00fcmk\u00fcnd\u00fcr<br \/>\nPerforasyon: Kolay a\u00e7\u0131l\u0131m\u0131 i\u00e7in \u0130ki Bant aras\u0131 koparma perforesi m\u00fcmk\u00fcnd\u00fcr.<br \/>\nKal\u0131nl\u0131k: Minimum 30 mikron olmak \u00fczere \u00fcretim yap\u0131labilmektedir.<br \/>\nEl Ge\u00e7me Opsiyonu: D Kulp el ge\u00e7me se\u00e7enekleri eklemesi mevcuttur<br \/>\nVirgin, Recycled  raw material or Recycled content material options are available<br \/>\nRaw material type: HDPE \/ LDPE \/ MDPE material and color options\n\t<a href=\"https:\/\/packetcim.com\/en\/iletisim\/\" target=\"_self\" role=\"button\" aria-label=\"For more information, contact us\">\n\t\t\t\tDaha fazla bilgi i\u00e7in l\u00fctfen bizimle ileti\u015fime ge\u00e7in!\n\t\t\t\t\tAkl\u0131n\u0131za tak\u0131lan her \u015fey i\u00e7in l\u00fctfen bizimle ileti\u015fime ge\u00e7in, size destek olal\u0131m.\n\t\t\t<\/a>\n\t\t\t\t<img loading=\"lazy\" decoding=\"async\" src=\"https:\/\/packetcim.com\/wp-content\/uploads\/2025\/03\/packetcim-logo-02.png\" alt=\"packetcim-logo-02\" itemprop=\"image\" height=\"358\" width=\"1097\" title=\"packetcim-logo-02\" onerror=\"this.style.display='none'\"  \/>\n\t<p><strong>Packetcim<\/strong>\u00a0is a full-service, customer-focused packaging supply company. We are dedicated to providing superior products and service at an affordable price.<\/p>\n<h2>\n\t\tQuick Menu\n\t<\/h2>\n<h2>\n\t\tProduct Range\n\t<\/h2>\n<h2>\n\t\tContact\n\t<\/h2>\n\t<p>\u00a9 Copyright 2024 <strong>Packetcim Ambalaj<\/strong><\/p>\n\t<p>Web Design <strong><a href=\"http:\/\/www.artmedigital.com\">ArtMe Digital<\/a><a href=\"http:\/\/www.artmedigital.com\/\">\u00ae<\/a><\/strong><\/p>","protected":false},"excerpt":{"rendered":"<p>Kargo po\u015fetleri E-ticaret yapan ve &hellip;<\/p>\n<p class=\"read-more\"> <a class=\"\" href=\"https:\/\/packetcim.com\/en\/urunlerimiz\/plastik\/kargo-torbasi\/\"> <span class=\"screen-reader-text\">Courier Bag<\/span> Read More \u00bb<\/a><\/p>","protected":false},"author":13,"featured_media":5057,"parent":3659,"menu_order":0,"comment_status":"closed","ping_status":"closed","template":"","meta":{"site-sidebar-layout":"no-sidebar","site-content-layout":"page-builder","ast-global-header-display":"","ast-main-header-display":"","ast-hfb-above-header-display":"","ast-hfb-below-header-display":"","ast-hfb-mobile-header-display":"","site-post-title":"disabled","ast-breadcrumbs-content":"","ast-featured-img":"disabled","footer-sml-layout":"","theme-transparent-header-meta":"default","adv-header-id-meta":"","stick-header-meta":"default","header-above-stick-meta":"","header-main-stick-meta":"","header-below-stick-meta":"","_joinchat":[],"footnotes":""},"class_list":["post-3683","page","type-page","status-publish","has-post-thumbnail","hentry"],"_links":{"self":[{"href":"https:\/\/packetcim.com\/en\/wp-json\/wp\/v2\/pages\/3683","targetHints":{"allow":["GET"]}}],"collection":[{"href":"https:\/\/packetcim.com\/en\/wp-json\/wp\/v2\/pages"}],"about":[{"href":"https:\/\/packetcim.com\/en\/wp-json\/wp\/v2\/types\/page"}],"author":[{"embeddable":true,"href":"https:\/\/packetcim.com\/en\/wp-json\/wp\/v2\/users\/13"}],"replies":[{"embeddable":true,"href":"https:\/\/packetcim.com\/en\/wp-json\/wp\/v2\/comments?post=3683"}],"version-history":[{"count":0,"href":"https:\/\/packetcim.com\/en\/wp-json\/wp\/v2\/pages\/3683\/revisions"}],"up":[{"embeddable":true,"href":"https:\/\/packetcim.com\/en\/wp-json\/wp\/v2\/pages\/3659"}],"wp:featuredmedia":[{"embeddable":true,"href":"https:\/\/packetcim.com\/en\/wp-json\/wp\/v2\/media\/5057"}],"wp:attachment":[{"href":"https:\/\/packetcim.com\/en\/wp-json\/wp\/v2\/media?parent=3683"}],"curies":[{"name":"wp","href":"https:\/\/api.w.org\/{rel}","templated":true}]}}