{"id":3682,"date":"2024-11-07T22:22:14","date_gmt":"2024-11-07T22:22:14","guid":{"rendered":"https:\/\/packetcim.com\/?page_id=3682"},"modified":"2025-03-27T08:17:12","modified_gmt":"2025-03-27T08:17:12","slug":"perforeli-rulo-torba","status":"publish","type":"page","link":"https:\/\/packetcim.com\/en\/urunlerimiz\/plastik\/perforeli-rulo-torba\/","title":{"rendered":"Perforated Bags On Roll"},"content":{"rendered":"<h2>\n\t\tPerforated Bags On Roll\n\t<\/h2>\n\t<div class=\"ast-breadcrumbs-wrapper\">\r\n\t\t\t<div class=\"ast-breadcrumbs-inner\"><nav role=\"navigation\" aria-label=\"Breadcrumbs\" class=\"breadcrumb-trail breadcrumbs\" ><div class=\"ast-breadcrumbs\"><ul class=\"trail-items\" ><li  class=\"trail-item trail-end\"><span><a href=\"https:\/\/packetcim.com\/en\/\" rel=\"home\"><span >Home<\/span><\/a><\/span><\/li><\/ul><\/div><\/nav><\/div>\r\n\t\t<\/div>\n\t\t\t\t<img loading=\"lazy\" decoding=\"async\" src=\"https:\/\/packetcim.com\/wp-content\/uploads\/2025\/03\/perforeli-rulo-torba.webp\" alt=\"perforeli-rulo-torba\" itemprop=\"image\" height=\"1000\" width=\"1000\" title=\"perforeli-rulo-torba\" onerror=\"this.style.display='none'\"  \/>\n<h2>\n\t\tPerforated Bags On Roll\n\t<\/h2>\n\t<p>PERF Polyethlene bag is a type of bag  generally used in the packaging and shipping of all products. It is used in the packaging of food and non-food products in automatic filling machines. It can be produced with anti-static, anti-fog, anti-slip features. It enables to pack goods as directed grammage.<\/p>\nHammadde: HDPE, LDPE, MDPE malzeme ve renk se\u00e7enekleri Firmam\u0131z b\u00fcnyesinde \u00fcretilebilen  mono veya coex olarak yap\u0131labilmektedir<br \/>\nPrinting: : Flexo printing is possible to print up to 4 colors.<br \/>\nEbat: En; 20-80 cm aras\u0131nda \u00fcretim yap\u0131labilir.<br \/>\nLength; Requested length is possible<br \/>\nKal\u0131nl\u0131k: Minimum 20 mikron olmak \u00fczere \u00fcretim yap\u0131labilmektedir.<br \/>\nPerforation: Perforation is possible for ventilation.<br \/>\nVirgin, Recycled  raw material or Recycled content material options are available<br \/>\nRaw material type: HDPE \/ LDPE \/ MDPE material and color options\n\t<a href=\"https:\/\/packetcim.com\/en\/iletisim\/\" target=\"_self\" role=\"button\" aria-label=\"For more information, contact us\">\n\t\t\t\tDaha fazla bilgi i\u00e7in l\u00fctfen bizimle ileti\u015fime ge\u00e7in!\n\t\t\t\t\tAkl\u0131n\u0131za tak\u0131lan her \u015fey i\u00e7in l\u00fctfen bizimle ileti\u015fime ge\u00e7in, size destek olal\u0131m.\n\t\t\t<\/a>\n\t\t\t\t<img loading=\"lazy\" decoding=\"async\" src=\"https:\/\/packetcim.com\/wp-content\/uploads\/2025\/03\/packetcim-logo-02.png\" alt=\"packetcim-logo-02\" itemprop=\"image\" height=\"358\" width=\"1097\" title=\"packetcim-logo-02\" onerror=\"this.style.display='none'\"  \/>\n\t<p><strong>Packetcim<\/strong>\u00a0is a full-service, customer-focused packaging supply company. We are dedicated to providing superior products and service at an affordable price.<\/p>\n<h2>\n\t\tQuick Menu\n\t<\/h2>\n<h2>\n\t\tProduct Range\n\t<\/h2>\n<h2>\n\t\tContact\n\t<\/h2>\n\t<p>\u00a9 Copyright 2024 <strong>Packetcim Ambalaj<\/strong><\/p>\n\t<p>Web Design <strong><a href=\"http:\/\/www.artmedigital.com\">ArtMe Digital<\/a><a href=\"http:\/\/www.artmedigital.com\/\">\u00ae<\/a><\/strong><\/p>","protected":false},"excerpt":{"rendered":"<p>PE Naylon torba genel olarak &hellip;<\/p>\n<p class=\"read-more\"> <a class=\"\" href=\"https:\/\/packetcim.com\/en\/urunlerimiz\/plastik\/perforeli-rulo-torba\/\"> <span class=\"screen-reader-text\">Perforated Bags On Roll<\/span> Read More \u00bb<\/a><\/p>","protected":false},"author":13,"featured_media":5076,"parent":3659,"menu_order":0,"comment_status":"closed","ping_status":"closed","template":"","meta":{"site-sidebar-layout":"no-sidebar","site-content-layout":"page-builder","ast-global-header-display":"","ast-main-header-display":"","ast-hfb-above-header-display":null,"ast-hfb-below-header-display":null,"ast-hfb-mobile-header-display":"","site-post-title":"disabled","ast-breadcrumbs-content":null,"ast-featured-img":"disabled","footer-sml-layout":"","theme-transparent-header-meta":"default","adv-header-id-meta":"","stick-header-meta":"default","header-above-stick-meta":null,"header-main-stick-meta":"","header-below-stick-meta":null,"_joinchat":[],"footnotes":""},"class_list":["post-3682","page","type-page","status-publish","has-post-thumbnail","hentry"],"_links":{"self":[{"href":"https:\/\/packetcim.com\/en\/wp-json\/wp\/v2\/pages\/3682","targetHints":{"allow":["GET"]}}],"collection":[{"href":"https:\/\/packetcim.com\/en\/wp-json\/wp\/v2\/pages"}],"about":[{"href":"https:\/\/packetcim.com\/en\/wp-json\/wp\/v2\/types\/page"}],"author":[{"embeddable":true,"href":"https:\/\/packetcim.com\/en\/wp-json\/wp\/v2\/users\/13"}],"replies":[{"embeddable":true,"href":"https:\/\/packetcim.com\/en\/wp-json\/wp\/v2\/comments?post=3682"}],"version-history":[{"count":0,"href":"https:\/\/packetcim.com\/en\/wp-json\/wp\/v2\/pages\/3682\/revisions"}],"up":[{"embeddable":true,"href":"https:\/\/packetcim.com\/en\/wp-json\/wp\/v2\/pages\/3659"}],"wp:featuredmedia":[{"embeddable":true,"href":"https:\/\/packetcim.com\/en\/wp-json\/wp\/v2\/media\/5076"}],"wp:attachment":[{"href":"https:\/\/packetcim.com\/en\/wp-json\/wp\/v2\/media?parent=3682"}],"curies":[{"name":"wp","href":"https:\/\/api.w.org\/{rel}","templated":true}]}}