{"id":3681,"date":"2024-11-07T22:21:22","date_gmt":"2024-11-07T22:21:22","guid":{"rendered":"https:\/\/packetcim.com\/?page_id=3681"},"modified":"2025-03-27T08:19:28","modified_gmt":"2025-03-27T08:19:28","slug":"el-gecme-poset","status":"publish","type":"page","link":"https:\/\/packetcim.com\/en\/urunlerimiz\/plastik\/el-gecme-poset\/","title":{"rendered":"Die Cut Handle Bag"},"content":{"rendered":"<h2>\n\t\tDie Cut Handle Bag\n\t<\/h2>\n\t<div class=\"ast-breadcrumbs-wrapper\">\r\n\t\t\t<div class=\"ast-breadcrumbs-inner\"><nav role=\"navigation\" aria-label=\"Breadcrumbs\" class=\"breadcrumb-trail breadcrumbs\" ><div class=\"ast-breadcrumbs\"><ul class=\"trail-items\" ><li  class=\"trail-item trail-end\"><span><a href=\"https:\/\/packetcim.com\/en\/\" rel=\"home\"><span >Home<\/span><\/a><\/span><\/li><\/ul><\/div><\/nav><\/div>\r\n\t\t<\/div>\n\t\t\t\t<img loading=\"lazy\" decoding=\"async\" src=\"https:\/\/packetcim.com\/wp-content\/uploads\/2025\/03\/el-gecme.webp\" alt=\"el-gecme\" itemprop=\"image\" height=\"1000\" width=\"1000\" title=\"el-gecme\" onerror=\"this.style.display='none'\"  \/>\n<h2>\n\t\tDie Cut Handle Bag\n\t<\/h2>\n\tPo\u015fet g\u00f6vdesinde a\u00e7\u0131lan delikten elin ge\u00e7irildi\u011fi klasik po\u015fet tipidir. El tutma k\u0131sm\u0131 sayesinde hem el hem de bilek konforu sa\u011flayan el ge\u00e7meli po\u015fetler \u00fcr\u00fcnlerin g\u00fcvenli \u015fekilde ta\u015f\u0131nmas\u0131na olanak verir. Genelde dip k\u00f6r\u00fckl\u00fc olarak imal edilip kullan\u0131l\u0131r.<br \/>\nEl Ge\u00e7meli Po\u015fet \u00fcr\u00fcnleri \u00f6zellikle perakende sekt\u00f6r\u00fcnde faaliyet g\u00f6steren firmalar\u0131n en \u00f6nemli ambalaj ihtiya\u00e7lar\u0131 aras\u0131ndad\u0131r. G\u0131dadan kozmeti\u011fe, giyimden ecza sekt\u00f6r\u00fcne kadar her t\u00fcrl\u00fc al\u0131\u015fveri\u015flerde m\u00fc\u015fterilere talep etti\u011fi \u00fcr\u00fcnleri sunarken ihtiya\u00e7 duyulan bir \u00fcr\u00fcnd\u00fcr. Ayn\u0131 zamanda da yap\u0131lan al\u0131\u015fveri\u015flerin evlere servisinde de yine ayn\u0131 \u015fekilde \u00f6nemli bir yeri bulunmaktad\u0131r. A\u011f\u0131r \u00fcr\u00fcnlerin daha kolay ta\u015f\u0131nmas\u0131n\u0131 sa\u011flamaktad\u0131r.\nBask\u0131: 10 renge kadar flekso bask\u0131 yap\u0131lmaktad\u0131r.<br \/>\nHammadde: HDPE, LDPE, MDPE malzeme ve renk se\u00e7enekleri Firmam\u0131z b\u00fcnyesinde \u00fcretilebilen tek katl\u0131 ve coex olarak da yap\u0131labilmektedir Ebat: En; 20-80 cm aras\u0131nda \u00fcretim yap\u0131labilir.<br \/>\nLength; Requested length is possible<br \/>\nKal\u0131nl\u0131k: Minimum 30 mikron olmak \u00fczere \u00fcretim yap\u0131labilmektedir.<br \/>\nOval, b\u00f6brek veya D Kulp el ge\u00e7me se\u00e7enekleri mevcuttur.<br \/>\n\u00dcstten kapak katlamal\u0131 veya kapaks\u0131z \u00fcretim mevcuttur.<br \/>\nVirgin, Recycled  raw material or Recycled content material options are available<br \/>\nHammadde t\u00fcr\u00fc: HDPE \/ LDPE \/ MDPE malzeme ve renk se\u00e7enekleri\n\t<a href=\"https:\/\/packetcim.com\/en\/iletisim\/\" target=\"_self\" role=\"button\" aria-label=\"For more information, contact us\">\n\t\t\t\tDaha fazla bilgi i\u00e7in l\u00fctfen bizimle ileti\u015fime ge\u00e7in!\n\t\t\t\t\tAkl\u0131n\u0131za tak\u0131lan her \u015fey i\u00e7in l\u00fctfen bizimle ileti\u015fime ge\u00e7in, size destek olal\u0131m.\n\t\t\t<\/a>\n\t\t\t\t<img loading=\"lazy\" decoding=\"async\" src=\"https:\/\/packetcim.com\/wp-content\/uploads\/2025\/03\/packetcim-logo-02.png\" alt=\"packetcim-logo-02\" itemprop=\"image\" height=\"358\" width=\"1097\" title=\"packetcim-logo-02\" onerror=\"this.style.display='none'\"  \/>\n\t<p><strong>Packetcim<\/strong>\u00a0is a full-service, customer-focused packaging supply company. We are dedicated to providing superior products and service at an affordable price.<\/p>\n<h2>\n\t\tQuick Menu\n\t<\/h2>\n<h2>\n\t\tProduct Range\n\t<\/h2>\n<h2>\n\t\tContact\n\t<\/h2>\n\t<p>\u00a9 Copyright 2024 <strong>Packetcim Ambalaj<\/strong><\/p>\n\t<p>Web Design <strong><a href=\"http:\/\/www.artmedigital.com\">ArtMe Digital<\/a><a href=\"http:\/\/www.artmedigital.com\/\">\u00ae<\/a><\/strong><\/p>","protected":false},"excerpt":{"rendered":"<p>Po\u015fet g\u00f6vdesinde a\u00e7\u0131lan delikten elin &hellip;<\/p>\n<p class=\"read-more\"> <a class=\"\" href=\"https:\/\/packetcim.com\/en\/urunlerimiz\/plastik\/el-gecme-poset\/\"> <span class=\"screen-reader-text\">Die Cut Handle Bag<\/span> Read More \u00bb<\/a><\/p>","protected":false},"author":13,"featured_media":5049,"parent":3659,"menu_order":0,"comment_status":"closed","ping_status":"closed","template":"","meta":{"site-sidebar-layout":"no-sidebar","site-content-layout":"page-builder","ast-global-header-display":"","ast-main-header-display":"","ast-hfb-above-header-display":null,"ast-hfb-below-header-display":null,"ast-hfb-mobile-header-display":"","site-post-title":"disabled","ast-breadcrumbs-content":null,"ast-featured-img":"disabled","footer-sml-layout":"","theme-transparent-header-meta":"default","adv-header-id-meta":"","stick-header-meta":"default","header-above-stick-meta":null,"header-main-stick-meta":"","header-below-stick-meta":null,"_joinchat":[],"footnotes":""},"class_list":["post-3681","page","type-page","status-publish","has-post-thumbnail","hentry"],"_links":{"self":[{"href":"https:\/\/packetcim.com\/en\/wp-json\/wp\/v2\/pages\/3681","targetHints":{"allow":["GET"]}}],"collection":[{"href":"https:\/\/packetcim.com\/en\/wp-json\/wp\/v2\/pages"}],"about":[{"href":"https:\/\/packetcim.com\/en\/wp-json\/wp\/v2\/types\/page"}],"author":[{"embeddable":true,"href":"https:\/\/packetcim.com\/en\/wp-json\/wp\/v2\/users\/13"}],"replies":[{"embeddable":true,"href":"https:\/\/packetcim.com\/en\/wp-json\/wp\/v2\/comments?post=3681"}],"version-history":[{"count":0,"href":"https:\/\/packetcim.com\/en\/wp-json\/wp\/v2\/pages\/3681\/revisions"}],"up":[{"embeddable":true,"href":"https:\/\/packetcim.com\/en\/wp-json\/wp\/v2\/pages\/3659"}],"wp:featuredmedia":[{"embeddable":true,"href":"https:\/\/packetcim.com\/en\/wp-json\/wp\/v2\/media\/5049"}],"wp:attachment":[{"href":"https:\/\/packetcim.com\/en\/wp-json\/wp\/v2\/media?parent=3681"}],"curies":[{"name":"wp","href":"https:\/\/api.w.org\/{rel}","templated":true}]}}