{"id":3680,"date":"2024-11-07T22:20:12","date_gmt":"2024-11-07T22:20:12","guid":{"rendered":"https:\/\/packetcim.com\/?page_id=3680"},"modified":"2025-04-03T13:29:32","modified_gmt":"2025-04-03T13:29:32","slug":"yumusak-kulplu-poset","status":"publish","type":"page","link":"https:\/\/packetcim.com\/en\/urunlerimiz\/plastik\/yumusak-kulplu-poset\/","title":{"rendered":"Soft Loop Handle Bag"},"content":{"rendered":"<h2>\n\t\tSoft Loop Handle Bag\n\t<\/h2>\n\t<div class=\"ast-breadcrumbs-wrapper\">\r\n\t\t\t<div class=\"ast-breadcrumbs-inner\"><nav role=\"navigation\" aria-label=\"Breadcrumbs\" class=\"breadcrumb-trail breadcrumbs\" ><div class=\"ast-breadcrumbs\"><ul class=\"trail-items\" ><li  class=\"trail-item trail-end\"><span><a href=\"https:\/\/packetcim.com\/en\/\" rel=\"home\"><span >Home<\/span><\/a><\/span><\/li><\/ul><\/div><\/nav><\/div>\r\n\t\t<\/div>\n\t\t\t\t<img loading=\"lazy\" decoding=\"async\" src=\"https:\/\/packetcim.com\/wp-content\/uploads\/2025\/03\/yumusak-sapli-poset.webp\" alt=\"yumusak-sapli-poset\" itemprop=\"image\" height=\"1000\" width=\"1000\" title=\"yumusak-sapli-poset\" onerror=\"this.style.display='none'\"  \/>\n<h2>\n\t\tSoft Loop Handle Bag\n\t<\/h2>\n\t<p>This bag can be called as flexi loop handle bag.  Polyethlene contained Soft loop bags are commonly used in store retail sectors such as textile and shoe stores,groceries ,supermarkets, pattisseries etc.These bags are more flashy than shopping bags which the prestigious stores\u2019  reinforced bags used. Thickness preffered as upper than 40 micron even despite of we can produce as minimum 30 micron. Polyethylene carrier bags has become widespread preferred type of bags  today due to its opacity, flexibility, high breaking resistance and tensile strength, and resistance to impacts. <\/p>\nPrinting: : Flexo printing is possible to print up to 10 colors.<br \/>\nHammadde: HDPE, LDPE, MDPE malzeme ve renk se\u00e7enekleri Firmam\u0131z b\u00fcnyesinde \u00fcretilebilen tek katl\u0131 ve coex olarak da yap\u0131labilmektedir<br \/>\nEbat: En; 30-80 cm aras\u0131nda \u00fcretim yap\u0131labilir.<br \/>\nLength; Requested length is possible<br \/>\nThickness: Requested thickness  is possible as minimum 40 micron<br \/>\nOval veya \u00e7avu\u015f tipi kulp kayna\u011f\u0131 m\u00fcmk\u00fcnd\u00fcr<br \/>\n\u00dcstten kapak katlamal\u0131 veya kapaks\u0131z \u00fcretim mevcuttur.<br \/>\nKulp rengi se\u00e7eneklerimiz mevcuttur.<br \/>\nVirgin, Recycled  raw material or Recycled content material options are available<br \/>\nHammadde t\u00fcr\u00fc: HDPE \/ LDPE \/ MDPE malzeme ve renk se\u00e7enekleri\n\t<a href=\"https:\/\/packetcim.com\/en\/iletisim\/\" target=\"_self\" role=\"button\" aria-label=\"For more information, contact us\">\n\t\t\t\tDaha fazla bilgi i\u00e7in l\u00fctfen bizimle ileti\u015fime ge\u00e7in!\n\t\t\t\t\tAkl\u0131n\u0131za tak\u0131lan her \u015fey i\u00e7in l\u00fctfen bizimle ileti\u015fime ge\u00e7in, size destek olal\u0131m.\n\t\t\t<\/a>\n\t\t\t\t<img loading=\"lazy\" decoding=\"async\" src=\"https:\/\/packetcim.com\/wp-content\/uploads\/2025\/03\/packetcim-logo-02.png\" alt=\"packetcim-logo-02\" itemprop=\"image\" height=\"358\" width=\"1097\" title=\"packetcim-logo-02\" onerror=\"this.style.display='none'\"  \/>\n\t<p><strong>Packetcim<\/strong>\u00a0is a full-service, customer-focused packaging supply company. We are dedicated to providing superior products and service at an affordable price.<\/p>\n<h2>\n\t\tQuick Menu\n\t<\/h2>\n<h2>\n\t\tProduct Range\n\t<\/h2>\n<h2>\n\t\tContact\n\t<\/h2>\n\t<p>\u00a9 Copyright 2024 <strong>Packetcim Ambalaj<\/strong><\/p>\n\t<p>Web Design <strong><a href=\"http:\/\/www.artmedigital.com\">ArtMe Digital<\/a><a href=\"http:\/\/www.artmedigital.com\/\">\u00ae<\/a><\/strong><\/p>","protected":false},"excerpt":{"rendered":"<p>Polietilen i\u00e7erikli ma\u011faza perakende po\u015fetleri &hellip;<\/p>\n<p class=\"read-more\"> <a class=\"\" href=\"https:\/\/packetcim.com\/en\/urunlerimiz\/plastik\/yumusak-kulplu-poset\/\"> <span class=\"screen-reader-text\">Soft Loop Handle Bag<\/span> Read More \u00bb<\/a><\/p>","protected":false},"author":13,"featured_media":5097,"parent":3659,"menu_order":0,"comment_status":"closed","ping_status":"closed","template":"","meta":{"site-sidebar-layout":"no-sidebar","site-content-layout":"page-builder","ast-global-header-display":"","ast-main-header-display":"","ast-hfb-above-header-display":"","ast-hfb-below-header-display":"","ast-hfb-mobile-header-display":"","site-post-title":"disabled","ast-breadcrumbs-content":"","ast-featured-img":"disabled","footer-sml-layout":"","theme-transparent-header-meta":"default","adv-header-id-meta":"","stick-header-meta":"default","header-above-stick-meta":"","header-main-stick-meta":"","header-below-stick-meta":"","_joinchat":[],"footnotes":""},"class_list":["post-3680","page","type-page","status-publish","has-post-thumbnail","hentry"],"_links":{"self":[{"href":"https:\/\/packetcim.com\/en\/wp-json\/wp\/v2\/pages\/3680","targetHints":{"allow":["GET"]}}],"collection":[{"href":"https:\/\/packetcim.com\/en\/wp-json\/wp\/v2\/pages"}],"about":[{"href":"https:\/\/packetcim.com\/en\/wp-json\/wp\/v2\/types\/page"}],"author":[{"embeddable":true,"href":"https:\/\/packetcim.com\/en\/wp-json\/wp\/v2\/users\/13"}],"replies":[{"embeddable":true,"href":"https:\/\/packetcim.com\/en\/wp-json\/wp\/v2\/comments?post=3680"}],"version-history":[{"count":1,"href":"https:\/\/packetcim.com\/en\/wp-json\/wp\/v2\/pages\/3680\/revisions"}],"predecessor-version":[{"id":5330,"href":"https:\/\/packetcim.com\/en\/wp-json\/wp\/v2\/pages\/3680\/revisions\/5330"}],"up":[{"embeddable":true,"href":"https:\/\/packetcim.com\/en\/wp-json\/wp\/v2\/pages\/3659"}],"wp:featuredmedia":[{"embeddable":true,"href":"https:\/\/packetcim.com\/en\/wp-json\/wp\/v2\/media\/5097"}],"wp:attachment":[{"href":"https:\/\/packetcim.com\/en\/wp-json\/wp\/v2\/media?parent=3680"}],"curies":[{"name":"wp","href":"https:\/\/api.w.org\/{rel}","templated":true}]}}