{"id":3679,"date":"2024-11-07T22:20:57","date_gmt":"2024-11-07T22:20:57","guid":{"rendered":"https:\/\/packetcim.com\/?page_id=3679"},"modified":"2025-03-27T08:19:48","modified_gmt":"2025-03-27T08:19:48","slug":"takviyel-el-gecme-poset","status":"publish","type":"page","link":"https:\/\/packetcim.com\/en\/urunlerimiz\/plastik\/takviyel-el-gecme-poset\/","title":{"rendered":"Glued Patch Handle Bag"},"content":{"rendered":"<h2>\n\t\tGlued Patch Handle Bag\n\t<\/h2>\n\t<div class=\"ast-breadcrumbs-wrapper\">\r\n\t\t\t<div class=\"ast-breadcrumbs-inner\"><nav role=\"navigation\" aria-label=\"Breadcrumbs\" class=\"breadcrumb-trail breadcrumbs\" ><div class=\"ast-breadcrumbs\"><ul class=\"trail-items\" ><li  class=\"trail-item trail-end\"><span><a href=\"https:\/\/packetcim.com\/en\/\" rel=\"home\"><span >Home<\/span><\/a><\/span><\/li><\/ul><\/div><\/nav><\/div>\r\n\t\t<\/div>\n\t\t\t\t<img loading=\"lazy\" decoding=\"async\" src=\"https:\/\/packetcim.com\/wp-content\/uploads\/2025\/03\/takviyeli-el-gecme.webp\" alt=\"takviyeli-el-gecme\" itemprop=\"image\" height=\"1000\" width=\"1000\" title=\"takviyeli-el-gecme\" onerror=\"this.style.display='none'\"  \/>\n<h2>\n\t\tGlued Patch Handle Bag\n\t<\/h2>\n\tGlued patch handle bag is version of strengthened of die cut handle bag. Which is a bag made with a reinforcing piece of polythene, glued on to the inside of the carrier bag in the handle area prior to the handle aperture being punched out, giving the handle much more strength. Polyethylene Die cut handle bags are used in retail stores can easily wear and tear.By adding reinforced polyethelene patch , you can have stronger bag.<br \/>\nPrinting: : Flexo printing is possible to print up to 10 colors.<br \/>\nHammadde: HDPE, LDPE, MDPE malzeme ve renk se\u00e7enekleri Firmam\u0131z b\u00fcnyesinde \u00fcretilebilen tek katl\u0131 ve coex olarak da yap\u0131labilmektedir Ebat: En; 20-80 cm aras\u0131nda \u00fcretim yap\u0131labilir.<br \/>\nLength; Requested length is possible<br \/>\nKal\u0131nl\u0131k: Minimum 30 mikron olmak \u00fczere \u00fcretim yap\u0131labilmektedir.<br \/>\nOval, b\u00f6brek veya D Kulp el ge\u00e7me se\u00e7enekleri mevcuttur<br \/>\nVirgin, Recycled  raw material or Recycled content material options are available<br \/>\nRaw material type: HDPE \/ LDPE \/ MDPE material and color options\n\t<a href=\"https:\/\/packetcim.com\/en\/iletisim\/\" target=\"_self\" role=\"button\" aria-label=\"For more information, contact us\">\n\t\t\t\tDaha fazla bilgi i\u00e7in l\u00fctfen bizimle ileti\u015fime ge\u00e7in!\n\t\t\t\t\tAkl\u0131n\u0131za tak\u0131lan her \u015fey i\u00e7in l\u00fctfen bizimle ileti\u015fime ge\u00e7in, size destek olal\u0131m.\n\t\t\t<\/a>\n\t\t\t\t<img loading=\"lazy\" decoding=\"async\" src=\"https:\/\/packetcim.com\/wp-content\/uploads\/2025\/03\/packetcim-logo-02.png\" alt=\"packetcim-logo-02\" itemprop=\"image\" height=\"358\" width=\"1097\" title=\"packetcim-logo-02\" onerror=\"this.style.display='none'\"  \/>\n\t<p><strong>Packetcim<\/strong>\u00a0is a full-service, customer-focused packaging supply company. We are dedicated to providing superior products and service at an affordable price.<\/p>\n<h2>\n\t\tQuick Menu\n\t<\/h2>\n<h2>\n\t\tProduct Range\n\t<\/h2>\n<h2>\n\t\tContact\n\t<\/h2>\n\t<p>\u00a9 Copyright 2024 <strong>Packetcim Ambalaj<\/strong><\/p>\n\t<p>Web Design <strong><a href=\"http:\/\/www.artmedigital.com\">ArtMe Digital<\/a><a href=\"http:\/\/www.artmedigital.com\/\">\u00ae<\/a><\/strong><\/p>","protected":false},"excerpt":{"rendered":"<p>Takviyeli El Ge\u00e7me po\u015fet el &hellip;<\/p>\n<p class=\"read-more\"> <a class=\"\" href=\"https:\/\/packetcim.com\/en\/urunlerimiz\/plastik\/takviyel-el-gecme-poset\/\"> <span class=\"screen-reader-text\">Glued Patch Handle Bag<\/span> Read More \u00bb<\/a><\/p>","protected":false},"author":13,"featured_media":5093,"parent":3659,"menu_order":0,"comment_status":"closed","ping_status":"closed","template":"","meta":{"site-sidebar-layout":"no-sidebar","site-content-layout":"page-builder","ast-global-header-display":"","ast-main-header-display":"","ast-hfb-above-header-display":null,"ast-hfb-below-header-display":null,"ast-hfb-mobile-header-display":"","site-post-title":"disabled","ast-breadcrumbs-content":null,"ast-featured-img":"disabled","footer-sml-layout":"","theme-transparent-header-meta":"default","adv-header-id-meta":"","stick-header-meta":"default","header-above-stick-meta":null,"header-main-stick-meta":"","header-below-stick-meta":null,"_joinchat":[],"footnotes":""},"class_list":["post-3679","page","type-page","status-publish","has-post-thumbnail","hentry"],"_links":{"self":[{"href":"https:\/\/packetcim.com\/en\/wp-json\/wp\/v2\/pages\/3679","targetHints":{"allow":["GET"]}}],"collection":[{"href":"https:\/\/packetcim.com\/en\/wp-json\/wp\/v2\/pages"}],"about":[{"href":"https:\/\/packetcim.com\/en\/wp-json\/wp\/v2\/types\/page"}],"author":[{"embeddable":true,"href":"https:\/\/packetcim.com\/en\/wp-json\/wp\/v2\/users\/13"}],"replies":[{"embeddable":true,"href":"https:\/\/packetcim.com\/en\/wp-json\/wp\/v2\/comments?post=3679"}],"version-history":[{"count":0,"href":"https:\/\/packetcim.com\/en\/wp-json\/wp\/v2\/pages\/3679\/revisions"}],"up":[{"embeddable":true,"href":"https:\/\/packetcim.com\/en\/wp-json\/wp\/v2\/pages\/3659"}],"wp:featuredmedia":[{"embeddable":true,"href":"https:\/\/packetcim.com\/en\/wp-json\/wp\/v2\/media\/5093"}],"wp:attachment":[{"href":"https:\/\/packetcim.com\/en\/wp-json\/wp\/v2\/media?parent=3679"}],"curies":[{"name":"wp","href":"https:\/\/api.w.org\/{rel}","templated":true}]}}