{"id":3678,"date":"2024-11-07T22:21:36","date_gmt":"2024-11-07T22:21:36","guid":{"rendered":"https:\/\/packetcim.com\/?page_id=3678"},"modified":"2025-03-27T08:19:11","modified_gmt":"2025-03-27T08:19:11","slug":"rulo-atlet-poset","status":"publish","type":"page","link":"https:\/\/packetcim.com\/en\/urunlerimiz\/plastik\/rulo-atlet-poset\/","title":{"rendered":"T-Shirt Bags On Roll"},"content":{"rendered":"<h2>\n\t\tT-Shirt Bags On Roll\n\t<\/h2>\n\t<div class=\"ast-breadcrumbs-wrapper\">\r\n\t\t\t<div class=\"ast-breadcrumbs-inner\"><nav role=\"navigation\" aria-label=\"Breadcrumbs\" class=\"breadcrumb-trail breadcrumbs\" ><div class=\"ast-breadcrumbs\"><ul class=\"trail-items\" ><li  class=\"trail-item trail-end\"><span><a href=\"https:\/\/packetcim.com\/en\/\" rel=\"home\"><span >Home<\/span><\/a><\/span><\/li><\/ul><\/div><\/nav><\/div>\r\n\t\t<\/div>\n\t\t\t\t<img loading=\"lazy\" decoding=\"async\" src=\"https:\/\/packetcim.com\/wp-content\/uploads\/2025\/03\/rulo-atlet-poset.webp\" alt=\"rulo-atlet-poset\" itemprop=\"image\" height=\"1000\" width=\"1000\" title=\"rulo-atlet-poset\" onerror=\"this.style.display='none'\"  \/>\n<h2>\n\t\tT-Shirt Bags On Roll\n\t<\/h2>\n\t<p>Tshirt bags on roll are transparent, food-grade  bags produced  high-density polyethylene raw material for use in markets, delicatessens, bakeries and patisseries. It has a light, reasonable and durable structure. It is used for the carrying and preserving  of food products. It can be produced in much thinner thicknesses compared to T-shirt bags. It is  resistant to punctures and tears. It provides hygiene against external physical conditions. It is practical to use thanks to its roll form. It is durable and leak-proof thanks to its strong weld. It has printed, unprinted and transparent options.<\/p>\nBask\u0131: 6 renge kadar flekso bask\u0131 yap\u0131lmaktad\u0131r.<br \/>\nHammadde: HDPE, LDPE, MDPE malzeme ve renk se\u00e7enekleri Firmam\u0131z b\u00fcnyesinde \u00fcretilebilen tek katl\u0131 ve coex olarak da yap\u0131labilmektedir Ebat: En; 20-40 cm aras\u0131nda \u00fcretim yap\u0131labilir.<br \/>\nLength; Requested length is possible<br \/>\nKal\u0131nl\u0131k: Minimum 6 mikron olmak \u00fczere \u00fcretim yap\u0131labilmektedir.<br \/>\nVirgin, Recycled  raw material or Recycled content material options are available<br \/>\nHammadde t\u00fcr\u00fc: HDPE \/ LDPE \/ MDPE malzeme ve renk se\u00e7enekleri\n\t<a href=\"https:\/\/packetcim.com\/en\/iletisim\/\" target=\"_self\" role=\"button\" aria-label=\"For more information, contact us\">\n\t\t\t\tDaha fazla bilgi i\u00e7in l\u00fctfen bizimle ileti\u015fime ge\u00e7in!\n\t\t\t\t\tAkl\u0131n\u0131za tak\u0131lan her \u015fey i\u00e7in l\u00fctfen bizimle ileti\u015fime ge\u00e7in, size destek olal\u0131m.\n\t\t\t<\/a>\n\t\t\t\t<img loading=\"lazy\" decoding=\"async\" src=\"https:\/\/packetcim.com\/wp-content\/uploads\/2025\/03\/packetcim-logo-02.png\" alt=\"packetcim-logo-02\" itemprop=\"image\" height=\"358\" width=\"1097\" title=\"packetcim-logo-02\" onerror=\"this.style.display='none'\"  \/>\n\t<p><strong>Packetcim<\/strong>\u00a0is a full-service, customer-focused packaging supply company. We are dedicated to providing superior products and service at an affordable price.<\/p>\n<h2>\n\t\tQuick Menu\n\t<\/h2>\n<h2>\n\t\tProduct Range\n\t<\/h2>\n<h2>\n\t\tContact\n\t<\/h2>\n\t<p>\u00a9 Copyright 2024 <strong>Packetcim Ambalaj<\/strong><\/p>\n\t<p>Web Design <strong><a href=\"http:\/\/www.artmedigital.com\">ArtMe Digital<\/a><a href=\"http:\/\/www.artmedigital.com\/\">\u00ae<\/a><\/strong><\/p>","protected":false},"excerpt":{"rendered":"<p>Market, \u015fark\u00fcteri, f\u0131r\u0131n ve pastanelerin &hellip;<\/p>\n<p class=\"read-more\"> <a class=\"\" href=\"https:\/\/packetcim.com\/en\/urunlerimiz\/plastik\/rulo-atlet-poset\/\"> <span class=\"screen-reader-text\">T-Shirt Bags On Roll<\/span> Read More \u00bb<\/a><\/p>","protected":false},"author":13,"featured_media":5075,"parent":3659,"menu_order":0,"comment_status":"closed","ping_status":"closed","template":"","meta":{"site-sidebar-layout":"no-sidebar","site-content-layout":"page-builder","ast-global-header-display":"","ast-main-header-display":"","ast-hfb-above-header-display":"","ast-hfb-below-header-display":"","ast-hfb-mobile-header-display":"","site-post-title":"disabled","ast-breadcrumbs-content":"","ast-featured-img":"disabled","footer-sml-layout":"","theme-transparent-header-meta":"default","adv-header-id-meta":"","stick-header-meta":"default","header-above-stick-meta":"","header-main-stick-meta":"","header-below-stick-meta":"","_joinchat":[],"footnotes":""},"class_list":["post-3678","page","type-page","status-publish","has-post-thumbnail","hentry"],"_links":{"self":[{"href":"https:\/\/packetcim.com\/en\/wp-json\/wp\/v2\/pages\/3678","targetHints":{"allow":["GET"]}}],"collection":[{"href":"https:\/\/packetcim.com\/en\/wp-json\/wp\/v2\/pages"}],"about":[{"href":"https:\/\/packetcim.com\/en\/wp-json\/wp\/v2\/types\/page"}],"author":[{"embeddable":true,"href":"https:\/\/packetcim.com\/en\/wp-json\/wp\/v2\/users\/13"}],"replies":[{"embeddable":true,"href":"https:\/\/packetcim.com\/en\/wp-json\/wp\/v2\/comments?post=3678"}],"version-history":[{"count":0,"href":"https:\/\/packetcim.com\/en\/wp-json\/wp\/v2\/pages\/3678\/revisions"}],"up":[{"embeddable":true,"href":"https:\/\/packetcim.com\/en\/wp-json\/wp\/v2\/pages\/3659"}],"wp:featuredmedia":[{"embeddable":true,"href":"https:\/\/packetcim.com\/en\/wp-json\/wp\/v2\/media\/5075"}],"wp:attachment":[{"href":"https:\/\/packetcim.com\/en\/wp-json\/wp\/v2\/media?parent=3678"}],"curies":[{"name":"wp","href":"https:\/\/api.w.org\/{rel}","templated":true}]}}