{"id":3677,"date":"2024-11-07T22:19:46","date_gmt":"2024-11-07T22:19:46","guid":{"rendered":"https:\/\/packetcim.com\/?page_id=3677"},"modified":"2025-03-27T08:15:45","modified_gmt":"2025-03-27T08:15:45","slug":"atlet-poset","status":"publish","type":"page","link":"https:\/\/packetcim.com\/en\/urunlerimiz\/plastik\/atlet-poset\/","title":{"rendered":"T-Shirt Bag"},"content":{"rendered":"<h2>\n\t\tT-Shirt Bag\n\t<\/h2>\n\t<div class=\"ast-breadcrumbs-wrapper\">\r\n\t\t\t<div class=\"ast-breadcrumbs-inner\"><nav role=\"navigation\" aria-label=\"Breadcrumbs\" class=\"breadcrumb-trail breadcrumbs\" ><div class=\"ast-breadcrumbs\"><ul class=\"trail-items\" ><li  class=\"trail-item trail-end\"><span><a href=\"https:\/\/packetcim.com\/en\/\" rel=\"home\"><span >Home<\/span><\/a><\/span><\/li><\/ul><\/div><\/nav><\/div>\r\n\t\t<\/div>\n\t\t\t\t<img loading=\"lazy\" decoding=\"async\" src=\"https:\/\/packetcim.com\/wp-content\/uploads\/2025\/03\/atlet-poset.webp\" alt=\"atlet-poset\" itemprop=\"image\" height=\"1000\" width=\"1000\" title=\"atlet-poset\" onerror=\"this.style.display='none'\"  \/>\n<h2>\n\t\tT-Shirt Bag\n\t<\/h2>\n\tAtlet po\u015fet farkl\u0131 sekt\u00f6rlerde kullan\u0131labilen, k\u00f6r\u00fckl\u00fc yap\u0131s\u0131yla geni\u015f i\u00e7 hacime ula\u015fan, \u00e7e\u015fitli hammadde se\u00e7enekleriyle ince ve dayan\u0131kl\u0131 \u015fekilde \u00fcretilebilen, kullan\u0131m alan\u0131 \u00e7ok geni\u015f bir \u00fcr\u00fcnd\u00fcr. Firman\u0131za \u00f6zel tasar\u0131mla yap\u0131labilen atlet po\u015fetler reklam konusunda da etkin bir ara\u00e7t\u0131r.Atlet Po\u015fetler genellikle market, f\u0131r\u0131n, pastane, restoran gibi t\u00fcm g\u0131da i\u015f yerleri taraf\u0131ndan tercih edilmekle birlikte, t\u00fcm sekt\u00f6rlerin kullan\u0131m\u0131na uygun \u00fcr\u00fcnlerdir. Atlet Po\u015fetler ince, hafif ancak esnek ve ta\u015f\u0131ma kapasitesi y\u00fcksek \u00fcr\u00fcnlerdir. Birden fazla kez kullan\u0131ma uygundurlar.<br \/>\nY\u00fcksek Yo\u011funluklu Polietilen, Al\u00e7ak Yo\u011funluklu Polietilen ve Geri D\u00f6n\u00fc\u015ft\u00fcr\u00fclm\u00fc\u015f Polietilen malzemesinden \u00fcretilebilirler. Biyobozunur ve Kompostlanabilir \u015fekilde \u00fcretimleri m\u00fcmk\u00fcnd\u00fcr.\nBask\u0131: Tek taraf bask\u0131l\u0131 olarak maksimum 6 renge kadar \u00e7ift taraf maksimum 4 renge kadar flekso bask\u0131 tekni\u011fi ile \u00fcretebiliriz.<br \/>\nEbat: \u0130stenilen \u00f6zel ebatlarda veya sekt\u00f6rel standartlarda \u00fcretilebilir.<br \/>\nKal\u0131nl\u0131k: Bask\u0131s\u0131z olarak minimum 10 mikron, bask\u0131l\u0131 olarak minimum 14 mikrona kadar \u00fcretilir.<br \/>\nAsma kulakl\u0131 ve asma kulaks\u0131z<br \/>\nBloklu ve Bloksuz<br \/>\nVirgin, Recycled  raw material or Recycled content material options are available<br \/>\nHammadde t\u00fcr\u00fc : HDPE \/ LDPE \/ MDPE malzeme ve renk se\u00e7enekleri\n\t<a href=\"https:\/\/packetcim.com\/en\/iletisim\/\" target=\"_self\" role=\"button\" aria-label=\"For more information, contact us\">\n\t\t\t\tDaha fazla bilgi i\u00e7in l\u00fctfen bizimle ileti\u015fime ge\u00e7in!\n\t\t\t\t\tAkl\u0131n\u0131za tak\u0131lan her \u015fey i\u00e7in l\u00fctfen bizimle ileti\u015fime ge\u00e7in, size destek olal\u0131m.\n\t\t\t<\/a>\n\t\t\t\t<img loading=\"lazy\" decoding=\"async\" src=\"https:\/\/packetcim.com\/wp-content\/uploads\/2025\/03\/packetcim-logo-02.png\" alt=\"packetcim-logo-02\" itemprop=\"image\" height=\"358\" width=\"1097\" title=\"packetcim-logo-02\" onerror=\"this.style.display='none'\"  \/>\n\t<p><strong>Packetcim<\/strong>\u00a0is a full-service, customer-focused packaging supply company. We are dedicated to providing superior products and service at an affordable price.<\/p>\n<h2>\n\t\tQuick Menu\n\t<\/h2>\n<h2>\n\t\tProduct Range\n\t<\/h2>\n<h2>\n\t\tContact\n\t<\/h2>\n\t<p>\u00a9 Copyright 2024 <strong>Packetcim Ambalaj<\/strong><\/p>\n\t<p>Web Design <strong><a href=\"http:\/\/www.artmedigital.com\">ArtMe Digital<\/a><a href=\"http:\/\/www.artmedigital.com\/\">\u00ae<\/a><\/strong><\/p>","protected":false},"excerpt":{"rendered":"<p>Atlet po\u015fet farkl\u0131 sekt\u00f6rlerde kullan\u0131labilen, &hellip;<\/p>\n<p class=\"read-more\"> <a class=\"\" href=\"https:\/\/packetcim.com\/en\/urunlerimiz\/plastik\/atlet-poset\/\"> <span class=\"screen-reader-text\">T-Shirt Bag<\/span> Read More \u00bb<\/a><\/p>","protected":false},"author":13,"featured_media":5036,"parent":3659,"menu_order":0,"comment_status":"closed","ping_status":"closed","template":"","meta":{"site-sidebar-layout":"no-sidebar","site-content-layout":"page-builder","ast-global-header-display":"","ast-main-header-display":"","ast-hfb-above-header-display":"","ast-hfb-below-header-display":"","ast-hfb-mobile-header-display":"","site-post-title":"disabled","ast-breadcrumbs-content":"","ast-featured-img":"disabled","footer-sml-layout":"","theme-transparent-header-meta":"default","adv-header-id-meta":"","stick-header-meta":"default","header-above-stick-meta":"","header-main-stick-meta":"","header-below-stick-meta":"","_joinchat":[],"footnotes":""},"class_list":["post-3677","page","type-page","status-publish","has-post-thumbnail","hentry"],"_links":{"self":[{"href":"https:\/\/packetcim.com\/en\/wp-json\/wp\/v2\/pages\/3677","targetHints":{"allow":["GET"]}}],"collection":[{"href":"https:\/\/packetcim.com\/en\/wp-json\/wp\/v2\/pages"}],"about":[{"href":"https:\/\/packetcim.com\/en\/wp-json\/wp\/v2\/types\/page"}],"author":[{"embeddable":true,"href":"https:\/\/packetcim.com\/en\/wp-json\/wp\/v2\/users\/13"}],"replies":[{"embeddable":true,"href":"https:\/\/packetcim.com\/en\/wp-json\/wp\/v2\/comments?post=3677"}],"version-history":[{"count":0,"href":"https:\/\/packetcim.com\/en\/wp-json\/wp\/v2\/pages\/3677\/revisions"}],"up":[{"embeddable":true,"href":"https:\/\/packetcim.com\/en\/wp-json\/wp\/v2\/pages\/3659"}],"wp:featuredmedia":[{"embeddable":true,"href":"https:\/\/packetcim.com\/en\/wp-json\/wp\/v2\/media\/5036"}],"wp:attachment":[{"href":"https:\/\/packetcim.com\/en\/wp-json\/wp\/v2\/media?parent=3677"}],"curies":[{"name":"wp","href":"https:\/\/api.w.org\/{rel}","templated":true}]}}