{"id":3669,"date":"2024-11-07T22:18:40","date_gmt":"2024-11-07T22:18:40","guid":{"rendered":"https:\/\/packetcim.com\/?page_id=3669"},"modified":"2025-03-27T08:13:18","modified_gmt":"2025-03-27T08:13:18","slug":"tarimsal-ambalaj","status":"publish","type":"page","link":"https:\/\/packetcim.com\/en\/urunlerimiz\/tarimsal-ambalaj\/","title":{"rendered":"Agricultural Packaging"},"content":{"rendered":"<h2>\n\t\tAgricultural Packaging\n\t<\/h2>\n\t<div class=\"ast-breadcrumbs-wrapper\">\r\n\t\t\t<div class=\"ast-breadcrumbs-inner\"><nav role=\"navigation\" aria-label=\"Breadcrumbs\" class=\"breadcrumb-trail breadcrumbs\" ><div class=\"ast-breadcrumbs\"><ul class=\"trail-items\" ><li  class=\"trail-item trail-end\"><span><a href=\"https:\/\/packetcim.com\/en\/\" rel=\"home\"><span >Home<\/span><\/a><\/span><\/li><\/ul><\/div><\/nav><\/div>\r\n\t\t<\/div>\n\t<meta itemscope itemprop=\"mainEntityOfPage\" itemtype=\"https:\/\/schema.org\/WebPage\" itemid=\"https:\/\/packetcim.com\/urunlerimiz\/tarimsal-ambalaj\/sera-ortusu\/\" content=\"Sera \u00d6rt\u00fcs\u00fc\" \/><meta itemprop=\"datePublished\" content=\"2025-03-05\" \/><meta itemprop=\"dateModified\" content=\"2025-03-27\" \/><meta itemprop=\"name\" content=\"Packetcim Ambalaj\u00ae\"\/><meta itemprop=\"url\" content=\"https:\/\/packetcim.com\/wp-content\/uploads\/2025\/03\/packetcim-logo-03.png\"\/><meta itemprop=\"url\" content=\"https:\/\/packetcim.com\/author\/bora\/\" \/><meta itemprop=\"name\" content=\"Bora Y\u0131ld\u0131r\u0131m\" \/><meta itemprop=\"url\" content=\"https:\/\/packetcim.com\/wp-content\/uploads\/2025\/03\/sera-ortusu.webp\" \/><meta itemprop=\"width\" content=\"1000\" \/><meta itemprop=\"height\" content=\"1000\" \/><meta itemprop=\"interactionType\" content=\"https:\/\/schema.org\/CommentAction\" \/><meta itemprop=\"userInteractionCount\" content=\"0\" \/>\n\t\t\t\t<a href=\"https:\/\/packetcim.com\/en\/urunlerimiz\/tarimsal-ambalaj\/sera-ortusu\/\" target=\"_self\" itemprop=\"url\">\n\t\t\t\t<img loading=\"lazy\" decoding=\"async\" src=\"https:\/\/packetcim.com\/wp-content\/uploads\/2025\/03\/sera-ortusu.webp\" alt=\"sera-ortusu\" itemprop=\"image\" data-no-lazy=\"1\" height=\"1000\" width=\"1000\" title=\"sera-ortusu\" onerror=\"this.style.display='none'\"  \/>\n\t\t\t\t<\/a>\n\t\t\t\t\t\t\t\t\t<h3 itemprop=\"headline\">\n\t\t\t\t\t\t\t\t\t\t\t\t\t<a href=\"https:\/\/packetcim.com\/en\/urunlerimiz\/tarimsal-ambalaj\/sera-ortusu\/\" title=\"Greenhouse Film\">\n\t\t\t\t\t\t\t\t\t\t\t\t\t\tGreenhouse Film\t\t\t\t\t\t\t\t\t\t\t\t\t<\/a>\n\t\t\t\t\t\t\t\t\t\t\t<\/h3>\n    <a href=\"https:\/\/packetcim.com\/en\/urunlerimiz\/tarimsal-ambalaj\/sera-ortusu\/\" title=\"Greenhouse Film\">More Than \u2192<\/a>\n\t<meta itemscope itemprop=\"mainEntityOfPage\" itemtype=\"https:\/\/schema.org\/WebPage\" itemid=\"https:\/\/packetcim.com\/urunlerimiz\/tarimsal-ambalaj\/silaj-ortusu\/\" content=\"Silaj \u00d6rt\u00fcs\u00fc\" \/><meta itemprop=\"datePublished\" content=\"2025-03-05\" \/><meta itemprop=\"dateModified\" content=\"2025-03-27\" \/><meta itemprop=\"name\" content=\"Packetcim Ambalaj\u00ae\"\/><meta itemprop=\"url\" content=\"https:\/\/packetcim.com\/wp-content\/uploads\/2025\/03\/packetcim-logo-03.png\"\/><meta itemprop=\"url\" content=\"https:\/\/packetcim.com\/author\/bora\/\" \/><meta itemprop=\"name\" content=\"Bora Y\u0131ld\u0131r\u0131m\" \/><meta itemprop=\"url\" content=\"https:\/\/packetcim.com\/wp-content\/uploads\/2025\/03\/silaj-ortusu.webp\" \/><meta itemprop=\"width\" content=\"1000\" \/><meta itemprop=\"height\" content=\"1000\" \/><meta itemprop=\"interactionType\" content=\"https:\/\/schema.org\/CommentAction\" \/><meta itemprop=\"userInteractionCount\" content=\"0\" \/>\n\t\t\t\t<a href=\"https:\/\/packetcim.com\/en\/urunlerimiz\/tarimsal-ambalaj\/silaj-ortusu\/\" target=\"_self\" itemprop=\"url\">\n\t\t\t\t<img loading=\"lazy\" decoding=\"async\" src=\"https:\/\/packetcim.com\/wp-content\/uploads\/2025\/03\/silaj-ortusu.webp\" alt=\"silaj-ortusu\" itemprop=\"image\" data-no-lazy=\"1\" height=\"1000\" width=\"1000\" title=\"silaj-ortusu\" onerror=\"this.style.display='none'\"  \/>\n\t\t\t\t<\/a>\n\t\t\t\t\t\t\t\t\t<h3 itemprop=\"headline\">\n\t\t\t\t\t\t\t\t\t\t\t\t\t<a href=\"https:\/\/packetcim.com\/en\/urunlerimiz\/tarimsal-ambalaj\/silaj-ortusu\/\" title=\"Silage Cover\">\n\t\t\t\t\t\t\t\t\t\t\t\t\t\tSilage Cover\t\t\t\t\t\t\t\t\t\t\t\t\t<\/a>\n\t\t\t\t\t\t\t\t\t\t\t<\/h3>\n    <a href=\"https:\/\/packetcim.com\/en\/urunlerimiz\/tarimsal-ambalaj\/silaj-ortusu\/\" title=\"Silage Cover\">More Than \u2192<\/a>\n\t<meta itemscope itemprop=\"mainEntityOfPage\" itemtype=\"https:\/\/schema.org\/WebPage\" itemid=\"https:\/\/packetcim.com\/urunlerimiz\/tarimsal-ambalaj\/malc-film\/\" content=\"Mal\u00e7 Film\" \/><meta itemprop=\"datePublished\" content=\"2025-03-05\" \/><meta itemprop=\"dateModified\" content=\"2025-03-27\" \/><meta itemprop=\"name\" content=\"Packetcim Ambalaj\u00ae\"\/><meta itemprop=\"url\" content=\"https:\/\/packetcim.com\/wp-content\/uploads\/2025\/03\/packetcim-logo-03.png\"\/><meta itemprop=\"url\" content=\"https:\/\/packetcim.com\/author\/bora\/\" \/><meta itemprop=\"name\" content=\"Bora Y\u0131ld\u0131r\u0131m\" \/><meta itemprop=\"url\" content=\"https:\/\/packetcim.com\/wp-content\/uploads\/2025\/03\/malc-film.webp\" \/><meta itemprop=\"width\" content=\"720\" \/><meta itemprop=\"height\" content=\"720\" \/><meta itemprop=\"interactionType\" content=\"https:\/\/schema.org\/CommentAction\" \/><meta itemprop=\"userInteractionCount\" content=\"0\" \/>\n\t\t\t\t<a href=\"https:\/\/packetcim.com\/en\/urunlerimiz\/tarimsal-ambalaj\/malc-film\/\" target=\"_self\" itemprop=\"url\">\n\t\t\t\t<img loading=\"lazy\" decoding=\"async\" src=\"https:\/\/packetcim.com\/wp-content\/uploads\/2025\/03\/malc-film.webp\" alt=\"malc-film\" itemprop=\"image\" data-no-lazy=\"1\" height=\"720\" width=\"720\" title=\"malc-film\" onerror=\"this.style.display='none'\"  \/>\n\t\t\t\t<\/a>\n\t\t\t\t\t\t\t\t\t<h3 itemprop=\"headline\">\n\t\t\t\t\t\t\t\t\t\t\t\t\t<a href=\"https:\/\/packetcim.com\/en\/urunlerimiz\/tarimsal-ambalaj\/malc-film\/\" title=\"Mulch Film\">\n\t\t\t\t\t\t\t\t\t\t\t\t\t\tMulch Film\t\t\t\t\t\t\t\t\t\t\t\t\t<\/a>\n\t\t\t\t\t\t\t\t\t\t\t<\/h3>\n    <a href=\"https:\/\/packetcim.com\/en\/urunlerimiz\/tarimsal-ambalaj\/malc-film\/\" title=\"Mulch Film\">More Than \u2192<\/a>\n\t<meta itemscope itemprop=\"mainEntityOfPage\" itemtype=\"https:\/\/schema.org\/WebPage\" itemid=\"https:\/\/packetcim.com\/urunlerimiz\/tarimsal-ambalaj\/ffs-film-torba\/\" content=\"FFS Film-Torba\" \/><meta itemprop=\"datePublished\" content=\"2025-03-05\" \/><meta itemprop=\"dateModified\" content=\"2025-03-27\" \/><meta itemprop=\"name\" content=\"Packetcim Ambalaj\u00ae\"\/><meta itemprop=\"url\" content=\"https:\/\/packetcim.com\/wp-content\/uploads\/2025\/03\/packetcim-logo-03.png\"\/><meta itemprop=\"url\" content=\"https:\/\/packetcim.com\/author\/bora\/\" \/><meta itemprop=\"name\" content=\"Bora Y\u0131ld\u0131r\u0131m\" \/><meta itemprop=\"url\" content=\"https:\/\/packetcim.com\/wp-content\/uploads\/2025\/03\/ffs-torba.webp\" \/><meta itemprop=\"width\" content=\"1000\" \/><meta itemprop=\"height\" content=\"1000\" \/><meta itemprop=\"interactionType\" content=\"https:\/\/schema.org\/CommentAction\" \/><meta itemprop=\"userInteractionCount\" content=\"0\" \/>\n\t\t\t\t<a href=\"https:\/\/packetcim.com\/en\/urunlerimiz\/tarimsal-ambalaj\/ffs-film-torba\/\" target=\"_self\" itemprop=\"url\">\n\t\t\t\t<img loading=\"lazy\" decoding=\"async\" src=\"https:\/\/packetcim.com\/wp-content\/uploads\/2025\/03\/ffs-torba.webp\" alt=\"ffs-torba\" itemprop=\"image\" data-no-lazy=\"1\" height=\"1000\" width=\"1000\" title=\"ffs-torba\" onerror=\"this.style.display='none'\"  \/>\n\t\t\t\t<\/a>\n\t\t\t\t\t\t\t\t\t<h3 itemprop=\"headline\">\n\t\t\t\t\t\t\t\t\t\t\t\t\t<a href=\"https:\/\/packetcim.com\/en\/urunlerimiz\/tarimsal-ambalaj\/ffs-film-torba\/\" title=\"FFS Film-Bag\">\n\t\t\t\t\t\t\t\t\t\t\t\t\t\tFFS Film-Bag\t\t\t\t\t\t\t\t\t\t\t\t\t<\/a>\n\t\t\t\t\t\t\t\t\t\t\t<\/h3>\n    <a href=\"https:\/\/packetcim.com\/en\/urunlerimiz\/tarimsal-ambalaj\/ffs-film-torba\/\" title=\"FFS Film-Bag\">More Than \u2192<\/a>\n\t<meta itemscope itemprop=\"mainEntityOfPage\" itemtype=\"https:\/\/schema.org\/WebPage\" itemid=\"https:\/\/packetcim.com\/urunlerimiz\/tarimsal-ambalaj\/silaj-strec-film\/\" content=\"Silaj Stre\u00e7 Film\" \/><meta itemprop=\"datePublished\" content=\"2025-03-12\" \/><meta itemprop=\"dateModified\" content=\"2025-03-27\" \/><meta itemprop=\"name\" content=\"Packetcim Ambalaj\u00ae\"\/><meta itemprop=\"url\" content=\"https:\/\/packetcim.com\/wp-content\/uploads\/2025\/03\/packetcim-logo-03.png\"\/><meta itemprop=\"url\" content=\"https:\/\/packetcim.com\/author\/bora\/\" \/><meta itemprop=\"name\" content=\"Bora Y\u0131ld\u0131r\u0131m\" \/><meta itemprop=\"url\" content=\"https:\/\/packetcim.com\/wp-content\/uploads\/2025\/03\/silaj-strec-film.webp\" \/><meta itemprop=\"width\" content=\"720\" \/><meta itemprop=\"height\" content=\"720\" \/><meta itemprop=\"interactionType\" content=\"https:\/\/schema.org\/CommentAction\" \/><meta itemprop=\"userInteractionCount\" content=\"0\" \/>\n\t\t\t\t<a href=\"https:\/\/packetcim.com\/en\/urunlerimiz\/tarimsal-ambalaj\/silaj-strec-film\/\" target=\"_self\" itemprop=\"url\">\n\t\t\t\t<img loading=\"lazy\" decoding=\"async\" src=\"https:\/\/packetcim.com\/wp-content\/uploads\/2025\/03\/silaj-strec-film.webp\" alt=\"silaj-strec-film\" itemprop=\"image\" data-no-lazy=\"1\" height=\"720\" width=\"720\" title=\"silaj-strec-film\" onerror=\"this.style.display='none'\"  \/>\n\t\t\t\t<\/a>\n\t\t\t\t\t\t\t\t\t<h3 itemprop=\"headline\">\n\t\t\t\t\t\t\t\t\t\t\t\t\t<a href=\"https:\/\/packetcim.com\/en\/urunlerimiz\/tarimsal-ambalaj\/silaj-strec-film\/\" title=\"Silaj Stre\u00e7 Film\">\n\t\t\t\t\t\t\t\t\t\t\t\t\t\tSilaj Stre\u00e7 Film\t\t\t\t\t\t\t\t\t\t\t\t\t<\/a>\n\t\t\t\t\t\t\t\t\t\t\t<\/h3>\n    <a href=\"https:\/\/packetcim.com\/en\/urunlerimiz\/tarimsal-ambalaj\/silaj-strec-film\/\" title=\"Silaj Stre\u00e7 Film\">More Than \u2192<\/a>\n\t\t<!-- .pp-content-posts -->\n\t<a href=\"https:\/\/packetcim.com\/en\/iletisim\/\" target=\"_self\" role=\"button\" aria-label=\"For more information, contact us\">\n\t\t\t\tDaha fazla bilgi i\u00e7in l\u00fctfen bizimle ileti\u015fime ge\u00e7in!\n\t\t\t\t\tAkl\u0131n\u0131za tak\u0131lan her \u015fey i\u00e7in l\u00fctfen bizimle ileti\u015fime ge\u00e7in, size destek olal\u0131m.\n\t\t\t<\/a>\n\t\t\t\t<img loading=\"lazy\" decoding=\"async\" src=\"https:\/\/packetcim.com\/wp-content\/uploads\/2025\/03\/packetcim-logo-02.png\" alt=\"packetcim-logo-02\" itemprop=\"image\" height=\"358\" width=\"1097\" title=\"packetcim-logo-02\" onerror=\"this.style.display='none'\"  \/>\n\t<p><strong>Packetcim<\/strong>\u00a0is a full-service, customer-focused packaging supply company. We are dedicated to providing superior products and service at an affordable price.<\/p>\n<h2>\n\t\tQuick Menu\n\t<\/h2>\n<h2>\n\t\tProduct Range\n\t<\/h2>\n<h2>\n\t\tContact\n\t<\/h2>\n\t<p>\u00a9 Copyright 2024 <strong>Packetcim Ambalaj<\/strong><\/p>\n\t<p>Web Design <strong><a href=\"http:\/\/www.artmedigital.com\">ArtMe Digital<\/a><a href=\"http:\/\/www.artmedigital.com\/\">\u00ae<\/a><\/strong><\/p>","protected":false},"excerpt":{"rendered":"<p>Sera \u00d6rt\u00fcs\u00fc Daha Fazla \u2192 &hellip;<\/p>\n<p class=\"read-more\"> <a class=\"\" href=\"https:\/\/packetcim.com\/en\/urunlerimiz\/tarimsal-ambalaj\/\"> <span class=\"screen-reader-text\">Agricultural Packaging<\/span> Read More \u00bb<\/a><\/p>","protected":false},"author":13,"featured_media":0,"parent":1755,"menu_order":0,"comment_status":"closed","ping_status":"closed","template":"","meta":{"site-sidebar-layout":"no-sidebar","site-content-layout":"page-builder","ast-global-header-display":"","ast-main-header-display":"","ast-hfb-above-header-display":null,"ast-hfb-below-header-display":null,"ast-hfb-mobile-header-display":"","site-post-title":"disabled","ast-breadcrumbs-content":null,"ast-featured-img":"disabled","footer-sml-layout":"","theme-transparent-header-meta":"default","adv-header-id-meta":"","stick-header-meta":"default","header-above-stick-meta":null,"header-main-stick-meta":"","header-below-stick-meta":null,"_joinchat":[],"footnotes":""},"class_list":["post-3669","page","type-page","status-publish","hentry"],"_links":{"self":[{"href":"https:\/\/packetcim.com\/en\/wp-json\/wp\/v2\/pages\/3669","targetHints":{"allow":["GET"]}}],"collection":[{"href":"https:\/\/packetcim.com\/en\/wp-json\/wp\/v2\/pages"}],"about":[{"href":"https:\/\/packetcim.com\/en\/wp-json\/wp\/v2\/types\/page"}],"author":[{"embeddable":true,"href":"https:\/\/packetcim.com\/en\/wp-json\/wp\/v2\/users\/13"}],"replies":[{"embeddable":true,"href":"https:\/\/packetcim.com\/en\/wp-json\/wp\/v2\/comments?post=3669"}],"version-history":[{"count":0,"href":"https:\/\/packetcim.com\/en\/wp-json\/wp\/v2\/pages\/3669\/revisions"}],"up":[{"embeddable":true,"href":"https:\/\/packetcim.com\/en\/wp-json\/wp\/v2\/pages\/1755"}],"wp:attachment":[{"href":"https:\/\/packetcim.com\/en\/wp-json\/wp\/v2\/media?parent=3669"}],"curies":[{"name":"wp","href":"https:\/\/api.w.org\/{rel}","templated":true}]}}