{"id":3668,"date":"2024-11-07T22:18:29","date_gmt":"2024-11-07T22:18:29","guid":{"rendered":"https:\/\/packetcim.com\/?page_id=3668"},"modified":"2025-03-27T08:12:35","modified_gmt":"2025-03-27T08:12:35","slug":"fleksibil-ambalaj","status":"publish","type":"page","link":"https:\/\/packetcim.com\/en\/urunlerimiz\/fleksibil-ambalaj\/","title":{"rendered":"Flexible Packaging"},"content":{"rendered":"<h2>\n\t\tFlexible Packaging\n\t<\/h2>\n\t<div class=\"ast-breadcrumbs-wrapper\">\r\n\t\t\t<div class=\"ast-breadcrumbs-inner\"><nav role=\"navigation\" aria-label=\"Breadcrumbs\" class=\"breadcrumb-trail breadcrumbs\" ><div class=\"ast-breadcrumbs\"><ul class=\"trail-items\" ><li  class=\"trail-item trail-end\"><span><a href=\"https:\/\/packetcim.com\/en\/\" rel=\"home\"><span >Home<\/span><\/a><\/span><\/li><\/ul><\/div><\/nav><\/div>\r\n\t\t<\/div>\n\t<meta itemscope itemprop=\"mainEntityOfPage\" itemtype=\"https:\/\/schema.org\/WebPage\" itemid=\"https:\/\/packetcim.com\/urunlerimiz\/fleksibil-ambalaj\/lamineli-filmler\/\" content=\"Lamineli Filmler\" \/><meta itemprop=\"datePublished\" content=\"2025-03-05\" \/><meta itemprop=\"dateModified\" content=\"2025-03-27\" \/><meta itemprop=\"name\" content=\"Packetcim Ambalaj\u00ae\"\/><meta itemprop=\"url\" content=\"https:\/\/packetcim.com\/wp-content\/uploads\/2025\/03\/packetcim-logo-03.png\"\/><meta itemprop=\"url\" content=\"https:\/\/packetcim.com\/author\/bora\/\" \/><meta itemprop=\"name\" content=\"Bora Y\u0131ld\u0131r\u0131m\" \/><meta itemprop=\"url\" content=\"https:\/\/packetcim.com\/wp-content\/uploads\/2025\/03\/lamineli-filmler.webp\" \/><meta itemprop=\"width\" content=\"1000\" \/><meta itemprop=\"height\" content=\"1000\" \/><meta itemprop=\"interactionType\" content=\"https:\/\/schema.org\/CommentAction\" \/><meta itemprop=\"userInteractionCount\" content=\"0\" \/>\n\t\t\t\t<a href=\"https:\/\/packetcim.com\/en\/urunlerimiz\/fleksibil-ambalaj\/lamineli-filmler\/\" target=\"_self\" itemprop=\"url\">\n\t\t\t\t<img loading=\"lazy\" decoding=\"async\" src=\"https:\/\/packetcim.com\/wp-content\/uploads\/2025\/03\/lamineli-filmler.webp\" alt=\"lamineli-filmler\" itemprop=\"image\" data-no-lazy=\"1\" height=\"1000\" width=\"1000\" title=\"lamineli-filmler\" onerror=\"this.style.display='none'\"  \/>\n\t\t\t\t<\/a>\n\t\t\t\t\t\t\t\t\t<h3 itemprop=\"headline\">\n\t\t\t\t\t\t\t\t\t\t\t\t\t<a href=\"https:\/\/packetcim.com\/en\/urunlerimiz\/fleksibil-ambalaj\/lamineli-filmler\/\" title=\"Laminated Films\">\n\t\t\t\t\t\t\t\t\t\t\t\t\t\tLaminated Films\t\t\t\t\t\t\t\t\t\t\t\t\t<\/a>\n\t\t\t\t\t\t\t\t\t\t\t<\/h3>\n    <a href=\"https:\/\/packetcim.com\/en\/urunlerimiz\/fleksibil-ambalaj\/lamineli-filmler\/\" title=\"Laminated Films\">More Than \u2192<\/a>\n\t<meta itemscope itemprop=\"mainEntityOfPage\" itemtype=\"https:\/\/schema.org\/WebPage\" itemid=\"https:\/\/packetcim.com\/urunlerimiz\/fleksibil-ambalaj\/doypak-torba\/\" content=\"Doypak Torba\" \/><meta itemprop=\"datePublished\" content=\"2025-03-05\" \/><meta itemprop=\"dateModified\" content=\"2025-03-27\" \/><meta itemprop=\"name\" content=\"Packetcim Ambalaj\u00ae\"\/><meta itemprop=\"url\" content=\"https:\/\/packetcim.com\/wp-content\/uploads\/2025\/03\/packetcim-logo-03.png\"\/><meta itemprop=\"url\" content=\"https:\/\/packetcim.com\/author\/bora\/\" \/><meta itemprop=\"name\" content=\"Bora Y\u0131ld\u0131r\u0131m\" \/><meta itemprop=\"url\" content=\"https:\/\/packetcim.com\/wp-content\/uploads\/2025\/03\/doypack-torba.webp\" \/><meta itemprop=\"width\" content=\"1000\" \/><meta itemprop=\"height\" content=\"1000\" \/><meta itemprop=\"interactionType\" content=\"https:\/\/schema.org\/CommentAction\" \/><meta itemprop=\"userInteractionCount\" content=\"0\" \/>\n\t\t\t\t<a href=\"https:\/\/packetcim.com\/en\/urunlerimiz\/fleksibil-ambalaj\/doypak-torba\/\" target=\"_self\" itemprop=\"url\">\n\t\t\t\t<img loading=\"lazy\" decoding=\"async\" src=\"https:\/\/packetcim.com\/wp-content\/uploads\/2025\/03\/doypack-torba.webp\" alt=\"doypack-torba\" itemprop=\"image\" data-no-lazy=\"1\" height=\"1000\" width=\"1000\" title=\"doypack-torba\" onerror=\"this.style.display='none'\"  \/>\n\t\t\t\t<\/a>\n\t\t\t\t\t\t\t\t\t<h3 itemprop=\"headline\">\n\t\t\t\t\t\t\t\t\t\t\t\t\t<a href=\"https:\/\/packetcim.com\/en\/urunlerimiz\/fleksibil-ambalaj\/doypak-torba\/\" title=\"Doypack\">\n\t\t\t\t\t\t\t\t\t\t\t\t\t\tDoypack\t\t\t\t\t\t\t\t\t\t\t\t\t<\/a>\n\t\t\t\t\t\t\t\t\t\t\t<\/h3>\n    <a href=\"https:\/\/packetcim.com\/en\/urunlerimiz\/fleksibil-ambalaj\/doypak-torba\/\" title=\"Doypack\">More Than \u2192<\/a>\n\t<meta itemscope itemprop=\"mainEntityOfPage\" itemtype=\"https:\/\/schema.org\/WebPage\" itemid=\"https:\/\/packetcim.com\/urunlerimiz\/fleksibil-ambalaj\/kilitli-torba\/\" content=\"Kilitli Torba\" \/><meta itemprop=\"datePublished\" content=\"2025-03-05\" \/><meta itemprop=\"dateModified\" content=\"2025-03-27\" \/><meta itemprop=\"name\" content=\"Packetcim Ambalaj\u00ae\"\/><meta itemprop=\"url\" content=\"https:\/\/packetcim.com\/wp-content\/uploads\/2025\/03\/packetcim-logo-03.png\"\/><meta itemprop=\"url\" content=\"https:\/\/packetcim.com\/author\/bora\/\" \/><meta itemprop=\"name\" content=\"Bora Y\u0131ld\u0131r\u0131m\" \/><meta itemprop=\"url\" content=\"https:\/\/packetcim.com\/wp-content\/uploads\/2025\/03\/kilitli-torba.webp\" \/><meta itemprop=\"width\" content=\"1000\" \/><meta itemprop=\"height\" content=\"1000\" \/><meta itemprop=\"interactionType\" content=\"https:\/\/schema.org\/CommentAction\" \/><meta itemprop=\"userInteractionCount\" content=\"0\" \/>\n\t\t\t\t<a href=\"https:\/\/packetcim.com\/en\/urunlerimiz\/fleksibil-ambalaj\/kilitli-torba\/\" target=\"_self\" itemprop=\"url\">\n\t\t\t\t<img loading=\"lazy\" decoding=\"async\" src=\"https:\/\/packetcim.com\/wp-content\/uploads\/2025\/03\/kilitli-torba.webp\" alt=\"kilitli-torba\" itemprop=\"image\" data-no-lazy=\"1\" height=\"1000\" width=\"1000\" title=\"kilitli-torba\" onerror=\"this.style.display='none'\"  \/>\n\t\t\t\t<\/a>\n\t\t\t\t\t\t\t\t\t<h3 itemprop=\"headline\">\n\t\t\t\t\t\t\t\t\t\t\t\t\t<a href=\"https:\/\/packetcim.com\/en\/urunlerimiz\/fleksibil-ambalaj\/kilitli-torba\/\" title=\"Zipper Bag\">\n\t\t\t\t\t\t\t\t\t\t\t\t\t\tZipper Bag\t\t\t\t\t\t\t\t\t\t\t\t\t<\/a>\n\t\t\t\t\t\t\t\t\t\t\t<\/h3>\n    <a href=\"https:\/\/packetcim.com\/en\/urunlerimiz\/fleksibil-ambalaj\/kilitli-torba\/\" title=\"Zipper Bag\">More Than \u2192<\/a>\n\t<meta itemscope itemprop=\"mainEntityOfPage\" itemtype=\"https:\/\/schema.org\/WebPage\" itemid=\"https:\/\/packetcim.com\/urunlerimiz\/fleksibil-ambalaj\/dikduran-torba\/\" content=\"Dikduran Torba\" \/><meta itemprop=\"datePublished\" content=\"2025-03-05\" \/><meta itemprop=\"dateModified\" content=\"2025-03-27\" \/><meta itemprop=\"name\" content=\"Packetcim Ambalaj\u00ae\"\/><meta itemprop=\"url\" content=\"https:\/\/packetcim.com\/wp-content\/uploads\/2025\/03\/packetcim-logo-03.png\"\/><meta itemprop=\"url\" content=\"https:\/\/packetcim.com\/author\/bora\/\" \/><meta itemprop=\"name\" content=\"Bora Y\u0131ld\u0131r\u0131m\" \/><meta itemprop=\"url\" content=\"https:\/\/packetcim.com\/wp-content\/uploads\/2025\/03\/dik-duran-torba.webp\" \/><meta itemprop=\"width\" content=\"1000\" \/><meta itemprop=\"height\" content=\"1000\" \/><meta itemprop=\"interactionType\" content=\"https:\/\/schema.org\/CommentAction\" \/><meta itemprop=\"userInteractionCount\" content=\"0\" \/>\n\t\t\t\t<a href=\"https:\/\/packetcim.com\/en\/urunlerimiz\/fleksibil-ambalaj\/dikduran-torba\/\" target=\"_self\" itemprop=\"url\">\n\t\t\t\t<img loading=\"lazy\" decoding=\"async\" src=\"https:\/\/packetcim.com\/wp-content\/uploads\/2025\/03\/dik-duran-torba.webp\" alt=\"dik-duran-torba\" itemprop=\"image\" data-no-lazy=\"1\" height=\"1000\" width=\"1000\" title=\"dik-duran-torba\" onerror=\"this.style.display='none'\"  \/>\n\t\t\t\t<\/a>\n\t\t\t\t\t\t\t\t\t<h3 itemprop=\"headline\">\n\t\t\t\t\t\t\t\t\t\t\t\t\t<a href=\"https:\/\/packetcim.com\/en\/urunlerimiz\/fleksibil-ambalaj\/dikduran-torba\/\" title=\"Stand Up Pouch\">\n\t\t\t\t\t\t\t\t\t\t\t\t\t\tStand Up Pouch\t\t\t\t\t\t\t\t\t\t\t\t\t<\/a>\n\t\t\t\t\t\t\t\t\t\t\t<\/h3>\n    <a href=\"https:\/\/packetcim.com\/en\/urunlerimiz\/fleksibil-ambalaj\/dikduran-torba\/\" title=\"Stand Up Pouch\">More Than \u2192<\/a>\n\t<meta itemscope itemprop=\"mainEntityOfPage\" itemtype=\"https:\/\/schema.org\/WebPage\" itemid=\"https:\/\/packetcim.com\/urunlerimiz\/fleksibil-ambalaj\/sise-kapakli-torba\/\" content=\"\u015ei\u015fe Kapakl\u0131 Torba\" \/><meta itemprop=\"datePublished\" content=\"2025-03-05\" \/><meta itemprop=\"dateModified\" content=\"2025-03-27\" \/><meta itemprop=\"name\" content=\"Packetcim Ambalaj\u00ae\"\/><meta itemprop=\"url\" content=\"https:\/\/packetcim.com\/wp-content\/uploads\/2025\/03\/packetcim-logo-03.png\"\/><meta itemprop=\"url\" content=\"https:\/\/packetcim.com\/author\/bora\/\" \/><meta itemprop=\"name\" content=\"Bora Y\u0131ld\u0131r\u0131m\" \/><meta itemprop=\"url\" content=\"https:\/\/packetcim.com\/wp-content\/uploads\/2025\/03\/sise-kapakli-torba.webp\" \/><meta itemprop=\"width\" content=\"1000\" \/><meta itemprop=\"height\" content=\"1000\" \/><meta itemprop=\"interactionType\" content=\"https:\/\/schema.org\/CommentAction\" \/><meta itemprop=\"userInteractionCount\" content=\"0\" \/>\n\t\t\t\t<a href=\"https:\/\/packetcim.com\/en\/urunlerimiz\/fleksibil-ambalaj\/sise-kapakli-torba\/\" target=\"_self\" itemprop=\"url\">\n\t\t\t\t<img loading=\"lazy\" decoding=\"async\" src=\"https:\/\/packetcim.com\/wp-content\/uploads\/2025\/03\/sise-kapakli-torba.webp\" alt=\"sise-kapakl\u0131-torba\" itemprop=\"image\" data-no-lazy=\"1\" height=\"1000\" width=\"1000\" title=\"sise-kapakl\u0131-torba\" onerror=\"this.style.display='none'\"  \/>\n\t\t\t\t<\/a>\n\t\t\t\t\t\t\t\t\t<h3 itemprop=\"headline\">\n\t\t\t\t\t\t\t\t\t\t\t\t\t<a href=\"https:\/\/packetcim.com\/en\/urunlerimiz\/fleksibil-ambalaj\/sise-kapakli-torba\/\" title=\"Spouted Pouch\">\n\t\t\t\t\t\t\t\t\t\t\t\t\t\tSpouted Pouch\t\t\t\t\t\t\t\t\t\t\t\t\t<\/a>\n\t\t\t\t\t\t\t\t\t\t\t<\/h3>\n    <a href=\"https:\/\/packetcim.com\/en\/urunlerimiz\/fleksibil-ambalaj\/sise-kapakli-torba\/\" title=\"Spouted Pouch\">More Than \u2192<\/a>\n\t<meta itemscope itemprop=\"mainEntityOfPage\" itemtype=\"https:\/\/schema.org\/WebPage\" itemid=\"https:\/\/packetcim.com\/urunlerimiz\/fleksibil-ambalaj\/yan-kaynakli-kuadro-torba\/\" content=\"Yan Kaynakl\u0131 Kuadro Torba\" \/><meta itemprop=\"datePublished\" content=\"2025-03-05\" \/><meta itemprop=\"dateModified\" content=\"2025-03-27\" \/><meta itemprop=\"name\" content=\"Packetcim Ambalaj\u00ae\"\/><meta itemprop=\"url\" content=\"https:\/\/packetcim.com\/wp-content\/uploads\/2025\/03\/packetcim-logo-03.png\"\/><meta itemprop=\"url\" content=\"https:\/\/packetcim.com\/author\/bora\/\" \/><meta itemprop=\"name\" content=\"Bora Y\u0131ld\u0131r\u0131m\" \/><meta itemprop=\"url\" content=\"https:\/\/packetcim.com\/wp-content\/uploads\/2025\/03\/quadro-torba.webp\" \/><meta itemprop=\"width\" content=\"1000\" \/><meta itemprop=\"height\" content=\"1000\" \/><meta itemprop=\"interactionType\" content=\"https:\/\/schema.org\/CommentAction\" \/><meta itemprop=\"userInteractionCount\" content=\"0\" \/>\n\t\t\t\t<a href=\"https:\/\/packetcim.com\/en\/urunlerimiz\/fleksibil-ambalaj\/yan-kaynakli-kuadro-torba\/\" target=\"_self\" itemprop=\"url\">\n\t\t\t\t<img loading=\"lazy\" decoding=\"async\" src=\"https:\/\/packetcim.com\/wp-content\/uploads\/2025\/03\/quadro-torba.webp\" alt=\"quadro-torba\" itemprop=\"image\" data-no-lazy=\"1\" height=\"1000\" width=\"1000\" title=\"quadro-torba\" onerror=\"this.style.display='none'\"  \/>\n\t\t\t\t<\/a>\n\t\t\t\t\t\t\t\t\t<h3 itemprop=\"headline\">\n\t\t\t\t\t\t\t\t\t\t\t\t\t<a href=\"https:\/\/packetcim.com\/en\/urunlerimiz\/fleksibil-ambalaj\/yan-kaynakli-kuadro-torba\/\" title=\"Flat Bottom Pouch\">\n\t\t\t\t\t\t\t\t\t\t\t\t\t\tFlat Bottom Pouch\t\t\t\t\t\t\t\t\t\t\t\t\t<\/a>\n\t\t\t\t\t\t\t\t\t\t\t<\/h3>\n    <a href=\"https:\/\/packetcim.com\/en\/urunlerimiz\/fleksibil-ambalaj\/yan-kaynakli-kuadro-torba\/\" title=\"Flat Bottom Pouch\">More Than \u2192<\/a>\n\t\t<!-- .pp-content-posts -->\n\t<a href=\"https:\/\/packetcim.com\/en\/iletisim\/\" target=\"_self\" role=\"button\" aria-label=\"For more information, contact us\">\n\t\t\t\tDaha fazla bilgi i\u00e7in l\u00fctfen bizimle ileti\u015fime ge\u00e7in!\n\t\t\t\t\tAkl\u0131n\u0131za tak\u0131lan her \u015fey i\u00e7in l\u00fctfen bizimle ileti\u015fime ge\u00e7in, size destek olal\u0131m.\n\t\t\t<\/a>\n\t\t\t\t<img loading=\"lazy\" decoding=\"async\" src=\"https:\/\/packetcim.com\/wp-content\/uploads\/2025\/03\/packetcim-logo-02.png\" alt=\"packetcim-logo-02\" itemprop=\"image\" height=\"358\" width=\"1097\" title=\"packetcim-logo-02\" onerror=\"this.style.display='none'\"  \/>\n\t<p><strong>Packetcim<\/strong>\u00a0is a full-service, customer-focused packaging supply company. We are dedicated to providing superior products and service at an affordable price.<\/p>\n<h2>\n\t\tQuick Menu\n\t<\/h2>\n<h2>\n\t\tProduct Range\n\t<\/h2>\n<h2>\n\t\tContact\n\t<\/h2>\n\t<p>\u00a9 Copyright 2024 <strong>Packetcim Ambalaj<\/strong><\/p>\n\t<p>Web Design <strong><a href=\"http:\/\/www.artmedigital.com\">ArtMe Digital<\/a><a href=\"http:\/\/www.artmedigital.com\/\">\u00ae<\/a><\/strong><\/p>","protected":false},"excerpt":{"rendered":"<p>Lamineli Filmler Daha Fazla \u2192 &hellip;<\/p>\n<p class=\"read-more\"> <a class=\"\" href=\"https:\/\/packetcim.com\/en\/urunlerimiz\/fleksibil-ambalaj\/\"> <span class=\"screen-reader-text\">Flexible Packaging<\/span> Read More \u00bb<\/a><\/p>","protected":false},"author":13,"featured_media":0,"parent":1755,"menu_order":0,"comment_status":"closed","ping_status":"closed","template":"","meta":{"site-sidebar-layout":"no-sidebar","site-content-layout":"page-builder","ast-global-header-display":"","ast-main-header-display":"","ast-hfb-above-header-display":null,"ast-hfb-below-header-display":null,"ast-hfb-mobile-header-display":"","site-post-title":"disabled","ast-breadcrumbs-content":null,"ast-featured-img":"disabled","footer-sml-layout":"","theme-transparent-header-meta":"default","adv-header-id-meta":"","stick-header-meta":"default","header-above-stick-meta":null,"header-main-stick-meta":"","header-below-stick-meta":null,"_joinchat":[],"footnotes":""},"class_list":["post-3668","page","type-page","status-publish","hentry"],"_links":{"self":[{"href":"https:\/\/packetcim.com\/en\/wp-json\/wp\/v2\/pages\/3668","targetHints":{"allow":["GET"]}}],"collection":[{"href":"https:\/\/packetcim.com\/en\/wp-json\/wp\/v2\/pages"}],"about":[{"href":"https:\/\/packetcim.com\/en\/wp-json\/wp\/v2\/types\/page"}],"author":[{"embeddable":true,"href":"https:\/\/packetcim.com\/en\/wp-json\/wp\/v2\/users\/13"}],"replies":[{"embeddable":true,"href":"https:\/\/packetcim.com\/en\/wp-json\/wp\/v2\/comments?post=3668"}],"version-history":[{"count":0,"href":"https:\/\/packetcim.com\/en\/wp-json\/wp\/v2\/pages\/3668\/revisions"}],"up":[{"embeddable":true,"href":"https:\/\/packetcim.com\/en\/wp-json\/wp\/v2\/pages\/1755"}],"wp:attachment":[{"href":"https:\/\/packetcim.com\/en\/wp-json\/wp\/v2\/media?parent=3668"}],"curies":[{"name":"wp","href":"https:\/\/api.w.org\/{rel}","templated":true}]}}