{"id":3665,"date":"2024-11-07T22:17:45","date_gmt":"2024-11-07T22:17:45","guid":{"rendered":"https:\/\/packetcim.com\/?page_id=3665"},"modified":"2025-03-27T08:14:21","modified_gmt":"2025-03-27T08:14:21","slug":"nonwoventela","status":"publish","type":"page","link":"https:\/\/packetcim.com\/en\/urunlerimiz\/nonwoventela\/","title":{"rendered":"Nonwowen"},"content":{"rendered":"<h2>\n\t\tNonwowen\n\t<\/h2>\n\t<div class=\"ast-breadcrumbs-wrapper\">\r\n\t\t\t<div class=\"ast-breadcrumbs-inner\"><nav role=\"navigation\" aria-label=\"Breadcrumbs\" class=\"breadcrumb-trail breadcrumbs\" ><div class=\"ast-breadcrumbs\"><ul class=\"trail-items\" ><li  class=\"trail-item trail-end\"><span><a href=\"https:\/\/packetcim.com\/en\/\" rel=\"home\"><span >Home<\/span><\/a><\/span><\/li><\/ul><\/div><\/nav><\/div>\r\n\t\t<\/div>\n\t<meta itemscope itemprop=\"mainEntityOfPage\" itemtype=\"https:\/\/schema.org\/WebPage\" itemid=\"https:\/\/packetcim.com\/urunlerimiz\/nonwoventela\/kulplu-tela-canta\/\" content=\"Kulplu Tela \u00c7anta\" \/><meta itemprop=\"datePublished\" content=\"2025-03-05\" \/><meta itemprop=\"dateModified\" content=\"2025-03-27\" \/><meta itemprop=\"name\" content=\"Packetcim Ambalaj\u00ae\"\/><meta itemprop=\"url\" content=\"https:\/\/packetcim.com\/wp-content\/uploads\/2025\/03\/packetcim-logo-03.png\"\/><meta itemprop=\"url\" content=\"https:\/\/packetcim.com\/author\/bora\/\" \/><meta itemprop=\"name\" content=\"Bora Y\u0131ld\u0131r\u0131m\" \/><meta itemprop=\"url\" content=\"https:\/\/packetcim.com\/wp-content\/uploads\/2025\/03\/kulplu-tela-canta.webp\" \/><meta itemprop=\"width\" content=\"1000\" \/><meta itemprop=\"height\" content=\"1000\" \/><meta itemprop=\"interactionType\" content=\"https:\/\/schema.org\/CommentAction\" \/><meta itemprop=\"userInteractionCount\" content=\"0\" \/>\n\t\t\t\t<a href=\"https:\/\/packetcim.com\/en\/urunlerimiz\/nonwoventela\/kulplu-tela-canta\/\" target=\"_self\" itemprop=\"url\">\n\t\t\t\t<img loading=\"lazy\" decoding=\"async\" src=\"https:\/\/packetcim.com\/wp-content\/uploads\/2025\/03\/kulplu-tela-canta.webp\" alt=\"kulplu-tela-canta\" itemprop=\"image\" data-no-lazy=\"1\" height=\"1000\" width=\"1000\" title=\"kulplu-tela-canta\" onerror=\"this.style.display='none'\"  \/>\n\t\t\t\t<\/a>\n\t\t\t\t\t\t\t\t\t<h3 itemprop=\"headline\">\n\t\t\t\t\t\t\t\t\t\t\t\t\t<a href=\"https:\/\/packetcim.com\/en\/urunlerimiz\/nonwoventela\/kulplu-tela-canta\/\" title=\"Loop Handle Bag\">\n\t\t\t\t\t\t\t\t\t\t\t\t\t\tLoop Handle Bag\t\t\t\t\t\t\t\t\t\t\t\t\t<\/a>\n\t\t\t\t\t\t\t\t\t\t\t<\/h3>\n    <a href=\"https:\/\/packetcim.com\/en\/urunlerimiz\/nonwoventela\/kulplu-tela-canta\/\" title=\"Loop Handle Bag\">More Than \u2192<\/a>\n\t<meta itemscope itemprop=\"mainEntityOfPage\" itemtype=\"https:\/\/schema.org\/WebPage\" itemid=\"https:\/\/packetcim.com\/urunlerimiz\/nonwoventela\/el-gecme-tela-canta\/\" content=\"El Ge\u00e7me Tela \u00c7anta\" \/><meta itemprop=\"datePublished\" content=\"2025-03-05\" \/><meta itemprop=\"dateModified\" content=\"2025-03-27\" \/><meta itemprop=\"name\" content=\"Packetcim Ambalaj\u00ae\"\/><meta itemprop=\"url\" content=\"https:\/\/packetcim.com\/wp-content\/uploads\/2025\/03\/packetcim-logo-03.png\"\/><meta itemprop=\"url\" content=\"https:\/\/packetcim.com\/author\/bora\/\" \/><meta itemprop=\"name\" content=\"Bora Y\u0131ld\u0131r\u0131m\" \/><meta itemprop=\"url\" content=\"https:\/\/packetcim.com\/wp-content\/uploads\/2025\/03\/bez-el-gecme-canta.webp\" \/><meta itemprop=\"width\" content=\"1000\" \/><meta itemprop=\"height\" content=\"1000\" \/><meta itemprop=\"interactionType\" content=\"https:\/\/schema.org\/CommentAction\" \/><meta itemprop=\"userInteractionCount\" content=\"0\" \/>\n\t\t\t\t<a href=\"https:\/\/packetcim.com\/en\/urunlerimiz\/nonwoventela\/el-gecme-tela-canta\/\" target=\"_self\" itemprop=\"url\">\n\t\t\t\t<img loading=\"lazy\" decoding=\"async\" src=\"https:\/\/packetcim.com\/wp-content\/uploads\/2025\/03\/bez-el-gecme-canta.webp\" alt=\"bez-el-gecme-canta\" itemprop=\"image\" data-no-lazy=\"1\" height=\"1000\" width=\"1000\" title=\"bez-el-gecme-canta\" onerror=\"this.style.display='none'\"  \/>\n\t\t\t\t<\/a>\n\t\t\t\t\t\t\t\t\t<h3 itemprop=\"headline\">\n\t\t\t\t\t\t\t\t\t\t\t\t\t<a href=\"https:\/\/packetcim.com\/en\/urunlerimiz\/nonwoventela\/el-gecme-tela-canta\/\" title=\"Die Cut Handle Bag\">\n\t\t\t\t\t\t\t\t\t\t\t\t\t\tDie Cut Handle Bag\t\t\t\t\t\t\t\t\t\t\t\t\t<\/a>\n\t\t\t\t\t\t\t\t\t\t\t<\/h3>\n    <a href=\"https:\/\/packetcim.com\/en\/urunlerimiz\/nonwoventela\/el-gecme-tela-canta\/\" title=\"Die Cut Handle Bag\">More Than \u2192<\/a>\n\t<meta itemscope itemprop=\"mainEntityOfPage\" itemtype=\"https:\/\/schema.org\/WebPage\" itemid=\"https:\/\/packetcim.com\/urunlerimiz\/nonwoventela\/atlet-tipi-tela-canta\/\" content=\"Atlet Tipi Tela \u00c7anta\" \/><meta itemprop=\"datePublished\" content=\"2025-03-05\" \/><meta itemprop=\"dateModified\" content=\"2025-03-27\" \/><meta itemprop=\"name\" content=\"Packetcim Ambalaj\u00ae\"\/><meta itemprop=\"url\" content=\"https:\/\/packetcim.com\/wp-content\/uploads\/2025\/03\/packetcim-logo-03.png\"\/><meta itemprop=\"url\" content=\"https:\/\/packetcim.com\/author\/bora\/\" \/><meta itemprop=\"name\" content=\"Bora Y\u0131ld\u0131r\u0131m\" \/><meta itemprop=\"url\" content=\"https:\/\/packetcim.com\/wp-content\/uploads\/2025\/03\/bez-atlet-poset.webp\" \/><meta itemprop=\"width\" content=\"1000\" \/><meta itemprop=\"height\" content=\"1000\" \/><meta itemprop=\"interactionType\" content=\"https:\/\/schema.org\/CommentAction\" \/><meta itemprop=\"userInteractionCount\" content=\"0\" \/>\n\t\t\t\t<a href=\"https:\/\/packetcim.com\/en\/urunlerimiz\/nonwoventela\/atlet-tipi-tela-canta\/\" target=\"_self\" itemprop=\"url\">\n\t\t\t\t<img loading=\"lazy\" decoding=\"async\" src=\"https:\/\/packetcim.com\/wp-content\/uploads\/2025\/03\/bez-atlet-poset.webp\" alt=\"bez-atlet-poset\" itemprop=\"image\" data-no-lazy=\"1\" height=\"1000\" width=\"1000\" title=\"bez-atlet-poset\" onerror=\"this.style.display='none'\"  \/>\n\t\t\t\t<\/a>\n\t\t\t\t\t\t\t\t\t<h3 itemprop=\"headline\">\n\t\t\t\t\t\t\t\t\t\t\t\t\t<a href=\"https:\/\/packetcim.com\/en\/urunlerimiz\/nonwoventela\/atlet-tipi-tela-canta\/\" title=\"Nonwoven T-Shirt Bag\">\n\t\t\t\t\t\t\t\t\t\t\t\t\t\tNonwoven T-Shirt Bag\t\t\t\t\t\t\t\t\t\t\t\t\t<\/a>\n\t\t\t\t\t\t\t\t\t\t\t<\/h3>\n    <a href=\"https:\/\/packetcim.com\/en\/urunlerimiz\/nonwoventela\/atlet-tipi-tela-canta\/\" title=\"Nonwoven T-Shirt Bag\">More Than \u2192<\/a>\n\t<meta itemscope itemprop=\"mainEntityOfPage\" itemtype=\"https:\/\/schema.org\/WebPage\" itemid=\"https:\/\/packetcim.com\/urunlerimiz\/nonwoventela\/tela-kargo-torbasi\/\" content=\"Tela Kargo Torbas\u0131\" \/><meta itemprop=\"datePublished\" content=\"2025-03-05\" \/><meta itemprop=\"dateModified\" content=\"2025-03-27\" \/><meta itemprop=\"name\" content=\"Packetcim Ambalaj\u00ae\"\/><meta itemprop=\"url\" content=\"https:\/\/packetcim.com\/wp-content\/uploads\/2025\/03\/packetcim-logo-03.png\"\/><meta itemprop=\"url\" content=\"https:\/\/packetcim.com\/author\/bora\/\" \/><meta itemprop=\"name\" content=\"Bora Y\u0131ld\u0131r\u0131m\" \/><meta itemprop=\"url\" content=\"https:\/\/packetcim.com\/wp-content\/uploads\/2025\/03\/tela-kargo-torbasi.webp\" \/><meta itemprop=\"width\" content=\"1000\" \/><meta itemprop=\"height\" content=\"1000\" \/><meta itemprop=\"interactionType\" content=\"https:\/\/schema.org\/CommentAction\" \/><meta itemprop=\"userInteractionCount\" content=\"0\" \/>\n\t\t\t\t<a href=\"https:\/\/packetcim.com\/en\/urunlerimiz\/nonwoventela\/tela-kargo-torbasi\/\" target=\"_self\" itemprop=\"url\">\n\t\t\t\t<img loading=\"lazy\" decoding=\"async\" src=\"https:\/\/packetcim.com\/wp-content\/uploads\/2025\/03\/tela-kargo-torbasi.webp\" alt=\"tela-kargo-torbasi\" itemprop=\"image\" data-no-lazy=\"1\" height=\"1000\" width=\"1000\" title=\"tela-kargo-torbasi\" onerror=\"this.style.display='none'\"  \/>\n\t\t\t\t<\/a>\n\t\t\t\t\t\t\t\t\t<h3 itemprop=\"headline\">\n\t\t\t\t\t\t\t\t\t\t\t\t\t<a href=\"https:\/\/packetcim.com\/en\/urunlerimiz\/nonwoventela\/tela-kargo-torbasi\/\" title=\"Courier Bag\">\n\t\t\t\t\t\t\t\t\t\t\t\t\t\tCourier Bag\t\t\t\t\t\t\t\t\t\t\t\t\t<\/a>\n\t\t\t\t\t\t\t\t\t\t\t<\/h3>\n    <a href=\"https:\/\/packetcim.com\/en\/urunlerimiz\/nonwoventela\/tela-kargo-torbasi\/\" title=\"Courier Bag\">More Than \u2192<\/a>\n\t\t<!-- .pp-content-posts -->\n\t<a href=\"https:\/\/packetcim.com\/en\/iletisim\/\" target=\"_self\" role=\"button\" aria-label=\"For more information, contact us\">\n\t\t\t\tDaha fazla bilgi i\u00e7in l\u00fctfen bizimle ileti\u015fime ge\u00e7in!\n\t\t\t\t\tAkl\u0131n\u0131za tak\u0131lan her \u015fey i\u00e7in l\u00fctfen bizimle ileti\u015fime ge\u00e7in, size destek olal\u0131m.\n\t\t\t<\/a>\n\t\t\t\t<img loading=\"lazy\" decoding=\"async\" src=\"https:\/\/packetcim.com\/wp-content\/uploads\/2025\/03\/packetcim-logo-02.png\" alt=\"packetcim-logo-02\" itemprop=\"image\" height=\"358\" width=\"1097\" title=\"packetcim-logo-02\" onerror=\"this.style.display='none'\"  \/>\n\t<p><strong>Packetcim<\/strong>\u00a0is a full-service, customer-focused packaging supply company. We are dedicated to providing superior products and service at an affordable price.<\/p>\n<h2>\n\t\tQuick Menu\n\t<\/h2>\n<h2>\n\t\tProduct Range\n\t<\/h2>\n<h2>\n\t\tContact\n\t<\/h2>\n\t<p>\u00a9 Copyright 2024 <strong>Packetcim Ambalaj<\/strong><\/p>\n\t<p>Web Design <strong><a href=\"http:\/\/www.artmedigital.com\">ArtMe Digital<\/a><a href=\"http:\/\/www.artmedigital.com\/\">\u00ae<\/a><\/strong><\/p>","protected":false},"excerpt":{"rendered":"<p>Kulplu Tela \u00c7anta Daha Fazla &hellip;<\/p>\n<p class=\"read-more\"> <a class=\"\" href=\"https:\/\/packetcim.com\/en\/urunlerimiz\/nonwoventela\/\"> <span class=\"screen-reader-text\">Nonwowen<\/span> Read More \u00bb<\/a><\/p>","protected":false},"author":13,"featured_media":0,"parent":1755,"menu_order":0,"comment_status":"closed","ping_status":"closed","template":"","meta":{"site-sidebar-layout":"no-sidebar","site-content-layout":"page-builder","ast-global-header-display":"","ast-main-header-display":"","ast-hfb-above-header-display":null,"ast-hfb-below-header-display":null,"ast-hfb-mobile-header-display":"","site-post-title":"disabled","ast-breadcrumbs-content":null,"ast-featured-img":"disabled","footer-sml-layout":"","theme-transparent-header-meta":"default","adv-header-id-meta":"","stick-header-meta":"default","header-above-stick-meta":null,"header-main-stick-meta":"","header-below-stick-meta":null,"_joinchat":[],"footnotes":""},"class_list":["post-3665","page","type-page","status-publish","hentry"],"_links":{"self":[{"href":"https:\/\/packetcim.com\/en\/wp-json\/wp\/v2\/pages\/3665","targetHints":{"allow":["GET"]}}],"collection":[{"href":"https:\/\/packetcim.com\/en\/wp-json\/wp\/v2\/pages"}],"about":[{"href":"https:\/\/packetcim.com\/en\/wp-json\/wp\/v2\/types\/page"}],"author":[{"embeddable":true,"href":"https:\/\/packetcim.com\/en\/wp-json\/wp\/v2\/users\/13"}],"replies":[{"embeddable":true,"href":"https:\/\/packetcim.com\/en\/wp-json\/wp\/v2\/comments?post=3665"}],"version-history":[{"count":0,"href":"https:\/\/packetcim.com\/en\/wp-json\/wp\/v2\/pages\/3665\/revisions"}],"up":[{"embeddable":true,"href":"https:\/\/packetcim.com\/en\/wp-json\/wp\/v2\/pages\/1755"}],"wp:attachment":[{"href":"https:\/\/packetcim.com\/en\/wp-json\/wp\/v2\/media?parent=3665"}],"curies":[{"name":"wp","href":"https:\/\/api.w.org\/{rel}","templated":true}]}}