{"id":3663,"date":"2024-11-07T22:17:10","date_gmt":"2024-11-07T22:17:10","guid":{"rendered":"https:\/\/packetcim.com\/?page_id=3663"},"modified":"2025-03-27T08:13:36","modified_gmt":"2025-03-27T08:13:36","slug":"kagit","status":"publish","type":"page","link":"https:\/\/packetcim.com\/en\/urunlerimiz\/kagit\/","title":{"rendered":"Paper"},"content":{"rendered":"<h2>\n\t\tPaper\n\t<\/h2>\n\t<div class=\"ast-breadcrumbs-wrapper\">\r\n\t\t\t<div class=\"ast-breadcrumbs-inner\"><nav role=\"navigation\" aria-label=\"Breadcrumbs\" class=\"breadcrumb-trail breadcrumbs\" ><div class=\"ast-breadcrumbs\"><ul class=\"trail-items\" ><li  class=\"trail-item trail-end\"><span><a href=\"https:\/\/packetcim.com\/en\/\" rel=\"home\"><span >Home<\/span><\/a><\/span><\/li><\/ul><\/div><\/nav><\/div>\r\n\t\t<\/div>\n\t<meta itemscope itemprop=\"mainEntityOfPage\" itemtype=\"https:\/\/schema.org\/WebPage\" itemid=\"https:\/\/packetcim.com\/urunlerimiz\/kagit\/burgu-sapli-kraft-canta\/\" content=\"Burgu Sapl\u0131 Kraft \u00c7anta\" \/><meta itemprop=\"datePublished\" content=\"2024-11-07\" \/><meta itemprop=\"dateModified\" content=\"2025-03-27\" \/><meta itemprop=\"name\" content=\"Packetcim Ambalaj\u00ae\"\/><meta itemprop=\"url\" content=\"https:\/\/packetcim.com\/wp-content\/uploads\/2025\/03\/packetcim-logo-03.png\"\/><meta itemprop=\"url\" content=\"https:\/\/packetcim.com\/author\/bora\/\" \/><meta itemprop=\"name\" content=\"Bora Y\u0131ld\u0131r\u0131m\" \/><meta itemprop=\"url\" content=\"https:\/\/packetcim.com\/wp-content\/uploads\/2025\/03\/burgu-sapli-poset.webp\" \/><meta itemprop=\"width\" content=\"1000\" \/><meta itemprop=\"height\" content=\"1000\" \/><meta itemprop=\"interactionType\" content=\"https:\/\/schema.org\/CommentAction\" \/><meta itemprop=\"userInteractionCount\" content=\"0\" \/>\n\t\t\t\t<a href=\"https:\/\/packetcim.com\/en\/urunlerimiz\/kagit\/burgu-sapli-kraft-canta\/\" target=\"_self\" itemprop=\"url\">\n\t\t\t\t<img loading=\"lazy\" decoding=\"async\" src=\"https:\/\/packetcim.com\/wp-content\/uploads\/2025\/03\/burgu-sapli-poset.webp\" alt=\"burgu-sapli-poset\" itemprop=\"image\" data-no-lazy=\"1\" height=\"1000\" width=\"1000\" title=\"burgu-sapli-poset\" onerror=\"this.style.display='none'\"  \/>\n\t\t\t\t<\/a>\n\t\t\t\t\t\t\t\t\t<h3 itemprop=\"headline\">\n\t\t\t\t\t\t\t\t\t\t\t\t\t<a href=\"https:\/\/packetcim.com\/en\/urunlerimiz\/kagit\/burgu-sapli-kraft-canta\/\" title=\"Twisted Handle Kraft Bag\">\n\t\t\t\t\t\t\t\t\t\t\t\t\t\tTwisted Handle Kraft Bag\t\t\t\t\t\t\t\t\t\t\t\t\t<\/a>\n\t\t\t\t\t\t\t\t\t\t\t<\/h3>\n    <a href=\"https:\/\/packetcim.com\/en\/urunlerimiz\/kagit\/burgu-sapli-kraft-canta\/\" title=\"Twisted Handle Kraft Bag\">More Than \u2192<\/a>\n\t<meta itemscope itemprop=\"mainEntityOfPage\" itemtype=\"https:\/\/schema.org\/WebPage\" itemid=\"https:\/\/packetcim.com\/urunlerimiz\/kagit\/duz-sapli-kraft-canta\/\" content=\"D\u00fcz Sapl\u0131 Kraft \u00c7anta\" \/><meta itemprop=\"datePublished\" content=\"2024-11-07\" \/><meta itemprop=\"dateModified\" content=\"2025-03-27\" \/><meta itemprop=\"name\" content=\"Packetcim Ambalaj\u00ae\"\/><meta itemprop=\"url\" content=\"https:\/\/packetcim.com\/wp-content\/uploads\/2025\/03\/packetcim-logo-03.png\"\/><meta itemprop=\"url\" content=\"https:\/\/packetcim.com\/author\/bora\/\" \/><meta itemprop=\"name\" content=\"Bora Y\u0131ld\u0131r\u0131m\" \/><meta itemprop=\"url\" content=\"https:\/\/packetcim.com\/wp-content\/uploads\/2025\/03\/duz-sapli-poset.webp\" \/><meta itemprop=\"width\" content=\"1000\" \/><meta itemprop=\"height\" content=\"1000\" \/><meta itemprop=\"interactionType\" content=\"https:\/\/schema.org\/CommentAction\" \/><meta itemprop=\"userInteractionCount\" content=\"0\" \/>\n\t\t\t\t<a href=\"https:\/\/packetcim.com\/en\/urunlerimiz\/kagit\/duz-sapli-kraft-canta\/\" target=\"_self\" itemprop=\"url\">\n\t\t\t\t<img loading=\"lazy\" decoding=\"async\" src=\"https:\/\/packetcim.com\/wp-content\/uploads\/2025\/03\/duz-sapli-poset.webp\" alt=\"duz-sapli-poset\" itemprop=\"image\" data-no-lazy=\"1\" height=\"1000\" width=\"1000\" title=\"duz-sapli-poset\" onerror=\"this.style.display='none'\"  \/>\n\t\t\t\t<\/a>\n\t\t\t\t\t\t\t\t\t<h3 itemprop=\"headline\">\n\t\t\t\t\t\t\t\t\t\t\t\t\t<a href=\"https:\/\/packetcim.com\/en\/urunlerimiz\/kagit\/duz-sapli-kraft-canta\/\" title=\"Flat Handle Kraft Bag\">\n\t\t\t\t\t\t\t\t\t\t\t\t\t\tFlat Handle Kraft Bag\t\t\t\t\t\t\t\t\t\t\t\t\t<\/a>\n\t\t\t\t\t\t\t\t\t\t\t<\/h3>\n    <a href=\"https:\/\/packetcim.com\/en\/urunlerimiz\/kagit\/duz-sapli-kraft-canta\/\" title=\"Flat Handle Kraft Bag\">More Than \u2192<\/a>\n\t<meta itemscope itemprop=\"mainEntityOfPage\" itemtype=\"https:\/\/schema.org\/WebPage\" itemid=\"https:\/\/packetcim.com\/urunlerimiz\/kagit\/kese-kagidi\/\" content=\"Kese Ka\u011f\u0131d\u0131\" \/><meta itemprop=\"datePublished\" content=\"2024-11-07\" \/><meta itemprop=\"dateModified\" content=\"2025-03-27\" \/><meta itemprop=\"name\" content=\"Packetcim Ambalaj\u00ae\"\/><meta itemprop=\"url\" content=\"https:\/\/packetcim.com\/wp-content\/uploads\/2025\/03\/packetcim-logo-03.png\"\/><meta itemprop=\"url\" content=\"https:\/\/packetcim.com\/author\/bora\/\" \/><meta itemprop=\"name\" content=\"Bora Y\u0131ld\u0131r\u0131m\" \/><meta itemprop=\"url\" content=\"https:\/\/packetcim.com\/wp-content\/uploads\/2025\/03\/kese-kagidi.webp\" \/><meta itemprop=\"width\" content=\"1000\" \/><meta itemprop=\"height\" content=\"1000\" \/><meta itemprop=\"interactionType\" content=\"https:\/\/schema.org\/CommentAction\" \/><meta itemprop=\"userInteractionCount\" content=\"0\" \/>\n\t\t\t\t<a href=\"https:\/\/packetcim.com\/en\/urunlerimiz\/kagit\/kese-kagidi\/\" target=\"_self\" itemprop=\"url\">\n\t\t\t\t<img loading=\"lazy\" decoding=\"async\" src=\"https:\/\/packetcim.com\/wp-content\/uploads\/2025\/03\/kese-kagidi.webp\" alt=\"kese-kagidi\" itemprop=\"image\" data-no-lazy=\"1\" height=\"1000\" width=\"1000\" title=\"kese-kagidi\" onerror=\"this.style.display='none'\"  \/>\n\t\t\t\t<\/a>\n\t\t\t\t\t\t\t\t\t<h3 itemprop=\"headline\">\n\t\t\t\t\t\t\t\t\t\t\t\t\t<a href=\"https:\/\/packetcim.com\/en\/urunlerimiz\/kagit\/kese-kagidi\/\" title=\"Handleless Paper Bag(Food Grade Sos Bag)\">\n\t\t\t\t\t\t\t\t\t\t\t\t\t\tHandleless Paper Bag(Food Grade Sos Bag)\t\t\t\t\t\t\t\t\t\t\t\t\t<\/a>\n\t\t\t\t\t\t\t\t\t\t\t<\/h3>\n    <a href=\"https:\/\/packetcim.com\/en\/urunlerimiz\/kagit\/kese-kagidi\/\" title=\"Handleless Paper Bag(Food Grade Sos Bag)\">More Than \u2192<\/a>\n\t<meta itemscope itemprop=\"mainEntityOfPage\" itemtype=\"https:\/\/schema.org\/WebPage\" itemid=\"https:\/\/packetcim.com\/urunlerimiz\/kagit\/sarim-kagidi\/\" content=\"Sar\u0131m Ka\u011f\u0131d\u0131\" \/><meta itemprop=\"datePublished\" content=\"2024-11-07\" \/><meta itemprop=\"dateModified\" content=\"2025-03-27\" \/><meta itemprop=\"name\" content=\"Packetcim Ambalaj\u00ae\"\/><meta itemprop=\"url\" content=\"https:\/\/packetcim.com\/wp-content\/uploads\/2025\/03\/packetcim-logo-03.png\"\/><meta itemprop=\"url\" content=\"https:\/\/packetcim.com\/author\/bora\/\" \/><meta itemprop=\"name\" content=\"Bora Y\u0131ld\u0131r\u0131m\" \/><meta itemprop=\"url\" content=\"https:\/\/packetcim.com\/wp-content\/uploads\/2025\/03\/fast-food-sarim-kagidi.webp\" \/><meta itemprop=\"width\" content=\"1000\" \/><meta itemprop=\"height\" content=\"1000\" \/><meta itemprop=\"interactionType\" content=\"https:\/\/schema.org\/CommentAction\" \/><meta itemprop=\"userInteractionCount\" content=\"0\" \/>\n\t\t\t\t<a href=\"https:\/\/packetcim.com\/en\/urunlerimiz\/kagit\/sarim-kagidi\/\" target=\"_self\" itemprop=\"url\">\n\t\t\t\t<img loading=\"lazy\" decoding=\"async\" src=\"https:\/\/packetcim.com\/wp-content\/uploads\/2025\/03\/fast-food-sarim-kagidi.webp\" alt=\"fast-food-sarim-kagidi\" itemprop=\"image\" data-no-lazy=\"1\" height=\"1000\" width=\"1000\" title=\"fast-food-sarim-kagidi\" onerror=\"this.style.display='none'\"  \/>\n\t\t\t\t<\/a>\n\t\t\t\t\t\t\t\t\t<h3 itemprop=\"headline\">\n\t\t\t\t\t\t\t\t\t\t\t\t\t<a href=\"https:\/\/packetcim.com\/en\/urunlerimiz\/kagit\/sarim-kagidi\/\" title=\"Wrapping Paper Sheet\">\n\t\t\t\t\t\t\t\t\t\t\t\t\t\tWrapping Paper Sheet\t\t\t\t\t\t\t\t\t\t\t\t\t<\/a>\n\t\t\t\t\t\t\t\t\t\t\t<\/h3>\n    <a href=\"https:\/\/packetcim.com\/en\/urunlerimiz\/kagit\/sarim-kagidi\/\" title=\"Wrapping Paper Sheet\">More Than \u2192<\/a>\n\t\t<!-- .pp-content-posts -->\n\t<a href=\"https:\/\/packetcim.com\/en\/iletisim\/\" target=\"_self\" role=\"button\" aria-label=\"For more information, contact us\">\n\t\t\t\tDaha fazla bilgi i\u00e7in l\u00fctfen bizimle ileti\u015fime ge\u00e7in!\n\t\t\t\t\tAkl\u0131n\u0131za tak\u0131lan her \u015fey i\u00e7in l\u00fctfen bizimle ileti\u015fime ge\u00e7in, size destek olal\u0131m.\n\t\t\t<\/a>\n\t\t\t\t<img loading=\"lazy\" decoding=\"async\" src=\"https:\/\/packetcim.com\/wp-content\/uploads\/2025\/03\/packetcim-logo-02.png\" alt=\"packetcim-logo-02\" itemprop=\"image\" height=\"358\" width=\"1097\" title=\"packetcim-logo-02\" onerror=\"this.style.display='none'\"  \/>\n\t<p><strong>Packetcim<\/strong>\u00a0is a full-service, customer-focused packaging supply company. We are dedicated to providing superior products and service at an affordable price.<\/p>\n<h2>\n\t\tQuick Menu\n\t<\/h2>\n<h2>\n\t\tProduct Range\n\t<\/h2>\n<h2>\n\t\tContact\n\t<\/h2>\n\t<p>\u00a9 Copyright 2024 <strong>Packetcim Ambalaj<\/strong><\/p>\n\t<p>Web Design <strong><a href=\"http:\/\/www.artmedigital.com\">ArtMe Digital<\/a><a href=\"http:\/\/www.artmedigital.com\/\">\u00ae<\/a><\/strong><\/p>","protected":false},"excerpt":{"rendered":"<p>Burgu Sapl\u0131 Kraft \u00c7anta Daha &hellip;<\/p>\n<p class=\"read-more\"> <a class=\"\" href=\"https:\/\/packetcim.com\/en\/urunlerimiz\/kagit\/\"> <span class=\"screen-reader-text\">Paper<\/span> Read More \u00bb<\/a><\/p>","protected":false},"author":13,"featured_media":0,"parent":1755,"menu_order":0,"comment_status":"closed","ping_status":"closed","template":"","meta":{"site-sidebar-layout":"no-sidebar","site-content-layout":"page-builder","ast-global-header-display":"","ast-main-header-display":"","ast-hfb-above-header-display":"","ast-hfb-below-header-display":"","ast-hfb-mobile-header-display":"","site-post-title":"disabled","ast-breadcrumbs-content":"","ast-featured-img":"disabled","footer-sml-layout":"","theme-transparent-header-meta":"default","adv-header-id-meta":"","stick-header-meta":"default","header-above-stick-meta":"","header-main-stick-meta":"","header-below-stick-meta":"","_joinchat":[],"footnotes":""},"class_list":["post-3663","page","type-page","status-publish","hentry"],"_links":{"self":[{"href":"https:\/\/packetcim.com\/en\/wp-json\/wp\/v2\/pages\/3663","targetHints":{"allow":["GET"]}}],"collection":[{"href":"https:\/\/packetcim.com\/en\/wp-json\/wp\/v2\/pages"}],"about":[{"href":"https:\/\/packetcim.com\/en\/wp-json\/wp\/v2\/types\/page"}],"author":[{"embeddable":true,"href":"https:\/\/packetcim.com\/en\/wp-json\/wp\/v2\/users\/13"}],"replies":[{"embeddable":true,"href":"https:\/\/packetcim.com\/en\/wp-json\/wp\/v2\/comments?post=3663"}],"version-history":[{"count":0,"href":"https:\/\/packetcim.com\/en\/wp-json\/wp\/v2\/pages\/3663\/revisions"}],"up":[{"embeddable":true,"href":"https:\/\/packetcim.com\/en\/wp-json\/wp\/v2\/pages\/1755"}],"wp:attachment":[{"href":"https:\/\/packetcim.com\/en\/wp-json\/wp\/v2\/media?parent=3663"}],"curies":[{"name":"wp","href":"https:\/\/api.w.org\/{rel}","templated":true}]}}