{"id":2132,"date":"2022-09-20T14:33:19","date_gmt":"2022-09-20T14:33:19","guid":{"rendered":"https:\/\/packetcim.com\/?page_id=2132"},"modified":"2025-03-27T09:33:23","modified_gmt":"2025-03-27T09:33:23","slug":"home","status":"publish","type":"page","link":"https:\/\/packetcim.com\/en\/","title":{"rendered":"Home"},"content":{"rendered":"<img loading=\"lazy\" decoding=\"async\" src=\"https:\/\/packetcim.com\/wp-content\/uploads\/2025\/03\/about-image-anasayfa-scaled.webp\" alt=\"about-image-anasayfa\" itemprop=\"image\" height=\"2560\" width=\"2364\" title=\"about-image-anasayfa\" onerror=\"this.style.display='none'\"  \/>\n<h2>\n\t\tAbout Us\n\t<\/h2>\n\t<p><strong>Packetcim<\/strong> is a packaging firm who serves to supply to partners' packaging needs and focus the customers' packaging demands.\nMaintaining a customer viewpoint, we are dedicated to supplying products of the highest quality yet at a reasonable price for ultimate customer satisfaction.Founded in 2021 by Mr. &amp; Mrs. \u015eahin, we have performed to our partners supplying the most suited to their needs and effectively costed packaging  thanks to the Knowhow and experience in packaging industry.<\/p>\n\t\t\t<h3>Vision<\/h3>\t\t\t\n\t\t\t\t<p>To be a global leading brand in the packaging industry with sustainability, quality and technological innovation.<\/p>\n\t\t\t<h3>Mission<\/h3>\t\t\t\n\t\t\t\t<p>To offer innovative, sustainable and high qualified packaging solutions to different sectors, while prioritizing environmental responsibility and customer satisfaction.<\/p>\n\t\t\t<a href=\"https:\/\/packetcim.com\/en\/kurumsal\/\" target=\"_self\"   role=\"button\">\n\t\t\t\t\t\t\tMore\n\t\t<\/a>\n\t\t\t\t<img loading=\"lazy\" decoding=\"async\" src=\"https:\/\/packetcim.com\/wp-content\/uploads\/2025\/03\/packetcim-logo-01.png\" alt=\"packetcim-logo-01\" itemprop=\"image\" height=\"318\" width=\"1089\" title=\"packetcim-logo-01\" onerror=\"this.style.display='none'\"  \/>\n<h2>\n\t\tSustainable Packaging, <br \/>Green Future\n\t<\/h2>\n\t<p>We offer environmentally friendly, innovative packaging solutions. Packaging produced with sustainability principles is a part of our mission to protect the future without harming the environment.<\/p>\n\t\t\t<a href=\"https:\/\/packetcim.com\/en\/iletisim\/\" target=\"_self\"   role=\"button\">\n\t\t\t\t\t\t\tContact us\n\t\t<\/a>\n\t\t\t\t<img loading=\"lazy\" decoding=\"async\" src=\"https:\/\/packetcim.com\/wp-content\/uploads\/2025\/03\/digital-screen-with-environment-day-scaled.webp\" alt=\"digital-screen-with-environment-day\" itemprop=\"image\" height=\"2048\" width=\"2560\" title=\"digital-screen-with-environment-day\" onerror=\"this.style.display='none'\"  \/>\n<h2>\n\t\tProduct Range\n\t<\/h2>\n\t\t\t\t\t\t<a href=\"https:\/\/packetcim.com\/en\/urunlerimiz\/plastik\/\" target=\"_self\">\n\t\t\t\t\t\t\t<img decoding=\"async\" src=\"https:\/\/packetcim.com\/wp-content\/uploads\/2025\/03\/plastic-p.png\" alt=\"plastic-p\" \/>\n\t\t\t\t\t\t<\/a>\n\t\t<h4>PLASTIC<\/h4>\n\t\t\t\t<a href=\"https:\/\/packetcim.com\/en\/urunlerimiz\/plastik\/\" role=\"button\" target=\"_self\">\n\t\t\t\t\t\t\t\t\t\tSee Products\t\t\t\t\t\t\t\t\t\t\t\n\t\t\t\t\t\t\t\t\t<\/a>\n\t\t\t\t\t\t<a href=\"https:\/\/packetcim.com\/en\/urunlerimiz\/kagit\/\" target=\"_self\">\n\t\t\t\t\t\t\t<img decoding=\"async\" src=\"https:\/\/packetcim.com\/wp-content\/uploads\/2025\/03\/paper-p.png\" alt=\"paper-p\" \/>\n\t\t\t\t\t\t<\/a>\n\t\t<h4>PAPER<\/h4>\n\t\t\t\t<a href=\"https:\/\/packetcim.com\/en\/urunlerimiz\/kagit\/\" role=\"button\" target=\"_self\">\n\t\t\t\t\t\t\t\t\t\tSee Products\t\t\t\t\t\t\t\t\t\t\t\n\t\t\t\t\t\t\t\t\t<\/a>\n\t\t\t\t\t\t<a href=\"https:\/\/packetcim.com\/en\/urunlerimiz\/non-woven\/\" target=\"_self\">\n\t\t\t\t\t\t\t<img decoding=\"async\" src=\"https:\/\/packetcim.com\/wp-content\/uploads\/2025\/03\/carton-p.png\" alt=\"carton-p\" \/>\n\t\t\t\t\t\t<\/a>\n\t\t<h4>CARTON<\/h4>\n\t\t\t\t<a href=\"https:\/\/packetcim.com\/en\/urunlerimiz\/non-woven\/\" role=\"button\" target=\"_self\">\n\t\t\t\t\t\t\t\t\t\tSee Products\t\t\t\t\t\t\t\t\t\t\t\n\t\t\t\t\t\t\t\t\t<\/a>\n\t\t\t\t\t\t<a href=\"https:\/\/packetcim.com\/en\/urunlerimiz\/non-woven\/\" target=\"_self\">\n\t\t\t\t\t\t\t<img decoding=\"async\" src=\"https:\/\/packetcim.com\/wp-content\/uploads\/2025\/03\/woven-p.png\" alt=\"woven-p\" \/>\n\t\t\t\t\t\t<\/a>\n\t\t<h4>WOWEN<\/h4>\n\t\t\t<p>WOVEN FABRIC<\/p>\t\t\n\t\t\t\t<a href=\"https:\/\/packetcim.com\/en\/urunlerimiz\/non-woven\/\" role=\"button\" target=\"_self\">\n\t\t\t\t\t\t\t\t\t\tSee Products\t\t\t\t\t\t\t\t\t\t\t\n\t\t\t\t\t\t\t\t\t<\/a>\n\t\t\t<a href=\"https:\/\/packetcim.com\/en\/urunlerimiz\/\" target=\"_self\"   role=\"button\">\n\t\t\t\t\t\t\tOther Products\n\t\t<\/a>\n<h2>\n\t\tGrowing Statistics\n\t<\/h2>\n\t\t\t\t\t\t\t<img decoding=\"async\" src=\"https:\/\/packetcim.com\/wp-content\/uploads\/2025\/03\/project.png\" alt=\"project\" \/>\n\t\t<h4>30+<\/h4>\n\t\t\t<p>Projects<\/p>\t\t\n\t\t\t\t\t\t\t<img decoding=\"async\" src=\"https:\/\/packetcim.com\/wp-content\/uploads\/2025\/03\/quality.png\" alt=\"quality\" \/>\n\t\t<h4>10K<\/h4>\n\t\t\t<p>Years Experience<\/p>\t\t\n\t\t\t\t\t\t\t<img decoding=\"async\" src=\"https:\/\/packetcim.com\/wp-content\/uploads\/2025\/03\/rating.png\" alt=\"rating\" \/>\n\t\t<h4>100%<\/h4>\n\t\t\t<p>Satisfied Customers<\/p>\t\t\n\t\t\t\t\t\t\t<img decoding=\"async\" src=\"https:\/\/packetcim.com\/wp-content\/uploads\/2025\/03\/brand.png\" alt=\"brand\" \/>\n\t\t<h4>12<\/h4>\n\t\t\t<p>Trust in Leading Brands<\/p>\t\t\n\t<a href=\"https:\/\/packetcim.com\/en\/iletisim\/\" target=\"_self\" role=\"button\" aria-label=\"For more information, contact us\">\n\t\t\t\tDaha fazla bilgi i\u00e7in l\u00fctfen bizimle ileti\u015fime ge\u00e7in!\n\t\t\t\t\tAkl\u0131n\u0131za tak\u0131lan her \u015fey i\u00e7in l\u00fctfen bizimle ileti\u015fime ge\u00e7in, size destek olal\u0131m.\n\t\t\t<\/a>\n\t\t\t\t<img loading=\"lazy\" decoding=\"async\" src=\"https:\/\/packetcim.com\/wp-content\/uploads\/2025\/03\/packetcim-logo-02.png\" alt=\"packetcim-logo-02\" itemprop=\"image\" height=\"358\" width=\"1097\" title=\"packetcim-logo-02\" onerror=\"this.style.display='none'\"  \/>\n\t<p><strong>Packetcim<\/strong>\u00a0is a full-service, customer-focused packaging supply company. We are dedicated to providing superior products and service at an affordable price.<\/p>\n<h2>\n\t\tQuick Menu\n\t<\/h2>\n<h2>\n\t\tProduct Range\n\t<\/h2>\n<h2>\n\t\tContact\n\t<\/h2>\n\t<p>\u00a9 Copyright 2024 <strong>Packetcim Ambalaj<\/strong><\/p>\n\t<p>Web Design <strong><a href=\"http:\/\/www.artmedigital.com\">ArtMe Digital<\/a><a href=\"http:\/\/www.artmedigital.com\/\">\u00ae<\/a><\/strong><\/p>","protected":false},"excerpt":{"rendered":"<p>Hakk\u0131m\u0131zda Packetcim tam hizmet veren, &hellip;<\/p>\n<p class=\"read-more\"> <a class=\"\" href=\"https:\/\/packetcim.com\/en\/\"> <span class=\"screen-reader-text\">Home<\/span> Read More \u00bb<\/a><\/p>","protected":false},"author":13,"featured_media":0,"parent":0,"menu_order":0,"comment_status":"closed","ping_status":"closed","template":"","meta":{"site-sidebar-layout":"no-sidebar","site-content-layout":"page-builder","ast-global-header-display":"","ast-main-header-display":"","ast-hfb-above-header-display":null,"ast-hfb-below-header-display":null,"ast-hfb-mobile-header-display":"","site-post-title":"disabled","ast-breadcrumbs-content":null,"ast-featured-img":"disabled","footer-sml-layout":"","theme-transparent-header-meta":"default","adv-header-id-meta":"","stick-header-meta":"default","header-above-stick-meta":null,"header-main-stick-meta":"","header-below-stick-meta":null,"_joinchat":[],"footnotes":""},"class_list":["post-2132","page","type-page","status-publish","hentry"],"_links":{"self":[{"href":"https:\/\/packetcim.com\/en\/wp-json\/wp\/v2\/pages\/2132","targetHints":{"allow":["GET"]}}],"collection":[{"href":"https:\/\/packetcim.com\/en\/wp-json\/wp\/v2\/pages"}],"about":[{"href":"https:\/\/packetcim.com\/en\/wp-json\/wp\/v2\/types\/page"}],"author":[{"embeddable":true,"href":"https:\/\/packetcim.com\/en\/wp-json\/wp\/v2\/users\/13"}],"replies":[{"embeddable":true,"href":"https:\/\/packetcim.com\/en\/wp-json\/wp\/v2\/comments?post=2132"}],"version-history":[{"count":0,"href":"https:\/\/packetcim.com\/en\/wp-json\/wp\/v2\/pages\/2132\/revisions"}],"wp:attachment":[{"href":"https:\/\/packetcim.com\/en\/wp-json\/wp\/v2\/media?parent=2132"}],"curies":[{"name":"wp","href":"https:\/\/api.w.org\/{rel}","templated":true}]}}