{"id":2023,"date":"2022-09-19T17:44:30","date_gmt":"2022-09-19T17:44:30","guid":{"rendered":"https:\/\/packetcim.com\/?page_id=2023"},"modified":"2025-04-03T13:47:30","modified_gmt":"2025-04-03T13:47:30","slug":"kurumsal","status":"publish","type":"page","link":"https:\/\/packetcim.com\/en\/kurumsal\/","title":{"rendered":"Corporate"},"content":{"rendered":"<h2>\n\t\tCorporate\n\t<\/h2>\n\t<div class=\"ast-breadcrumbs-wrapper\">\r\n\t\t\t<div class=\"ast-breadcrumbs-inner\"><nav role=\"navigation\" aria-label=\"Breadcrumbs\" class=\"breadcrumb-trail breadcrumbs\" ><div class=\"ast-breadcrumbs\"><ul class=\"trail-items\" ><li  class=\"trail-item trail-end\"><span><a href=\"https:\/\/packetcim.com\/en\/\" rel=\"home\"><span >Home<\/span><\/a><\/span><\/li><\/ul><\/div><\/nav><\/div>\r\n\t\t<\/div>\n<h2>\n\t\tThe Best Packaging supplier  for Your company\n\t<\/h2>\n\t<p><strong>Packetcim<\/strong> tam hizmet veren, m\u00fc\u015fteri odakl\u0131 bir ambalaj tedarik \u015firketidir. Kendimizi uygun fiyata \u00fcst\u00fcn \u00fcr\u00fcn ve hizmet sunmaya adad\u0131k. Bay &amp; Bayan \u015eahin taraf\u0131ndan 2021 y\u0131l\u0131nda kurulmu\u015f olup, ambalajlama tecr\u00fcbesi sayesinde m\u00fc\u015fterilerimizin ihtiya\u00e7lar\u0131n\u0131 m\u00fckemmel ve uygun maliyetli bir \u015fekilde kar\u015f\u0131lad\u0131k. 25&#8217;ten fazla uluslararas\u0131 fabrika ve \u00fclke \u00e7ap\u0131nda emrimizde olan \u00e7ok say\u0131da depo ile, <strong>Packetcim<\/strong> help you? He can make to parners  Manufacture and deliverted  all kinds of packaging items in the most cost-effective way possible, without ever compromising on quality. Our team is dedicated to one thing: your product. The options of packaging  for <strong>Packetcim<\/strong> are endless; we can make produce any packaging item you need. <strong>Packetcim<\/strong>&#8216;in yenilik\u00e7i personeli, m\u00fc\u015fterilerimiz i\u00e7in en d\u00fc\u015f\u00fck fiyat noktas\u0131n\u0131 elde etmek amac\u0131yla tarifeler ve g\u00fcmr\u00fck yasalar\u0131 da dahil olmak \u00fczere t\u00fcm lojistik ayr\u0131nt\u0131lar\u0131 koordine etmek i\u00e7in dehalar\u0131n\u0131 kullan\u0131r. Her sipari\u015f bizim i\u00e7in \u00f6nemlidir ve bu nedenle tam m\u00fc\u015fteri memnuniyetini sa\u011flamak i\u00e7in her zaman ekstra yol kat ediyoruz.<\/p>\n\t\t\t\t<img decoding=\"async\" src=\"https:\/\/packetcim.com\/wp-content\/uploads\/2024\/11\/telephone-call.png\" alt=\"telephone-call\" title=\"telephone-call\" itemprop=\"image\"\/>\n\t\t\t<h3>Call Anytime<\/h3>\t\t\t\n\t\t\t\t<p>+90 506 995 49 52<\/p>\n\t\t\t\t<img loading=\"lazy\" decoding=\"async\" src=\"https:\/\/packetcim.com\/wp-content\/uploads\/2025\/03\/logo_about.webp\" alt=\"logo_about\" itemprop=\"image\" height=\"2126\" width=\"2560\" title=\"logo_about\" onerror=\"this.style.display='none'\"  \/>\n\t\t\t\t<img loading=\"lazy\" decoding=\"async\" src=\"https:\/\/packetcim.com\/wp-content\/uploads\/2025\/03\/about-2.webp\" alt=\"about-2\" itemprop=\"image\" height=\"1707\" width=\"2560\" title=\"about-2\" onerror=\"this.style.display='none'\"  \/>\n<h2>\n\t\tVizyon &#038; Misyon\n\t<\/h2>\n\t<p><strong>Packetcim<\/strong>, \u00e7e\u015fitli end\u00fcstriler i\u00e7in \u00f6zel olarak tasarlanm\u0131\u015f y\u00fcksek kaliteli \u00fcr\u00fcnler sunan, yenilik\u00e7i ambalaj \u00e7\u00f6z\u00fcmlerinin g\u00fcvenilir bir tedarik\u00e7isidir. M\u00fckemmelli\u011fe ve s\u00fcrd\u00fcr\u00fclebilirli\u011fe olan ba\u011fl\u0131l\u0131\u011f\u0131m\u0131zla, T\u00fcrkiye&#8217;den d\u00fcnyaya g\u00fcvenilir hizmet sunuyoruz.<\/p>\n\t<p>Vision<\/p>\n\t<p>To be a global leader in the packaging industry, recognized for our commitment to quality, technological advancement and sustainable practices that contribute to a greener future for future generations.<\/p>\n\t<p>Mission<\/p>\n\t<p>To offer innovative, sustainable and high qualified packaging solutions to different sectors, while prioritizing environmental responsibility and customer satisfaction.<\/p>\n<h2>\n\t\tYour Reliable Partner in<br \/>Qualified  Packaging Solutions\n\t<\/h2>\n<h2>\n\t\tRaise Your Packaging Standards\n\t<\/h2>\n\t<p>We offer reliable and high-quality packaging goods  to our business partners with combination of  durability and aesthetics.<\/p>\n\t<p><a href=\"https:\/\/packetcim.com\/en\/iletisim\/\">Start Now!<\/a><\/p>\n<h2>\n\t\tQuality in Production, Confidence in Design\n\t<\/h2>\n\t<p>We serve to our partners producing Premium quality  by designing unique and  different artworks  thanks to our experienced design team.<\/p>\n\t<p><a href=\"https:\/\/packetcim.com\/en\/iletisim\/\">Start Now!<\/a><\/p>\n<h2>\n\t\tPremium Packaging on Your Click\n\t<\/h2>\n\t<p>T\u00fcrkiye&#8217;den Avrupa ve ABD pazar\u0131na uzanan ambalaj \u00fcr\u00fcnlerimizle her sekt\u00f6rde g\u00fcc\u00fcm\u00fcz\u00fc b\u00fcy\u00fctmeye devam ediyoruz.<\/p>\n\t<p><a href=\"https:\/\/packetcim.com\/en\/iletisim\/\">Start Now!<\/a><\/p>\n\t<a href=\"https:\/\/packetcim.com\/en\/iletisim\/\" target=\"_self\" role=\"button\" aria-label=\"For more information, contact us\">\n\t\t\t\tDaha fazla bilgi i\u00e7in l\u00fctfen bizimle ileti\u015fime ge\u00e7in!\n\t\t\t\t\tAkl\u0131n\u0131za tak\u0131lan her \u015fey i\u00e7in l\u00fctfen bizimle ileti\u015fime ge\u00e7in, size destek olal\u0131m.\n\t\t\t<\/a>\n\t\t\t\t<img loading=\"lazy\" decoding=\"async\" src=\"https:\/\/packetcim.com\/wp-content\/uploads\/2025\/03\/packetcim-logo-02.png\" alt=\"packetcim-logo-02\" itemprop=\"image\" height=\"358\" width=\"1097\" title=\"packetcim-logo-02\" onerror=\"this.style.display='none'\"  \/>\n\t<p><strong>Packetcim<\/strong>\u00a0is a full-service, customer-focused packaging supply company. We are dedicated to providing superior products and service at an affordable price.<\/p>\n<h2>\n\t\tQuick Menu\n\t<\/h2>\n<h2>\n\t\tProduct Range\n\t<\/h2>\n<h2>\n\t\tContact\n\t<\/h2>\n\t<p>\u00a9 Copyright 2024 <strong>Packetcim Ambalaj<\/strong><\/p>\n\t<p>Web Design <strong><a href=\"http:\/\/www.artmedigital.com\">ArtMe Digital<\/a><a href=\"http:\/\/www.artmedigital.com\/\">\u00ae<\/a><\/strong><\/p>","protected":false},"excerpt":{"rendered":"<p>\u0130\u015fletmeniz \u0130\u00e7in En \u0130yi Se\u00e7im &hellip;<\/p>\n<p class=\"read-more\"> <a class=\"\" href=\"https:\/\/packetcim.com\/en\/kurumsal\/\"> <span class=\"screen-reader-text\">Corporate<\/span> Read More \u00bb<\/a><\/p>","protected":false},"author":13,"featured_media":0,"parent":0,"menu_order":0,"comment_status":"closed","ping_status":"closed","template":"","meta":{"site-sidebar-layout":"no-sidebar","site-content-layout":"page-builder","ast-global-header-display":"","ast-main-header-display":"","ast-hfb-above-header-display":null,"ast-hfb-below-header-display":null,"ast-hfb-mobile-header-display":"","site-post-title":"disabled","ast-breadcrumbs-content":null,"ast-featured-img":"disabled","footer-sml-layout":"","theme-transparent-header-meta":"default","adv-header-id-meta":"","stick-header-meta":"default","header-above-stick-meta":null,"header-main-stick-meta":"","header-below-stick-meta":null,"_joinchat":[],"footnotes":""},"class_list":["post-2023","page","type-page","status-publish","hentry"],"_links":{"self":[{"href":"https:\/\/packetcim.com\/en\/wp-json\/wp\/v2\/pages\/2023","targetHints":{"allow":["GET"]}}],"collection":[{"href":"https:\/\/packetcim.com\/en\/wp-json\/wp\/v2\/pages"}],"about":[{"href":"https:\/\/packetcim.com\/en\/wp-json\/wp\/v2\/types\/page"}],"author":[{"embeddable":true,"href":"https:\/\/packetcim.com\/en\/wp-json\/wp\/v2\/users\/13"}],"replies":[{"embeddable":true,"href":"https:\/\/packetcim.com\/en\/wp-json\/wp\/v2\/comments?post=2023"}],"version-history":[{"count":3,"href":"https:\/\/packetcim.com\/en\/wp-json\/wp\/v2\/pages\/2023\/revisions"}],"predecessor-version":[{"id":5333,"href":"https:\/\/packetcim.com\/en\/wp-json\/wp\/v2\/pages\/2023\/revisions\/5333"}],"wp:attachment":[{"href":"https:\/\/packetcim.com\/en\/wp-json\/wp\/v2\/media?parent=2023"}],"curies":[{"name":"wp","href":"https:\/\/api.w.org\/{rel}","templated":true}]}}