{"id":1759,"date":"2022-09-17T13:32:42","date_gmt":"2022-09-17T13:32:42","guid":{"rendered":"https:\/\/packetcim.com\/?page_id=1759"},"modified":"2025-03-27T09:03:01","modified_gmt":"2025-03-27T09:03:01","slug":"iletisim","status":"publish","type":"page","link":"https:\/\/packetcim.com\/en\/iletisim\/","title":{"rendered":"Contact"},"content":{"rendered":"<h2>\n\t\tContact\n\t<\/h2>\n\t<div class=\"ast-breadcrumbs-wrapper\">\r\n\t\t\t<div class=\"ast-breadcrumbs-inner\"><nav role=\"navigation\" aria-label=\"Breadcrumbs\" class=\"breadcrumb-trail breadcrumbs\" ><div class=\"ast-breadcrumbs\"><ul class=\"trail-items\" ><li  class=\"trail-item trail-end\"><span><a href=\"https:\/\/packetcim.com\/en\/\" rel=\"home\"><span >Home<\/span><\/a><\/span><\/li><\/ul><\/div><\/nav><\/div>\r\n\t\t<\/div>\n<h2>\n\t\tContact Us\n\t<\/h2>\n\t<p>Whatever you need our help with, we\u2019re here to give you a hand. Choose from the options below so we can point you in the right direction.<\/p>\n<h3>\n\t\tContact Information\n\t<\/h3>\n\tTo contact us quickly,<br \/>\nyou can send us an email or call us. We will assist you in the best way possible.\n<h3>\n\t\tSosyal Medya&#8217;da Biz;\n\t<\/h3>\n\t<iframe src=\"https:\/\/www.google.com\/maps\/embed\/v1\/place?q=Akkent+Mahallesi+134024+Nolu+Caddesi+%C3%9Csk%C3%BCdar+Evler+B+Blok+4%2FB+27+%C5%9Eahinbey%2FGAZ%C4%B0ANTEP&#038;key=AIzaSyD09zQ9PNDNNy9TadMuzRV_UsPUoWKntt8\" aria-hidden=\"true\"><\/iframe>\n\t<a href=\"https:\/\/packetcim.com\/en\/iletisim\/\" target=\"_self\" role=\"button\" aria-label=\"For more information, contact us\">\n\t\t\t\tDaha fazla bilgi i\u00e7in l\u00fctfen bizimle ileti\u015fime ge\u00e7in!\n\t\t\t\t\tAkl\u0131n\u0131za tak\u0131lan her \u015fey i\u00e7in l\u00fctfen bizimle ileti\u015fime ge\u00e7in, size destek olal\u0131m.\n\t\t\t<\/a>\n\t\t\t\t<img loading=\"lazy\" decoding=\"async\" src=\"https:\/\/packetcim.com\/wp-content\/uploads\/2025\/03\/packetcim-logo-02.png\" alt=\"packetcim-logo-02\" itemprop=\"image\" height=\"358\" width=\"1097\" title=\"packetcim-logo-02\" onerror=\"this.style.display='none'\"  \/>\n\t<p><strong>Packetcim<\/strong>\u00a0is a full-service, customer-focused packaging supply company. We are dedicated to providing superior products and service at an affordable price.<\/p>\n<h2>\n\t\tQuick Menu\n\t<\/h2>\n<h2>\n\t\tProduct Range\n\t<\/h2>\n<h2>\n\t\tContact\n\t<\/h2>\n\t<p>\u00a9 Copyright 2024 <strong>Packetcim Ambalaj<\/strong><\/p>\n\t<p>Web Design <strong><a href=\"http:\/\/www.artmedigital.com\">ArtMe Digital<\/a><a href=\"http:\/\/www.artmedigital.com\/\">\u00ae<\/a><\/strong><\/p>","protected":false},"excerpt":{"rendered":"<p>\u0130leti\u015fime Ge\u00e7in Bizimle ileti\u015fime ge\u00e7erek &hellip;<\/p>\n<p class=\"read-more\"> <a class=\"\" href=\"https:\/\/packetcim.com\/en\/iletisim\/\"> <span class=\"screen-reader-text\">Contact<\/span> Read More \u00bb<\/a><\/p>","protected":false},"author":13,"featured_media":0,"parent":0,"menu_order":0,"comment_status":"closed","ping_status":"closed","template":"","meta":{"site-sidebar-layout":"no-sidebar","site-content-layout":"page-builder","ast-global-header-display":"","ast-main-header-display":"","ast-hfb-above-header-display":null,"ast-hfb-below-header-display":null,"ast-hfb-mobile-header-display":"","site-post-title":"disabled","ast-breadcrumbs-content":null,"ast-featured-img":"disabled","footer-sml-layout":"","theme-transparent-header-meta":"default","adv-header-id-meta":"","stick-header-meta":"default","header-above-stick-meta":null,"header-main-stick-meta":"","header-below-stick-meta":null,"_joinchat":[],"footnotes":""},"class_list":["post-1759","page","type-page","status-publish","hentry"],"_links":{"self":[{"href":"https:\/\/packetcim.com\/en\/wp-json\/wp\/v2\/pages\/1759","targetHints":{"allow":["GET"]}}],"collection":[{"href":"https:\/\/packetcim.com\/en\/wp-json\/wp\/v2\/pages"}],"about":[{"href":"https:\/\/packetcim.com\/en\/wp-json\/wp\/v2\/types\/page"}],"author":[{"embeddable":true,"href":"https:\/\/packetcim.com\/en\/wp-json\/wp\/v2\/users\/13"}],"replies":[{"embeddable":true,"href":"https:\/\/packetcim.com\/en\/wp-json\/wp\/v2\/comments?post=1759"}],"version-history":[{"count":0,"href":"https:\/\/packetcim.com\/en\/wp-json\/wp\/v2\/pages\/1759\/revisions"}],"wp:attachment":[{"href":"https:\/\/packetcim.com\/en\/wp-json\/wp\/v2\/media?parent=1759"}],"curies":[{"name":"wp","href":"https:\/\/api.w.org\/{rel}","templated":true}]}}