{"id":1755,"date":"2022-09-17T13:32:40","date_gmt":"2022-09-17T13:32:40","guid":{"rendered":"https:\/\/packetcim.com\/?page_id=1755"},"modified":"2025-03-27T08:06:56","modified_gmt":"2025-03-27T08:06:56","slug":"urunlerimiz","status":"publish","type":"page","link":"https:\/\/packetcim.com\/en\/urunlerimiz\/","title":{"rendered":"Product Range"},"content":{"rendered":"<h2>\n\t\tProduct Range\n\t<\/h2>\n\t<div class=\"ast-breadcrumbs-wrapper\">\r\n\t\t\t<div class=\"ast-breadcrumbs-inner\"><nav role=\"navigation\" aria-label=\"Breadcrumbs\" class=\"breadcrumb-trail breadcrumbs\" ><div class=\"ast-breadcrumbs\"><ul class=\"trail-items\" ><li  class=\"trail-item trail-end\"><span><a href=\"https:\/\/packetcim.com\/en\/\" rel=\"home\"><span >Home<\/span><\/a><\/span><\/li><\/ul><\/div><\/nav><\/div>\r\n\t\t<\/div>\n\t\t\t\t\t\t<a href=\"https:\/\/packetcim.com\/en\/urunlerimiz\/plastik\/\" target=\"_self\">\n\t\t\t\t\t\t\t<img decoding=\"async\" src=\"https:\/\/packetcim.com\/wp-content\/uploads\/2025\/03\/plastic-p.png\" alt=\"plastic-p\" \/>\n\t\t\t\t\t\t<\/a>\n\t\t<h4>PLASTIC<\/h4>\n\t\t\t\t<a href=\"https:\/\/packetcim.com\/en\/urunlerimiz\/plastik\/\" role=\"button\" target=\"_self\">\n\t\t\t\t\t\t\t\t\t\tSee Products\t\t\t\t\t\t\t\t\t\t\t\n\t\t\t\t\t\t\t\t\t<\/a>\n\t\t\t\t\t\t<a href=\"https:\/\/packetcim.com\/en\/urunlerimiz\/fleksibil-ambalaj\/\" target=\"_self\">\n\t\t\t\t\t\t\t<img decoding=\"async\" src=\"https:\/\/packetcim.com\/wp-content\/uploads\/2025\/03\/flexible-p.png\" alt=\"flexible-p\" \/>\n\t\t\t\t\t\t<\/a>\n\t\t<h4>FLEXIBLE AMBALAJ<\/h4>\n\t\t\t\t<a href=\"https:\/\/packetcim.com\/en\/urunlerimiz\/fleksibil-ambalaj\/\" role=\"button\" target=\"_self\">\n\t\t\t\t\t\t\t\t\t\tSee Products\t\t\t\t\t\t\t\t\t\t\t\n\t\t\t\t\t\t\t\t\t<\/a>\n\t\t\t\t\t\t<a href=\"https:\/\/packetcim.com\/en\/urunlerimiz\/endustriyel-ambalaj\/\" target=\"_self\">\n\t\t\t\t\t\t\t<img decoding=\"async\" src=\"https:\/\/packetcim.com\/wp-content\/uploads\/2025\/03\/industry-p.png\" alt=\"industry-p\" \/>\n\t\t\t\t\t\t<\/a>\n\t\t<h4>END\u00dcSTR\u0130YEL AMBALAJ<\/h4>\n\t\t\t\t<a href=\"https:\/\/packetcim.com\/en\/urunlerimiz\/endustriyel-ambalaj\/\" role=\"button\" target=\"_self\">\n\t\t\t\t\t\t\t\t\t\tSee Products\t\t\t\t\t\t\t\t\t\t\t\n\t\t\t\t\t\t\t\t\t<\/a>\n\t\t\t\t\t\t<a href=\"https:\/\/packetcim.com\/en\/urunlerimiz\/tarimsal-ambalaj\/\" target=\"_self\">\n\t\t\t\t\t\t\t<img decoding=\"async\" src=\"https:\/\/packetcim.com\/wp-content\/uploads\/2025\/03\/farm-p.png\" alt=\"farm-p\" \/>\n\t\t\t\t\t\t<\/a>\n\t\t<h4>TARIMSAL AMBALAJ<\/h4>\n\t\t\t\t<a href=\"https:\/\/packetcim.com\/en\/urunlerimiz\/tarimsal-ambalaj\/\" role=\"button\" target=\"_self\">\n\t\t\t\t\t\t\t\t\t\tSee Products\t\t\t\t\t\t\t\t\t\t\t\n\t\t\t\t\t\t\t\t\t<\/a>\n\t\t\t\t\t\t<a href=\"https:\/\/packetcim.com\/en\/urunlerimiz\/kagit\/\" target=\"_self\">\n\t\t\t\t\t\t\t<img decoding=\"async\" src=\"https:\/\/packetcim.com\/wp-content\/uploads\/2025\/03\/paper-p.png\" alt=\"paper-p\" \/>\n\t\t\t\t\t\t<\/a>\n\t\t<h4>PAPER<\/h4>\n\t\t\t\t<a href=\"https:\/\/packetcim.com\/en\/urunlerimiz\/kagit\/\" role=\"button\" target=\"_self\">\n\t\t\t\t\t\t\t\t\t\tSee Products\t\t\t\t\t\t\t\t\t\t\t\n\t\t\t\t\t\t\t\t\t<\/a>\n\t\t\t\t\t\t<a href=\"https:\/\/packetcim.com\/en\/urunlerimiz\/karton\/\" target=\"_self\">\n\t\t\t\t\t\t\t<img decoding=\"async\" src=\"https:\/\/packetcim.com\/wp-content\/uploads\/2025\/03\/carton-p.png\" alt=\"carton-p\" \/>\n\t\t\t\t\t\t<\/a>\n\t\t<h4>CARTON<\/h4>\n\t\t\t\t<a href=\"https:\/\/packetcim.com\/en\/urunlerimiz\/karton\/\" role=\"button\" target=\"_self\">\n\t\t\t\t\t\t\t\t\t\tSee Products\t\t\t\t\t\t\t\t\t\t\t\n\t\t\t\t\t\t\t\t\t<\/a>\n\t\t\t\t\t\t<a href=\"https:\/\/packetcim.com\/en\/urunlerimiz\/nonwoventela\/\" target=\"_self\">\n\t\t\t\t\t\t\t<img decoding=\"async\" src=\"https:\/\/packetcim.com\/wp-content\/uploads\/2025\/03\/nonwoven-p.png\" alt=\"nonwoven-p\" \/>\n\t\t\t\t\t\t<\/a>\n\t\t<h4>NONWOVEN<\/h4>\n\t\t\t<p>(TELA)<\/p>\t\t\n\t\t\t\t<a href=\"https:\/\/packetcim.com\/en\/urunlerimiz\/nonwoventela\/\" role=\"button\" target=\"_self\">\n\t\t\t\t\t\t\t\t\t\tSee Products\t\t\t\t\t\t\t\t\t\t\t\n\t\t\t\t\t\t\t\t\t<\/a>\n\t\t\t\t\t\t<a href=\"https:\/\/packetcim.com\/en\/urunlerimiz\/woven-dokuma-kumas\/\" target=\"_self\">\n\t\t\t\t\t\t\t<img decoding=\"async\" src=\"https:\/\/packetcim.com\/wp-content\/uploads\/2025\/03\/woven-p.png\" alt=\"woven-p\" \/>\n\t\t\t\t\t\t<\/a>\n\t\t<h4>WOWEN<\/h4>\n\t\t\t<p>WOVEN FABRIC<\/p>\t\t\n\t\t\t\t<a href=\"https:\/\/packetcim.com\/en\/urunlerimiz\/woven-dokuma-kumas\/\" role=\"button\" target=\"_self\">\n\t\t\t\t\t\t\t\t\t\tSee Products\t\t\t\t\t\t\t\t\t\t\t\n\t\t\t\t\t\t\t\t\t<\/a>\n\t<a href=\"https:\/\/packetcim.com\/en\/iletisim\/\" target=\"_self\" role=\"button\" aria-label=\"For more information, contact us\">\n\t\t\t\tDaha fazla bilgi i\u00e7in l\u00fctfen bizimle ileti\u015fime ge\u00e7in!\n\t\t\t\t\tAkl\u0131n\u0131za tak\u0131lan her \u015fey i\u00e7in l\u00fctfen bizimle ileti\u015fime ge\u00e7in, size destek olal\u0131m.\n\t\t\t<\/a>\n\t\t\t\t<img loading=\"lazy\" decoding=\"async\" src=\"https:\/\/packetcim.com\/wp-content\/uploads\/2025\/03\/packetcim-logo-02.png\" alt=\"packetcim-logo-02\" itemprop=\"image\" height=\"358\" width=\"1097\" title=\"packetcim-logo-02\" onerror=\"this.style.display='none'\"  \/>\n\t<p><strong>Packetcim<\/strong>\u00a0is a full-service, customer-focused packaging supply company. We are dedicated to providing superior products and service at an affordable price.<\/p>\n<h2>\n\t\tQuick Menu\n\t<\/h2>\n<h2>\n\t\tProduct Range\n\t<\/h2>\n<h2>\n\t\tContact\n\t<\/h2>\n\t<p>\u00a9 Copyright 2024 <strong>Packetcim Ambalaj<\/strong><\/p>\n\t<p>Web Design <strong><a href=\"http:\/\/www.artmedigital.com\">ArtMe Digital<\/a><a href=\"http:\/\/www.artmedigital.com\/\">\u00ae<\/a><\/strong><\/p>","protected":false},"excerpt":{"rendered":"<p>PLAST\u0130K \u00dcr\u00fcnleri G\u00f6r FLEXIBLE AMBALAJ &hellip;<\/p>\n<p class=\"read-more\"> <a class=\"\" href=\"https:\/\/packetcim.com\/en\/urunlerimiz\/\"> <span class=\"screen-reader-text\">Product Range<\/span> Read More \u00bb<\/a><\/p>","protected":false},"author":13,"featured_media":0,"parent":0,"menu_order":0,"comment_status":"closed","ping_status":"closed","template":"","meta":{"site-sidebar-layout":"no-sidebar","site-content-layout":"page-builder","ast-global-header-display":"","ast-main-header-display":"","ast-hfb-above-header-display":null,"ast-hfb-below-header-display":null,"ast-hfb-mobile-header-display":"","site-post-title":"disabled","ast-breadcrumbs-content":null,"ast-featured-img":"disabled","footer-sml-layout":"","theme-transparent-header-meta":"default","adv-header-id-meta":"","stick-header-meta":"default","header-above-stick-meta":null,"header-main-stick-meta":"","header-below-stick-meta":null,"_joinchat":[],"footnotes":""},"class_list":["post-1755","page","type-page","status-publish","hentry"],"_links":{"self":[{"href":"https:\/\/packetcim.com\/en\/wp-json\/wp\/v2\/pages\/1755","targetHints":{"allow":["GET"]}}],"collection":[{"href":"https:\/\/packetcim.com\/en\/wp-json\/wp\/v2\/pages"}],"about":[{"href":"https:\/\/packetcim.com\/en\/wp-json\/wp\/v2\/types\/page"}],"author":[{"embeddable":true,"href":"https:\/\/packetcim.com\/en\/wp-json\/wp\/v2\/users\/13"}],"replies":[{"embeddable":true,"href":"https:\/\/packetcim.com\/en\/wp-json\/wp\/v2\/comments?post=1755"}],"version-history":[{"count":0,"href":"https:\/\/packetcim.com\/en\/wp-json\/wp\/v2\/pages\/1755\/revisions"}],"wp:attachment":[{"href":"https:\/\/packetcim.com\/en\/wp-json\/wp\/v2\/media?parent=1755"}],"curies":[{"name":"wp","href":"https:\/\/api.w.org\/{rel}","templated":true}]}}